{"id":3629,"date":"2021-02-25T00:17:51","date_gmt":"2021-02-24T23:17:51","guid":{"rendered":"http:\/\/entropie.org\/3615\/?page_id=3629"},"modified":"2022-11-19T21:45:22","modified_gmt":"2022-11-19T20:45:22","slug":"cybersecurite","status":"publish","type":"page","link":"https:\/\/entropie.org\/3615\/index.php\/liens\/cybersecurite\/","title":{"rendered":"CyberS\u00e9curit\u00e9"},"content":{"rendered":"<p><a href=\"https:\/\/www.ssi.gouv.fr\" rel=\"noopener noreferrer\" target=\"_blank\">ANSSI<\/a> : Agence Nationale de la S\u00e9curit\u00e9 des Syst\u00e8mes d&rsquo;Information => <a href=\"https:\/\/www.ssi.gouv.fr\/administration\/bonnes-pratiques\/\" rel=\"noopener noreferrer\" target=\"_blank\">Bonnes pratiques<\/a><br \/>\n<a href=\"https:\/\/www.eff.org\/\" rel=\"noopener noreferrer\" target=\"_blank\">EFF<\/a> : Electronic Frontier Fondation<br \/>\n<a href=\"https:\/\/guide.boum.org\" rel=\"noopener\" target=\"_blank\">Guide d&rsquo;autod\u00e9fense num\u00e9rique<\/a><br \/>\n<a href=\"https:\/\/www.hackingarticles.in\" rel=\"noopener\" target=\"_blank\">Hacking Articles<\/a> : Raj Chandel&rsquo;s Blog<br \/>\n<a href=\"https:\/\/www.leblogduhacker.fr\" rel=\"noopener noreferrer\" target=\"_blank\">Le Blog du Hacker<\/a> : Site de Michel Kartner<br \/>\n<a href=\"https:\/\/www.youtube.com\/channel\/UCV3alCf19e_sy7RFzKEuNpw\" rel=\"noopener\" target=\"_blank\">L&rsquo;Observatoire du Monde Cybern\u00e9tique<\/a> : Cha\u00eene YouTube<br \/>\n<a href=\"https:\/\/prism-break.org\/fr\/\" rel=\"noopener\" target=\"_blank\">PRISM Break<\/a> : Liste de logiciels et services alternatifs qui respecte vos libert\u00e9s<br \/>\n<a href=\"https:\/\/www.secnumacademie.gouv.fr\/\" rel=\"noopener\" target=\"_blank\">SecNum acad\u00e9mie<\/a> : MOOC de l&rsquo;ANSSI<br \/>\n<a href=\"https:\/\/www.zataz.com\" rel=\"noopener noreferrer\" target=\"_blank\">ZATAZ<\/a> : Blog de Damien Bancal<br \/>\n<a href=\"https:\/\/www.zenk-security.com\/\" rel=\"noopener\" target=\"_blank\">Zenk-Security<\/a> => <a href=\"https:\/\/wiki.zenk-security.com\" rel=\"noopener\" target=\"_blank\">Wiki<\/a><\/p>\n","protected":false},"excerpt":{"rendered":"<p>ANSSI : Agence Nationale de la S\u00e9curit\u00e9 des Syst\u00e8mes d&rsquo;Information => Bonnes pratiques EFF : Electronic Frontier Fondation Guide d&rsquo;autod\u00e9fense num\u00e9rique Hacking Articles : Raj Chandel&rsquo;s Blog Le Blog du Hacker : Site de Michel Kartner L&rsquo;Observatoire du Monde Cybern\u00e9tique : Cha\u00eene YouTube PRISM Break : Liste de logiciels et services alternatifs qui respecte vos &hellip; <a href=\"https:\/\/entropie.org\/3615\/index.php\/liens\/cybersecurite\/\" class=\"more-link\">Continuer la lecture<span class=\"screen-reader-text\"> de &laquo;&nbsp;CyberS\u00e9curit\u00e9&nbsp;&raquo;<\/span><\/a><\/p>\n","protected":false},"author":2,"featured_media":0,"parent":296,"menu_order":0,"comment_status":"closed","ping_status":"closed","template":"","meta":{"footnotes":""},"class_list":["post-3629","page","type-page","status-publish","hentry"],"_links":{"self":[{"href":"https:\/\/entropie.org\/3615\/index.php\/wp-json\/wp\/v2\/pages\/3629"}],"collection":[{"href":"https:\/\/entropie.org\/3615\/index.php\/wp-json\/wp\/v2\/pages"}],"about":[{"href":"https:\/\/entropie.org\/3615\/index.php\/wp-json\/wp\/v2\/types\/page"}],"author":[{"embeddable":true,"href":"https:\/\/entropie.org\/3615\/index.php\/wp-json\/wp\/v2\/users\/2"}],"replies":[{"embeddable":true,"href":"https:\/\/entropie.org\/3615\/index.php\/wp-json\/wp\/v2\/comments?post=3629"}],"version-history":[{"count":21,"href":"https:\/\/entropie.org\/3615\/index.php\/wp-json\/wp\/v2\/pages\/3629\/revisions"}],"predecessor-version":[{"id":5466,"href":"https:\/\/entropie.org\/3615\/index.php\/wp-json\/wp\/v2\/pages\/3629\/revisions\/5466"}],"up":[{"embeddable":true,"href":"https:\/\/entropie.org\/3615\/index.php\/wp-json\/wp\/v2\/pages\/296"}],"wp:attachment":[{"href":"https:\/\/entropie.org\/3615\/index.php\/wp-json\/wp\/v2\/media?parent=3629"}],"curies":[{"name":"wp","href":"https:\/\/api.w.org\/{rel}","templated":true}]}}