{"id":785,"date":"2019-01-21T21:21:28","date_gmt":"2019-01-21T20:21:28","guid":{"rendered":"http:\/\/entropie.org\/3615\/?page_id=785"},"modified":"2023-08-19T02:03:45","modified_gmt":"2023-08-19T00:03:45","slug":"retro-computing","status":"publish","type":"page","link":"https:\/\/entropie.org\/3615\/index.php\/liens\/retro-computing\/","title":{"rendered":"Retro computing"},"content":{"rendered":"<p><strong>MINITEL<\/strong><\/p>\n<p><a href=\"https:\/\/chapelierfou.org\/blog\/a-high-tech-minitel.html\" rel=\"noopener\" target=\"_blank\">A High-Tech Minitel<\/a><br \/>\n<a href=\"https:\/\/emeriaud.fr\/Minitel\/\" rel=\"noopener noreferrer\" target=\"_blank\">Architecture et fonctionnement du Minitel M1<\/a> : Document du CCETT (1984)<br \/>\n<a href=\"http:\/\/vtrm.net\/elec\/minitel\/fr\" rel=\"noopener noreferrer\" target=\"_blank\">Carte d&rsquo;extension pour Minitel 1B<\/a><br \/>\n<a href=\"https:\/\/www.jelora.fr\/post\/2017\/08\/07\/Teardown-Demontage-Minitel-1-Telic-Alcatel.html\" rel=\"noopener noreferrer\" target=\"_blank\">D\u00e9montage d&rsquo;un Minitel 1<\/a> : Par Jelora<br \/>\n<a href=\"http:\/\/www.jelora.fr\/post\/2017\/08\/01\/Teardown-Demontage-d-un-Minitel-2.html\" rel=\"noopener noreferrer\" target=\"_blank\">D\u00e9montage d&rsquo;un Minitel 2<\/a> : Par Jelora<br \/>\n<a href=\"https:\/\/forum.system-cfg.com\/viewtopic.php?f=5&#038;t=5470\" rel=\"noopener noreferrer\" target=\"_blank\">D\u00e9-programmation d&rsquo;obsolescence et reprogrammation<\/a> : Sur le forum system-cfg.com<br \/>\n<a href=\"http:\/\/hxc2001.free.fr\/minitel\" target=\"_blank\" rel=\"noopener noreferrer\">Etude technique du Minitel<\/a> =&gt; <a href=\"http:\/\/hxc2001.free.fr\/minitel\/Presentation_Etude_Minitel_2_FR_DE.pdf\" target=\"_blank\" rel=\"noopener noreferrer\">Pr\u00e9sentation<\/a><br \/>\n<a href=\"http:\/\/furrtek.free.fr\/?a=telinux\" target=\"_blank\" rel=\"noopener noreferrer\">Furrtek.org<\/a> : Transformer votre Minitel en un terminal s\u00e9rie Linux avec 5 composants<br \/>\n<a href=\"http:\/\/www.goto10.fr\" target=\"_blank\" rel=\"noopener noreferrer\">Goto10<\/a> : (French) BBS and Minitel Archives<br \/>\n<a href=\"https:\/\/phil242.wordpress.com\/2015\/11\/24\/grehack-2015-minitel-revival\/\" target=\"_blank\" rel=\"noopener noreferrer\">Grehack 2015, Minitel Revival<\/a><br \/>\n<a href=\"https:\/\/wiki.labomedia.org\/index.php\/Cat%C3%A9gorie:Minitel\" target=\"_blank\" rel=\"noopener noreferrer\">Labomedia<\/a> : Centre de ressources num\u00e9riques, cat\u00e9gorie Minitel<br \/>\n<a href=\"https:\/\/www.minitel-alcatel.fr\" rel=\"noopener\" target=\"_blank\">Le Minitel et Alcatel<\/a><br \/>\n<a href=\"http:\/\/www.pobot.org\/Le-mariage-des-annees-80-et-2010.html\" target=\"_blank\" rel=\"noopener noreferrer\">Mariage des ann\u00e9es 80 et 2010 (Le)<\/a> : Minitel + Raspberry Pi + Arduino + Bras Youpi<br \/>\n<a href=\"https:\/\/x0r.fr\/blog\/5\" rel=\"noopener noreferrer\" target=\"_blank\">Minitel comme terminal Linux<\/a><br \/>\n<a href=\"https:\/\/forum.museeminitel.fr\/t\/minitel-esp32-carte-peri-informatique-wifi-ble\/711\" rel=\"noopener\" target=\"_blank\">Minitel ESP32<\/a> : Par Iodeo<br \/>\n<a href=\"http:\/\/www.minitel.org\" target=\"_blank\" rel=\"noopener noreferrer\">Minitel.org<\/a> : La m\u00e9moire du Minitel<br \/>\n<a href=\"http:\/\/www.minitel.us\" target=\"_blank\" rel=\"noopener noreferrer\">Minitel Research Lab, USA<\/a><br \/>\n<a href=\"http:\/\/matthieu.benoit.free.fr\/minitel.htm\" rel=\"noopener noreferrer\" target=\"_blank\">http:\/\/matthieu.benoit.free.fr\/minitel.htm<\/a><br \/>\n<a href=\"http:\/\/www.museeminitel.fr\" target=\"_blank\" rel=\"noopener noreferrer\">Mus\u00e9e du Minitel<\/a><br \/>\n<a href=\"http:\/\/millevaches.hydraule.org\/info\/minitel\/specs\/\" target=\"_blank\" rel=\"noopener noreferrer\">Norme Videotex (La)<\/a><br \/>\n<a href=\"https:\/\/www.instructables.com\/Old-School-Minitel-Laptop\/\" rel=\"noopener\" target=\"_blank\">Old School Minitel Laptop<\/a><br \/>\n<a href=\"http:\/\/pafgadget.free.fr\/bidouillages\/minitel.htm\" target=\"_blank\" rel=\"noopener noreferrer\">PafGadget<\/a> : Minitel en RS-232<br \/>\n<a href=\"https:\/\/medium.com\/@cq94\/re-creation-annuaire-electronique-minitel-fb59a843e86c\" rel=\"noopener noreferrer\" target=\"_blank\">R\u00e9-cr\u00e9ation de l\u2019Annuaire \u00c9lectronique sur Minitel<\/a><br \/>\n<a href=\"http:\/\/www.cfp-radio.com\/realisations\/rea48\/minitel-01.html\" rel=\"noopener noreferrer\" target=\"_blank\">Recycler un ancien Minitel<\/a><br \/>\n<a href=\"https:\/\/www.jelora.fr\/post\/2020\/04\/12\/Sortie-video-composite-RGB-couleur-et-n-b-et-sortie-audio-pour-Minitel-1B.html\" target=\"_blank\" rel=\"noopener noreferrer\">Sortie vid\u00e9o composite \/ RGB couleur en N&#038;B et sortie audio pour Minitel 1B<\/a><br \/>\nSp\u00e9cifications Techniques d&rsquo;Utilisation du <a href=\"https:\/\/www.goto10.fr\/minitel\/specifications\/stum1b.pdf\" target=\"_blank\" rel=\"noopener noreferrer\">Minitel 1B<\/a> \/ <a href=\"https:\/\/wiki.labomedia.org\/images\/a\/ad\/STUM2.pdf\" target=\"_blank\" rel=\"noopener noreferrer\">Minitel 2<\/a><br \/>\n<a href=\"https:\/\/sites.google.com\/site\/telectroniques\/articles\/minitel\" rel=\"noopener noreferrer\" target=\"_blank\">Telectroniques<\/a><br \/>\n<a href=\"https:\/\/sitelec.org\/download.php?filename=archives\/teletransmission_minitel.pdf\" rel=\"noopener\" target=\"_blank\">T\u00e9l\u00e9transmission par Minitel<\/a><br \/>\n<a href=\"http:\/\/pila.fr\/wordpress\/?p=425\" target=\"_blank\" rel=\"noopener noreferrer\">Un Minitel comme terminal Linux USB<\/a><br \/>\n<a href=\"https:\/\/www.aplu.fr\/v2\/post\/2014\/01\/25\/Un-minitel-et-un-pc\" target=\"_blank\" rel=\"noopener noreferrer\">Un Minitel et un PC<\/a><br \/>\n<a href=\"https:\/\/blog.jgc.org\/2022\/03\/voiding-warranty-on-1993-minitel-2-to.html\" rel=\"noopener\" target=\"_blank\">Voiding the warranty on a 1993 Minitel 2 to run arbitrary firmware<\/a><br \/>\n<a href=\"https:\/\/wiki.pamal.org\/wiki\/LOGICIELS\" rel=\"noopener noreferrer\" target=\"_blank\">Wipibook<\/a> : Logiciels utilis&eacute;s par Pamal<br \/>\n<a href=\"http:\/\/zardos.fr\/\" rel=\"noopener\" target=\"_blank\">ZARDOS<\/a> : Ze ARDuino Operating System<br \/>\n<a href=\"https:\/\/projets-ima.plil.fr\/mediawiki\/index.php\/IMA4_2016\/2017_P44\" target=\"_blank\" rel=\"noopener noreferrer\">3615 Facebook<\/a><br \/>\n<a href=\"https:\/\/serveur-minitel-2019-3615-iut-auxerre.webnode.fr\/\" rel=\"noopener noreferrer\" target=\"_blank\">3615 IUT Auxerre<\/a><br \/>\n<a href=\"https:\/\/info.blaisepascal.fr\/3615-tuveuxmaphoto\" rel=\"noopener\" target=\"_blank\">3615 TuVeuxMaPhoto?<\/a><br \/>\n<a href=\"https:\/\/github.com\/gouz\/3615-Twitch\" rel=\"noopener\" target=\"_blank\">3615 Twitch<\/a><\/p>\n<hr \/>\n<p><strong>APPLE 1<\/strong><\/p>\n<p><a href=\"http:\/\/www.apple1.fr\" target=\"_blank\" rel=\"noopener noreferrer\">Apple 1<\/a> : Un projet de Damien De Meulemester<\/p>\n<hr \/>\n<p><strong>COMMODORE 64<\/strong><\/p>\n<p><a href=\"https:\/\/www.breadbox64.com\" target=\"_blank\" rel=\"noopener noreferrer\">Breadbox64<\/a><br \/>\n<a href=\"https:\/\/csdb.dk\" target=\"_blank\" rel=\"noopener noreferrer\">CSDb<\/a> : The C-64 Scene Database<br \/>\n<a href=\"https:\/\/commodore.bombjack.org\" target=\"_blank\" rel=\"noopener noreferrer\">DLH&rsquo;s Commodore Archive<\/a><br \/>\n<a href=\"https:\/\/cbm8bit.com\" target=\"_blank\" rel=\"noopener noreferrer\">Retro Computer Scene<\/a><br \/>\n<a href=\"http:\/\/vice-emu.sourceforge.net\" target=\"_blank\" rel=\"noopener noreferrer\">VICE<\/a> : Emulateur<br \/>\n<a href=\"http:\/\/zimmers.net\/commie\/index.html\" target=\"_blank\" rel=\"noopener noreferrer\">Zimmers<\/a><\/p>\n<hr \/>\n<p><strong>MATRA ALICE 90<\/strong><\/p>\n<p><a href=\"https:\/\/alice.system-cfg.com\" target=\"_blank\" rel=\"noopener noreferrer\">Le [wiki] d&rsquo;Alice<\/a><br \/>\n<a href=\"http:\/\/alice32.free.fr\" target=\"_blank\" rel=\"noopener noreferrer\">DCAlice<\/a><\/p>\n<hr \/>\n<p><strong>SINCLAIR ZX81<\/strong><\/p>\n<p><a href=\"http:\/\/zx81.ordi5.free.fr\" target=\"_blank\" rel=\"noopener noreferrer\">Ordi-5<\/a><\/p>\n<hr \/>\n<p><strong>THOMSON MO5<\/strong><\/p>\n<p><a href=\"http:\/\/dcmoto.free.fr\" target=\"_blank\" rel=\"noopener noreferrer\">DCMOTO<\/a><\/p>\n<hr \/>\n<p><strong>EXELVISION<\/strong><\/p>\n<p><a href=\"http:\/\/dcexel.free.fr\" target=\"_blank\" rel=\"noopener noreferrer\">DCEXEL<\/a><br \/>\n<a href=\"https:\/\/www.exelvision.fr\/\" target=\"_blank\" rel=\"noopener noreferrer\">Exelvision<\/a><\/p>\n<hr \/>\n<p><strong>PATRIMOINE NUM\u00c9RIQUE<\/strong><\/p>\n<p><a href=\"https:\/\/www.abandonware-france.org\" target=\"_blank\" rel=\"noopener noreferrer\">Abandonware France<\/a> : Histoire des vieux jeux vid\u00e9os et retrogaming<br \/>\n<a href=\"https:\/\/www.abandonware-magazines.org\" target=\"_blank\" rel=\"noopener noreferrer\">Abandonware Magazines<\/a><br \/>\n<a href=\"https:\/\/www.aconit.org\" target=\"_blank\" rel=\"noopener noreferrer\">Aconit<\/a> : Association de r\u00e9tro-informatique<br \/>\n<a href=\"http:\/\/www.ahti.fr\/\" rel=\"noopener\" target=\"_blank\">AHTI<\/a> : Association pour l&rsquo;Histoire des T\u00e9lecommunications et de l&rsquo;Informatique<br \/>\n<a href=\"https:\/\/armorhistel.org\" target=\"_blank\" rel=\"noopener noreferrer\">Armorhistel<\/a> : Association Armoricaine de Recherche Historique sur les T\u00e9l\u00e9communications => <a href=\"https:\/\/www.youtube.com\/channel\/UCGzzT-2elNd42KZf-J154ig\" rel=\"noopener\" target=\"_blank\">YouTube<\/a><br \/>\n<a href=\"http:\/\/www.feb-patrimoine.com\/\" rel=\"noopener\" target=\"_blank\">FEB-patrimoine<\/a> : Le site de la F\u00e9d\u00e9ration des Equipes Bull<br \/>\n<a href=\"https:\/\/forum.system-cfg.com\" target=\"_blank\" rel=\"noopener noreferrer\">Forum System.cfg<\/a> : Forum des collectionneurs et utilisateurs d&rsquo;ordinateurs anciens<br \/>\n<a href=\"https:\/\/www.m-e-g-a.org\/\" rel=\"noopener\" target=\"_blank\">MEGA<\/a> : Museum of Electronic Games &#038; Art<br \/>\n<a href=\"https:\/\/fr.1001mags.com\/magazine\/micro-systemes\" target=\"_blank\" rel=\"noopener noreferrer\">Micro Syst\u00e8mes<\/a> : Premi\u00e8re revue de micro-informatique en fran\u00e7ais<br \/>\n<a href=\"https:\/\/mo5.com\" target=\"_blank\" rel=\"noopener noreferrer\">MO5.COM<\/a> : Association de r\u00e9tro-informatique<br \/>\n<a href=\"http:\/\/silicium.org\" target=\"_blank\" rel=\"noopener noreferrer\">Silicium<\/a> : Association de r\u00e9tro-informatique<br \/>\n<a href=\"https:\/\/wda-fr.org\/\" rel=\"noopener\" target=\"_blank\">WDA<\/a><\/p>\n<hr \/>\n<p><strong>ASCII ART<\/strong><\/p>\n<p><a href=\"https:\/\/www.ascii-fr.com\" rel=\"noopener\" target=\"_blank\">https:\/\/www.ascii-fr.com<\/a><br \/>\n<a href=\"https:\/\/www.asciiart.eu\" rel=\"noopener\" target=\"_blank\">https:\/\/www.asciiart.eu<\/a><br \/>\n<a href=\"http:\/\/loveascii.com\" rel=\"noopener\" target=\"_blank\">http:\/\/loveascii.com<\/a><br \/>\n<a href=\"http:\/\/www.ascii-art.de\" rel=\"noopener\" target=\"_blank\">http:\/\/www.ascii-art.de<\/a><br \/>\n<a href=\"http:\/\/www.network-science.de\/ascii\/\" rel=\"noopener\" target=\"_blank\">http:\/\/www.network-science.de\/ascii\/<\/a><br \/>\n<a href=\"https:\/\/patorjk.com\/software\/taag\" rel=\"noopener\" target=\"_blank\">https:\/\/patorjk.com\/software\/taag<\/a><\/p>\n<hr \/>\n<p><strong>DIVERS<\/strong><\/p>\n<p><a href=\"https:\/\/www.kswichit.com\" target=\"_blank\" rel=\"noopener noreferrer\">Build Your Own Microcontroeller Projects<\/a><br \/>\n<a href=\"https:\/\/eightbitmagazine.com\" target=\"_blank\" rel=\"noopener noreferrer\">Eight Bit Magazine<\/a><br \/>\n<a href=\"https:\/\/www.gladir.com\" rel=\"noopener\" target=\"_blank\">Gladir<\/a> : Site de Sylvain Maltais<br \/>\n<a href=\"https:\/\/hackaday.io\/list\/2402-homebrew-computers\" target=\"_blank\" rel=\"noopener noreferrer\">Homebrew Computers<\/a><br \/>\n<a href=\"https:\/\/synthelectro-fr.blogspot.com\/2016\/12\/retro-computing.html\" target=\"_blank\" rel=\"noopener noreferrer\">Synthelectro<\/a><br \/>\n<a href=\"https:\/\/www.6502man.com\/Bricolages\/Bricolages_Home_made.html\" rel=\"noopener\" target=\"_blank\">6502MAN<\/a><\/p>\n","protected":false},"excerpt":{"rendered":"<p>MINITEL A High-Tech Minitel Architecture et fonctionnement du Minitel M1 : Document du CCETT (1984) Carte d&rsquo;extension pour Minitel 1B D\u00e9montage d&rsquo;un Minitel 1 : Par Jelora D\u00e9montage d&rsquo;un Minitel 2 : Par Jelora D\u00e9-programmation d&rsquo;obsolescence et reprogrammation : Sur le forum system-cfg.com Etude technique du Minitel =&gt; Pr\u00e9sentation Furrtek.org : Transformer votre Minitel en &hellip; <a href=\"https:\/\/entropie.org\/3615\/index.php\/liens\/retro-computing\/\" class=\"more-link\">Continuer la lecture<span class=\"screen-reader-text\"> de &laquo;&nbsp;Retro computing&nbsp;&raquo;<\/span><\/a><\/p>\n","protected":false},"author":2,"featured_media":0,"parent":296,"menu_order":0,"comment_status":"closed","ping_status":"closed","template":"","meta":{"footnotes":""},"class_list":["post-785","page","type-page","status-publish","hentry"],"_links":{"self":[{"href":"https:\/\/entropie.org\/3615\/index.php\/wp-json\/wp\/v2\/pages\/785"}],"collection":[{"href":"https:\/\/entropie.org\/3615\/index.php\/wp-json\/wp\/v2\/pages"}],"about":[{"href":"https:\/\/entropie.org\/3615\/index.php\/wp-json\/wp\/v2\/types\/page"}],"author":[{"embeddable":true,"href":"https:\/\/entropie.org\/3615\/index.php\/wp-json\/wp\/v2\/users\/2"}],"replies":[{"embeddable":true,"href":"https:\/\/entropie.org\/3615\/index.php\/wp-json\/wp\/v2\/comments?post=785"}],"version-history":[{"count":75,"href":"https:\/\/entropie.org\/3615\/index.php\/wp-json\/wp\/v2\/pages\/785\/revisions"}],"predecessor-version":[{"id":6383,"href":"https:\/\/entropie.org\/3615\/index.php\/wp-json\/wp\/v2\/pages\/785\/revisions\/6383"}],"up":[{"embeddable":true,"href":"https:\/\/entropie.org\/3615\/index.php\/wp-json\/wp\/v2\/pages\/296"}],"wp:attachment":[{"href":"https:\/\/entropie.org\/3615\/index.php\/wp-json\/wp\/v2\/media?parent=785"}],"curies":[{"name":"wp","href":"https:\/\/api.w.org\/{rel}","templated":true}]}}