{"id":789,"date":"2019-01-21T21:22:12","date_gmt":"2019-01-21T20:22:12","guid":{"rendered":"http:\/\/entropie.org\/3615\/?page_id=789"},"modified":"2024-02-17T18:53:52","modified_gmt":"2024-02-17T17:53:52","slug":"boutiques","status":"publish","type":"page","link":"https:\/\/entropie.org\/3615\/index.php\/liens\/boutiques\/","title":{"rendered":"Boutiques"},"content":{"rendered":"<p><a href=\"http:\/\/www.adafruit.com\" target=\"_blank\" rel=\"noopener noreferrer\">Adafruit<\/a> : Fabricant et distributeur am\u00e9ricain de mat\u00e9riel open source<br \/>\n<a href=\"https:\/\/fr.aliexpress.com\" target=\"_blank\" rel=\"noopener noreferrer\">AliExpress<\/a><br \/>\n<a href=\"http:\/\/www.conrad.fr\" target=\"_blank\" rel=\"noopener noreferrer\">Conrad<\/a> : Composants \u00e9lectroniques<br \/>\n<a href=\"http:\/\/www.c64psu.com\" target=\"_blank\" rel=\"noopener noreferrer\">C64PSU<\/a> : Alimentations pour Commodore 64<br \/>\n<a href=\"http:\/\/damengo.com\" target=\"_blank\" rel=\"noopener noreferrer\">Damengo<\/a> : D\u00e9coupe laser<br \/>\n<a href=\"https:\/\/www.ebay.fr\/n\/all-categories\/\" target=\"_blank\" rel=\"noopener noreferrer\">eBay<\/a><br \/>\n<a href=\"http:\/\/www.electronicase.com\" target=\"_blank\" rel=\"noopener noreferrer\">Electronicase<\/a> : Bo\u00eetiers plastiques sur mesure<br \/>\n<a href=\"http:\/\/fr.farnell.com\" target=\"_blank\" rel=\"noopener noreferrer\">Farnell<\/a> : Composants \u00e9lectroniques<br \/>\n<a href=\"http:\/\/fab.fritzing.org\" target=\"_blank\" rel=\"noopener noreferrer\">Fritzing Fab<\/a> : Circuits imprim\u00e9s<br \/>\n<a href=\"http:\/\/www.generationrobots.com\" target=\"_blank\" rel=\"noopener noreferrer\">G\u00e9n\u00e9ration Robots<\/a> : Robotique<br \/>\n<a href=\"http:\/\/www.gotronic.fr\" target=\"_blank\" rel=\"noopener noreferrer\">Go Tronic<\/a> : Composants \u00e9lectroniques<br \/>\n<a href=\"http:\/\/www.hitechnic.com\" target=\"_blank\" rel=\"noopener noreferrer\">HiTechnic<\/a> : Capteurs certifi\u00e9s LEGO<br \/>\n<a href=\"http:\/\/www.interface-z.com\" target=\"_blank\" rel=\"noopener noreferrer\">Interface-Z<\/a> : Capteurs et actionneurs pour installations artistiques interactives<br \/>\n<a href=\"https:\/\/jlcpcb.com\" rel=\"noopener noreferrer\" target=\"_blank\">JLCPCB<\/a> : Circuits imprim\u00e9s<br \/>\n<a href=\"https:\/\/hackerwarehouse.com\/\" rel=\"noopener\" target=\"_blank\">Hacker Warehouse<\/a> : Computer security shop<br \/>\n<a href=\"https:\/\/hak5.org\/\" rel=\"noopener\" target=\"_blank\">Hak5<\/a> : Hacking tools<br \/>\n<a href=\"https:\/\/lab401.com\/fr\/\" rel=\"noopener\" target=\"_blank\">Lab401<\/a> : Outils RFID et de pentesting \u00e9lectroniques<br \/>\n<a href=\"http:\/\/www.lextronic.fr\" target=\"_blank\" rel=\"noopener noreferrer\">Lextronic<\/a> : Composants \u00e9lectroniques<br \/>\n<a href=\"https:\/\/www.makershop.fr\/\" rel=\"noopener noreferrer\" target=\"_blank\">Makershop<\/a> : Fournitures pour l&rsquo;impression 3D<br \/>\n<a href=\"http:\/\/www.micro-modele.fr\" target=\"_blank\" rel=\"noopener noreferrer\">Micro-Mod\u00e8le<\/a> : Sp\u00e9cialiste de la micro-visserie<br \/>\n<a href=\"http:\/\/www.mindsensors.com\" target=\"_blank\" rel=\"noopener noreferrer\">Mindsensors<\/a> : Capteurs pour Mindstorms<br \/>\n<a href=\"http:\/\/www.mouser.fr\" target=\"_blank\" rel=\"noopener noreferrer\">Mouser<\/a> : Composants \u00e9lectroniques<br \/>\n<a href=\"http:\/\/www.passion-radio.fr\" target=\"_blank\" rel=\"noopener noreferrer\">Passion Radio Shop<\/a> : Boutique radioamateur<br \/>\n<a href=\"http:\/\/www.robot-advance.com\" target=\"_blank\" rel=\"noopener noreferrer\">Robot Advance<\/a> : Robotique<br \/>\n<a href=\"http:\/\/www.robotshop.com\/eu\/fr\/\" target=\"_blank\" rel=\"noopener noreferrer\">RobotShop<\/a> : Robotique<br \/>\n<a href=\"https:\/\/fr.rs-online.com\" target=\"_blank\" rel=\"noopener noreferrer\">RS Components<\/a> : Composants \u00e9lectroniques<br \/>\n<a href=\"http:\/\/www.sculpteo.com\" target=\"_blank\" rel=\"noopener noreferrer\">Sculpteo<\/a> : Impression 3D \/ D\u00e9coupe laser<br \/>\n<a href=\"https:\/\/www.sellmyretro.com\" target=\"_blank\" rel=\"noopener noreferrer\">Sell My Retro<\/a> : Retro computing<br \/>\n<a href=\"https:\/\/sneaktechnology.com\/\" rel=\"noopener\" target=\"_blank\">Sneak Technology<\/a> : Pentest Hardware<br \/>\n<a href=\"https:\/\/www.sparkfun.com\" target=\"_blank\" rel=\"noopener noreferrer\">SparkFun<\/a> : Fabricant et distributeur am\u00e9ricain de mat\u00e9riel open source<br \/>\n<a href=\"http:\/\/watterott.com\" target=\"_blank\" rel=\"noopener noreferrer\">Watterott electronic<\/a> : Distributeur allemand<\/p>\n","protected":false},"excerpt":{"rendered":"<p>Adafruit : Fabricant et distributeur am\u00e9ricain de mat\u00e9riel open source AliExpress Conrad : Composants \u00e9lectroniques C64PSU : Alimentations pour Commodore 64 Damengo : D\u00e9coupe laser eBay Electronicase : Bo\u00eetiers plastiques sur mesure Farnell : Composants \u00e9lectroniques Fritzing Fab : Circuits imprim\u00e9s G\u00e9n\u00e9ration Robots : Robotique Go Tronic : Composants \u00e9lectroniques HiTechnic : Capteurs certifi\u00e9s LEGO &hellip; <a href=\"https:\/\/entropie.org\/3615\/index.php\/liens\/boutiques\/\" class=\"more-link\">Continuer la lecture<span class=\"screen-reader-text\"> de &laquo;&nbsp;Boutiques&nbsp;&raquo;<\/span><\/a><\/p>\n","protected":false},"author":2,"featured_media":0,"parent":296,"menu_order":0,"comment_status":"closed","ping_status":"closed","template":"","meta":{"footnotes":""},"class_list":["post-789","page","type-page","status-publish","hentry"],"_links":{"self":[{"href":"https:\/\/entropie.org\/3615\/index.php\/wp-json\/wp\/v2\/pages\/789"}],"collection":[{"href":"https:\/\/entropie.org\/3615\/index.php\/wp-json\/wp\/v2\/pages"}],"about":[{"href":"https:\/\/entropie.org\/3615\/index.php\/wp-json\/wp\/v2\/types\/page"}],"author":[{"embeddable":true,"href":"https:\/\/entropie.org\/3615\/index.php\/wp-json\/wp\/v2\/users\/2"}],"replies":[{"embeddable":true,"href":"https:\/\/entropie.org\/3615\/index.php\/wp-json\/wp\/v2\/comments?post=789"}],"version-history":[{"count":36,"href":"https:\/\/entropie.org\/3615\/index.php\/wp-json\/wp\/v2\/pages\/789\/revisions"}],"predecessor-version":[{"id":6563,"href":"https:\/\/entropie.org\/3615\/index.php\/wp-json\/wp\/v2\/pages\/789\/revisions\/6563"}],"up":[{"embeddable":true,"href":"https:\/\/entropie.org\/3615\/index.php\/wp-json\/wp\/v2\/pages\/296"}],"wp:attachment":[{"href":"https:\/\/entropie.org\/3615\/index.php\/wp-json\/wp\/v2\/media?parent=789"}],"curies":[{"name":"wp","href":"https:\/\/api.w.org\/{rel}","templated":true}]}}