{"id":805,"date":"2019-01-21T22:26:37","date_gmt":"2019-01-21T21:26:37","guid":{"rendered":"http:\/\/entropie.org\/3615\/?page_id=805"},"modified":"2024-02-27T02:24:10","modified_gmt":"2024-02-27T01:24:10","slug":"makers","status":"publish","type":"page","link":"https:\/\/entropie.org\/3615\/index.php\/liens\/makers\/","title":{"rendered":"Makers"},"content":{"rendered":"<p><a href=\"https:\/\/hackerspaces.org\" rel=\"noopener noreferrer\" target=\"_blank\">Hackerspaces.org<\/a><br \/>\n<a href=\"http:\/\/www.makery.info\" rel=\"noopener noreferrer\" target=\"_blank\">Makery<\/a> : Le m\u00e9dia de tous les labs<br \/>\n<a href=\"https:\/\/www.federation-openspacemakers.com\/fr\/\" rel=\"noopener noreferrer\" target=\"_blank\">Open Space Makers<\/a> : Projets spatiaux en open source<\/p>\n<hr>\n<p><strong>FABLABS<\/strong><\/p>\n<p><a href=\"https:\/\/telefab.fr\" rel=\"noopener noreferrer\" target=\"_blank\">T\u00e9l\u00e9fab<\/a> : Le FabLab de T\u00e9l\u00e9com Bretagne<br \/>\n<a href=\"http:\/\/www.fablab-lannion.org\" rel=\"noopener noreferrer\" target=\"_blank\">FabLab Lannion<\/a><br \/>\n<a href=\"http:\/\/www.labfab.fr\" rel=\"noopener noreferrer\" target=\"_blank\">LabFab Rennes<\/a><br \/>\n<a href=\"http:\/\/makerspace56.org\" rel=\"noopener noreferrer\" target=\"_blank\">MakerSpace56<\/a><br \/>\n<a href=\"http:\/\/www.saint-brieuc-factory.fr\" rel=\"noopener noreferrer\" target=\"_blank\">Saint-Brieuc Factory<\/a><\/p>\n<hr>\n<p><strong>RESSOURCES<\/strong><\/p>\n<p><a href=\"https:\/\/www.amsat-f.org\" rel=\"noopener\" target=\"_blank\">AMSAT Francophone<\/a><br \/>\n<a href=\"http:\/\/codelab.fr\" rel=\"noopener noreferrer\" target=\"_blank\">Codelab<\/a> : Forum<br \/>\n<a href=\"http:\/\/www.hackable.fr\" rel=\"noopener noreferrer\" target=\"_blank\">Hackable Magazine<\/a><br \/>\n<a href=\"https:\/\/hackaday.com\" rel=\"noopener noreferrer\" target=\"_blank\">Hackaday<\/a><br \/>\n<a href=\"https:\/\/hsmag.cc\" rel=\"noopener noreferrer\" target=\"_blank\">HackSpace magazine<\/a><br \/>\n<a href=\"https:\/\/www.instructables.com\" rel=\"noopener noreferrer\" target=\"_blank\">Instructables<\/a><br \/>\n<a href=\"https:\/\/makezine.com\" rel=\"noopener noreferrer\" target=\"_blank\">Make<\/a><br \/>\n<a href=\"https:\/\/arduino103.blogspot.com\/\" rel=\"noopener noreferrer\" target=\"_blank\">MCHobby<\/a><br \/>\n<a href=\"http:\/\/ouiaremakers.com\" rel=\"noopener noreferrer\" target=\"_blank\">Oui Are Makers<\/a><br \/>\n<a href=\"http:\/\/phrack.org\" rel=\"noopener\" target=\"_blank\">Phrack Magazine<\/a><br \/>\n<a href=\"https:\/\/www.radioamateurs-france.fr\" rel=\"noopener\" target=\"_blank\">Radioamateurs France<\/a><br \/>\n<a href=\"https:\/\/www.radiofil.com\" rel=\"noopener\" target=\"_blank\">Radiofil<\/a> : Amateurs de TSF et reproduction du son<br \/>\n<a href=\"https:\/\/www.r-e-f.org\/\" rel=\"noopener\" target=\"_blank\">REF<\/a> : R\u00e9seau des \u00c9metteurs Fran\u00e7ais<br \/>\n<a href=\"https:\/\/www.thingiverse.com\" rel=\"noopener noreferrer\" target=\"_blank\">Thingiverse<\/a><\/p>\n<hr>\n<p><strong>SITES PERSONNELS<\/strong><\/p>\n<p><a href=\"https:\/\/www.youtube.com\/channel\/UCg7HRuQ93hl9v8dTSt_XDHA\" rel=\"noopener noreferrer\" target=\"_blank\">Barnab\u00e9 Chaillot<\/a> : YouTubeur<br \/>\n<a href=\"https:\/\/excamera.com\" rel=\"noopener noreferrer\" target=\"_blank\">Excamera Labs<\/a> : Site de James Bowman (Gameduino)<br \/>\n<a href=\"http:\/\/geoffg.net\" rel=\"noopener noreferrer\" target=\"_blank\">Geoff Graham&rsquo;s Projects<\/a> (Maximite)<br \/>\n<a href=\"https:\/\/www.youtube.com\/HelioxLab\" rel=\"noopener noreferrer\" target=\"_blank\">Le labo d&rsquo;Heliox<\/a> : Axelle, YouTubeuse<br \/>\n<a href=\"http:\/\/ostracodfiles.com\" rel=\"noopener noreferrer\" target=\"_blank\">Ostracodfiles<\/a> : Site de Jack Eisenmann (Duo Computers)<br \/>\n<a href=\"https:\/\/eater.net\" rel=\"noopener noreferrer\" target=\"_blank\">Ben Eater<\/a> : Tutoriels sur la construction d&rsquo;un ordinateur 8 bits<br \/>\n<a href=\"https:\/\/www.youtube.com\/@guimscience\" rel=\"noopener\" target=\"_blank\">Gui&rsquo;M la science<\/a> : YouTubeur<\/p>\n","protected":false},"excerpt":{"rendered":"<p>Hackerspaces.org Makery : Le m\u00e9dia de tous les labs Open Space Makers : Projets spatiaux en open source FABLABS T\u00e9l\u00e9fab : Le FabLab de T\u00e9l\u00e9com Bretagne FabLab Lannion LabFab Rennes MakerSpace56 Saint-Brieuc Factory RESSOURCES AMSAT Francophone Codelab : Forum Hackable Magazine Hackaday HackSpace magazine Instructables Make MCHobby Oui Are Makers Phrack Magazine Radioamateurs France Radiofil &hellip; <a href=\"https:\/\/entropie.org\/3615\/index.php\/liens\/makers\/\" class=\"more-link\">Continuer la lecture<span class=\"screen-reader-text\"> de &laquo;&nbsp;Makers&nbsp;&raquo;<\/span><\/a><\/p>\n","protected":false},"author":2,"featured_media":0,"parent":296,"menu_order":0,"comment_status":"closed","ping_status":"closed","template":"","meta":{"footnotes":""},"class_list":["post-805","page","type-page","status-publish","hentry"],"_links":{"self":[{"href":"https:\/\/entropie.org\/3615\/index.php\/wp-json\/wp\/v2\/pages\/805"}],"collection":[{"href":"https:\/\/entropie.org\/3615\/index.php\/wp-json\/wp\/v2\/pages"}],"about":[{"href":"https:\/\/entropie.org\/3615\/index.php\/wp-json\/wp\/v2\/types\/page"}],"author":[{"embeddable":true,"href":"https:\/\/entropie.org\/3615\/index.php\/wp-json\/wp\/v2\/users\/2"}],"replies":[{"embeddable":true,"href":"https:\/\/entropie.org\/3615\/index.php\/wp-json\/wp\/v2\/comments?post=805"}],"version-history":[{"count":64,"href":"https:\/\/entropie.org\/3615\/index.php\/wp-json\/wp\/v2\/pages\/805\/revisions"}],"predecessor-version":[{"id":6622,"href":"https:\/\/entropie.org\/3615\/index.php\/wp-json\/wp\/v2\/pages\/805\/revisions\/6622"}],"up":[{"embeddable":true,"href":"https:\/\/entropie.org\/3615\/index.php\/wp-json\/wp\/v2\/pages\/296"}],"wp:attachment":[{"href":"https:\/\/entropie.org\/3615\/index.php\/wp-json\/wp\/v2\/media?parent=805"}],"curies":[{"name":"wp","href":"https:\/\/api.w.org\/{rel}","templated":true}]}}