{"id":88,"date":"2017-06-08T21:02:15","date_gmt":"2017-06-08T19:02:15","guid":{"rendered":"http:\/\/entropie.org\/3615\/?page_id=88"},"modified":"2023-10-26T23:01:02","modified_gmt":"2023-10-26T21:01:02","slug":"hardware-2017","status":"publish","type":"page","link":"https:\/\/entropie.org\/3615\/index.php\/hardware-2017\/","title":{"rendered":"Hardware 2017"},"content":{"rendered":"<p><a rel=\"license noopener noreferrer\" href=\"http:\/\/creativecommons.org\/licenses\/by-sa\/4.0\/\" target=\"_blank\"><img decoding=\"async\" alt=\"Creative Commons License\" style=\"border-width:0\" src=\"https:\/\/i.creativecommons.org\/l\/by-sa\/4.0\/88x31.png\" \/><\/a><br \/>This work is licensed under a <a rel=\"license noopener noreferrer\" href=\"http:\/\/creativecommons.org\/licenses\/by-sa\/4.0\/\" target=\"_blank\">Creative Commons Attribution-ShareAlike 4.0 International License<\/a>.<\/p>\n<p>&#8212;<\/p>\n<p><strong>Le c\u00e2ble DIN-USB<\/strong> :<\/p>\n<p>Pour la fabrication du c\u00e2ble, voir le <a href=\"https:\/\/entropie.org\/3615\/index.php\/2017\/06\/11\/fabrication-du-cable\/\">tutoriel<\/a> correspondant.<\/p>\n<p>&#8212;<\/p>\n<p><strong>Le shield 3615<\/strong> :<\/p>\n<p>Le shield 3615 pour Arduino et Minitel est pr\u00e9vu pour \u00eatre directement connect\u00e9 \u00e0 un Raspberry Pi si besoin. Le fichier Fritzing est disponible <a href=\"https:\/\/github.com\/eserandour\/Minitel1B_Soft\/blob\/master\/shield-3615.fzz\" target=\"_blank\" rel=\"noopener noreferrer\">ici<\/a>.<\/p>\n<p><img loading=\"lazy\" decoding=\"async\" src=\"https:\/\/entropie.org\/3615\/wp-content\/uploads\/2017\/06\/shield-3615-top-1024x796.png\" alt=\"\" width=\"840\" height=\"653\" class=\"alignleft size-large wp-image-517\" srcset=\"https:\/\/entropie.org\/3615\/wp-content\/uploads\/2017\/06\/shield-3615-top-1024x796.png 1024w, https:\/\/entropie.org\/3615\/wp-content\/uploads\/2017\/06\/shield-3615-top-300x233.png 300w, https:\/\/entropie.org\/3615\/wp-content\/uploads\/2017\/06\/shield-3615-top-768x597.png 768w, https:\/\/entropie.org\/3615\/wp-content\/uploads\/2017\/06\/shield-3615-top-1200x932.png 1200w, https:\/\/entropie.org\/3615\/wp-content\/uploads\/2017\/06\/shield-3615-top.png 1614w\" sizes=\"(max-width: 709px) 85vw, (max-width: 909px) 67vw, (max-width: 1362px) 62vw, 840px\" \/><\/p>\n<p><u>Composants de base<\/u> :<\/p>\n<ul>\n<li>Cordon USB A m\u00e2le &#8211; USB B m\u00e2le. => <a href=\"https:\/\/www.gotronic.fr\/art-cordon-1m-usb2mm-1-25509.htm\" target=\"_blank\" rel=\"noopener noreferrer\">R\u00e9f. 49108 Gotronic<\/a><\/li>\n<li>Fiche Din m\u00e2le 5 contacts \u00e0 45\u00b0 avec collier serre-c\u00e2ble. => <a href=\"https:\/\/www.gotronic.fr\/art-fiche-din-fm545-4747.htm\" target=\"_blank\" rel=\"noopener noreferrer\">R\u00e9f. 08382 Gotronic<\/a><\/li>\n<li>Gaine thermor\u00e9tractable transparente 1,2 mm avant retreint. => <a href=\"https:\/\/www.gotronic.fr\/art-gaine-thermo-ft1-2t-14868.htm\" target=\"_blank\" rel=\"noopener noreferrer\">R\u00e9f. 48015 Gotronic<\/a><\/li>\n<li>Embase USB A femelle \u00e0 souder sur circuit imprim\u00e9. => <a href=\"https:\/\/www.gotronic.fr\/art-embase-usb-2-0-a-femelle-15234.htm\" target=\"_blank\" rel=\"noopener noreferrer\">R\u00e9f. 48480 Gotronic<\/a><\/li>\n<li>R\u00e9gulateur L7805CV 5V 1,5A TO220. => <a href=\"https:\/\/www.gotronic.fr\/art-l7805cv-1578.htm\" target=\"_blank\" rel=\"noopener noreferrer\">R\u00e9f. 02450 Gotronic<\/a><\/li>\n<li>R1 : R\u00e9sistance de 10k\u2126 1\/2W. => <a href=\"https:\/\/www.gotronic.fr\/art-5-resistances-1-2w-10-k-8486-270.htm\" target=\"_blank\" rel=\"noopener noreferrer\">R\u00e9f. 04148 Gotronic<\/a><\/li>\n<li>C1 : Condensateur chimique polaris\u00e9 \u00e0 sorties radiales 100\u00b5F\/25V. => <a href=\"https:\/\/www.gotronic.fr\/art-condensateur-radial-100uf-25v-11348.htm\" target=\"_blank\" rel=\"noopener noreferrer\">R\u00e9f. 22710 Gotronic<\/a><\/li>\n<li>C2 : Condensateur non polaris\u00e9 330nF. => <a href=\"https:\/\/www.gotronic.fr\/art-condensateur-lcc-330-nf-97.htm\" target=\"_blank\" rel=\"noopener noreferrer\">R\u00e9f. 04820 Gotronic<\/a><\/li>\n<li>C3 : Condensateur non polaris\u00e9 100nF. => <a href=\"https:\/\/www.gotronic.fr\/art-condensateur-lcc-100-nf-66.htm\" target=\"_blank\" rel=\"noopener noreferrer\">R\u00e9f. 04817 Gotronic<\/a><\/li>\n<li>C4 : Condensateur chimique polaris\u00e9 \u00e0 sorties radiales 10\u00b5F\/25V. => <a href=\"https:\/\/www.gotronic.fr\/art-condensateur-radial-10uf-63v-11344.htm\" target=\"_blank\" rel=\"noopener noreferrer\">R\u00e9f. 22704 Gotronic<\/a><\/li>\n<li>4 connecteurs femelles \u00e0 pattes longues pour Arduino : 10\/8\/8\/6 points. => <a href=\"https:\/\/www.gotronic.fr\/art-jeu-de-connecteurs-ard85-21150.htm\" target=\"_blank\" rel=\"noopener noreferrer\">R\u00e9f. 48005 Gotronic<\/a><\/li>\n<\/ul>\n<p><u>Composants suppl\u00e9mentaires pour connecter le shield \u00e0 un Raspberry Pi<\/u> :<\/p>\n<ul>\n<li>1 barrette femelle droite, 1 x 4 points, au pas de 2,54 mm. => <a href=\"https:\/\/www.gotronic.fr\/art-connecteur-fh136z-4462.htm\" target=\"_blank\" rel=\"noopener noreferrer\">R\u00e9f. 08006 Gotronic<\/a> (s\u00e9cable)<\/li>\n<li>2 barrettes femelles droites, 1 x 6 points, au pas de 2,54 mm, qui serviront de support au module ci-dessous. L&rsquo;int\u00e9r\u00eat est de rendre le module amovible. => M\u00eame r\u00e9f\u00e9rence que pr\u00e9c\u00e9demment.<\/li>\n<li>Module convertisseur de 4 niveaux logiques 5V<>3V3. => <a href=\"https:\/\/www.gotronic.fr\/art-convertisseur-de-4-niveaux-logiques-bob12009-21529.htm\" target=\"_blank\" rel=\"noopener noreferrer\">R\u00e9f. 32596 Gotronic<\/a><\/li>\n<\/ul>\n<p><u>Le shield assembl\u00e9<\/u> :<\/p>\n<p><a href=\"https:\/\/entropie.org\/3615\/wp-content\/uploads\/2017\/07\/DSC_7421-1200.jpg\"><img loading=\"lazy\" decoding=\"async\" src=\"https:\/\/entropie.org\/3615\/wp-content\/uploads\/2017\/07\/DSC_7421-1200-1024x680.jpg\" alt=\"\" width=\"840\" height=\"558\" class=\"alignleft size-large wp-image-647\" srcset=\"https:\/\/entropie.org\/3615\/wp-content\/uploads\/2017\/07\/DSC_7421-1200-1024x680.jpg 1024w, https:\/\/entropie.org\/3615\/wp-content\/uploads\/2017\/07\/DSC_7421-1200-300x199.jpg 300w, https:\/\/entropie.org\/3615\/wp-content\/uploads\/2017\/07\/DSC_7421-1200-768x510.jpg 768w, https:\/\/entropie.org\/3615\/wp-content\/uploads\/2017\/07\/DSC_7421-1200.jpg 1200w\" sizes=\"(max-width: 709px) 85vw, (max-width: 909px) 67vw, (max-width: 1362px) 62vw, 840px\" \/><\/a><\/p>\n<p><u>Avec une carte Arduino Mega 2560<\/u> :<\/p>\n<p><a href=\"https:\/\/entropie.org\/3615\/wp-content\/uploads\/2023\/03\/IMG20230317165650-1024.jpg\"><img loading=\"lazy\" decoding=\"async\" src=\"https:\/\/entropie.org\/3615\/wp-content\/uploads\/2023\/03\/IMG20230317165650-1024.jpg\" alt=\"\" width=\"1024\" height=\"1024\" class=\"size-full wp-image-6139\" srcset=\"https:\/\/entropie.org\/3615\/wp-content\/uploads\/2023\/03\/IMG20230317165650-1024.jpg 1024w, https:\/\/entropie.org\/3615\/wp-content\/uploads\/2023\/03\/IMG20230317165650-1024-300x300.jpg 300w, https:\/\/entropie.org\/3615\/wp-content\/uploads\/2023\/03\/IMG20230317165650-1024-150x150.jpg 150w, https:\/\/entropie.org\/3615\/wp-content\/uploads\/2023\/03\/IMG20230317165650-1024-768x768.jpg 768w\" sizes=\"(max-width: 709px) 85vw, (max-width: 909px) 67vw, (max-width: 1362px) 62vw, 840px\" \/><\/a><\/p>\n","protected":false},"excerpt":{"rendered":"<p>This work is licensed under a Creative Commons Attribution-ShareAlike 4.0 International License. &#8212; Le c\u00e2ble DIN-USB : Pour la fabrication du c\u00e2ble, voir le tutoriel correspondant. &#8212; Le shield 3615 : Le shield 3615 pour Arduino et Minitel est pr\u00e9vu pour \u00eatre directement connect\u00e9 \u00e0 un Raspberry Pi si besoin. Le fichier Fritzing est disponible &hellip; <a href=\"https:\/\/entropie.org\/3615\/index.php\/hardware-2017\/\" class=\"more-link\">Continuer la lecture<span class=\"screen-reader-text\"> de &laquo;&nbsp;Hardware 2017&nbsp;&raquo;<\/span><\/a><\/p>\n","protected":false},"author":2,"featured_media":0,"parent":0,"menu_order":0,"comment_status":"closed","ping_status":"closed","template":"","meta":{"footnotes":""},"class_list":["post-88","page","type-page","status-publish","hentry"],"_links":{"self":[{"href":"https:\/\/entropie.org\/3615\/index.php\/wp-json\/wp\/v2\/pages\/88"}],"collection":[{"href":"https:\/\/entropie.org\/3615\/index.php\/wp-json\/wp\/v2\/pages"}],"about":[{"href":"https:\/\/entropie.org\/3615\/index.php\/wp-json\/wp\/v2\/types\/page"}],"author":[{"embeddable":true,"href":"https:\/\/entropie.org\/3615\/index.php\/wp-json\/wp\/v2\/users\/2"}],"replies":[{"embeddable":true,"href":"https:\/\/entropie.org\/3615\/index.php\/wp-json\/wp\/v2\/comments?post=88"}],"version-history":[{"count":115,"href":"https:\/\/entropie.org\/3615\/index.php\/wp-json\/wp\/v2\/pages\/88\/revisions"}],"predecessor-version":[{"id":6455,"href":"https:\/\/entropie.org\/3615\/index.php\/wp-json\/wp\/v2\/pages\/88\/revisions\/6455"}],"wp:attachment":[{"href":"https:\/\/entropie.org\/3615\/index.php\/wp-json\/wp\/v2\/media?parent=88"}],"curies":[{"name":"wp","href":"https:\/\/api.w.org\/{rel}","templated":true}]}}