{"id":1578,"date":"2019-02-16T22:29:44","date_gmt":"2019-02-16T21:29:44","guid":{"rendered":"http:\/\/entropie.org\/maths-sciences\/?page_id=1578"},"modified":"2019-06-24T08:33:43","modified_gmt":"2019-06-24T06:33:43","slug":"python","status":"publish","type":"page","link":"https:\/\/entropie.org\/maths-sciences\/index.php\/tice\/python\/","title":{"rendered":"Python"},"content":{"rendered":"<p><a href=\"https:\/\/ent2d.ac-bordeaux.fr\/disciplines\/sciences-physiques\/physique-et-chimie-computationnelle\/\" rel=\"noopener noreferrer\" target=\"_blank\">Physique et chimie computationnelle<\/a><br \/>\n<a href=\"http:\/\/entropie.org\/maths-sciences\/wp-content\/uploads\/2019\/05\/2018-03-phys-python.pdf\" target=\"_blank\" rel=\"noopener noreferrer\">Physique num\u00e9rique en Python<\/a> (Laurent Sartre)<br \/>\n<a href=\"http:\/\/entropie.org\/maths-sciences\/wp-content\/uploads\/2019\/05\/physique_computationnelle.pdf\" target=\"_blank\" rel=\"noopener noreferrer\">Formation Arduino-Python : La physique computationnelle au lyc\u00e9e<\/a> (Christophe Casseau)<br \/>\n<a href=\"http:\/\/www.southampton.ac.uk\/~fangohr\/training\/python\/pdfs\/Python-for-Computational-Science-and-Engineering.pdf\" rel=\"noopener noreferrer\" target=\"_blank\">Introduction to Python for Computational Science and Engineering<\/a><br \/>\n<a href=\"https:\/\/kitchingroup.cheme.cmu.edu\/pycse\/pycse.html\" rel=\"noopener noreferrer\" target=\"_blank\">Python3 Computations in Science and Engineering<\/a><br \/>\n<a href=\"https:\/\/ent2d.ac-bordeaux.fr\/disciplines\/sciences-physiques\/wp-content\/uploads\/sites\/7\/2019\/05\/Python-et-Arduino-pour-le-physicien.pdf\" rel=\"noopener noreferrer\" target=\"_blank\">Python et Arduino pour le physicien<\/a><br \/>\n<a href=\"http:\/\/www.tangentex.com\" rel=\"noopener noreferrer\" target=\"_blank\">TangenteX.com<\/a> : La physique num\u00e9rique au lyc\u00e9e et en pr\u00e9pa<br \/>\n<a href=\"https:\/\/fiches-agreg-physique.fr\/pages\/scripts-python.html\" rel=\"noopener noreferrer\" target=\"_blank\">Scripts Python pour l&rsquo;agr\u00e9gation de physique-chimie<\/a><br \/>\n<a href=\"http:\/\/online.flipbuilder.com\/wera\/wgev\/\" target=\"_blank\" rel=\"noopener noreferrer\">Python Livret d&rsquo;activit\u00e9s pour la seconde professionnelle<\/a><\/p>\n","protected":false},"excerpt":{"rendered":"<p>Physique et chimie computationnelle Physique num\u00e9rique en Python (Laurent Sartre) Formation Arduino-Python : La physique computationnelle au lyc\u00e9e (Christophe Casseau) Introduction to Python for Computational Science and Engineering Python3 Computations in Science and Engineering Python et Arduino pour le physicien TangenteX.com : La physique num\u00e9rique au lyc\u00e9e et en pr\u00e9pa Scripts Python pour l&rsquo;agr\u00e9gation de &hellip; <a href=\"https:\/\/entropie.org\/maths-sciences\/index.php\/tice\/python\/\" class=\"more-link\">Continuer la lecture<span class=\"screen-reader-text\"> de &laquo;&nbsp;Python&nbsp;&raquo;<\/span><\/a><\/p>\n","protected":false},"author":2,"featured_media":0,"parent":519,"menu_order":0,"comment_status":"closed","ping_status":"closed","template":"","meta":[],"_links":{"self":[{"href":"https:\/\/entropie.org\/maths-sciences\/index.php\/wp-json\/wp\/v2\/pages\/1578"}],"collection":[{"href":"https:\/\/entropie.org\/maths-sciences\/index.php\/wp-json\/wp\/v2\/pages"}],"about":[{"href":"https:\/\/entropie.org\/maths-sciences\/index.php\/wp-json\/wp\/v2\/types\/page"}],"author":[{"embeddable":true,"href":"https:\/\/entropie.org\/maths-sciences\/index.php\/wp-json\/wp\/v2\/users\/2"}],"replies":[{"embeddable":true,"href":"https:\/\/entropie.org\/maths-sciences\/index.php\/wp-json\/wp\/v2\/comments?post=1578"}],"version-history":[{"count":19,"href":"https:\/\/entropie.org\/maths-sciences\/index.php\/wp-json\/wp\/v2\/pages\/1578\/revisions"}],"predecessor-version":[{"id":1726,"href":"https:\/\/entropie.org\/maths-sciences\/index.php\/wp-json\/wp\/v2\/pages\/1578\/revisions\/1726"}],"up":[{"embeddable":true,"href":"https:\/\/entropie.org\/maths-sciences\/index.php\/wp-json\/wp\/v2\/pages\/519"}],"wp:attachment":[{"href":"https:\/\/entropie.org\/maths-sciences\/index.php\/wp-json\/wp\/v2\/media?parent=1578"}],"curies":[{"name":"wp","href":"https:\/\/api.w.org\/{rel}","templated":true}]}}