{"id":23,"date":"2017-08-30T01:15:38","date_gmt":"2017-08-29T23:15:38","guid":{"rendered":"http:\/\/entropie.org\/maths-sciences\/?page_id=23"},"modified":"2020-06-12T13:26:15","modified_gmt":"2020-06-12T11:26:15","slug":"2nde-pro-mathematiques","status":"publish","type":"page","link":"https:\/\/entropie.org\/maths-sciences\/index.php\/2nde-pro-mathematiques\/","title":{"rendered":"Seconde Pro"},"content":{"rendered":"<p><u>Programme de 2019<\/u> (applicable \u00e0 partir de la rentr\u00e9e 2019) :<\/p>\n<h4>Statistique et probabilit\u00e9s<\/h4>\n<ul>\n<li>Statistique \u00e0 une variable<\/li>\n<li>Fluctuations d&rsquo;une fr\u00e9quence selon les \u00e9chantillons, probabilit\u00e9s<\/li>\n<\/ul>\n<h4>Alg\u00e8bre &#8211; Analyse<\/h4>\n<ul>\n<li>R\u00e9solution d&rsquo;un probl\u00e8me du premier degr\u00e9<\/li>\n<li> Fonctions<\/li>\n<li><s>Calculs commerciaux et financiers<\/s><\/li>\n<\/ul>\n<h4>G\u00e9om\u00e9trie<\/h4>\n<h4>Algorithmique et programmation<\/h4>\n<h4>Automatismes<\/h4>\n<h4>Vocabulaire ensembliste et logique<\/h4>\n","protected":false},"excerpt":{"rendered":"<p>Programme de 2019 (applicable \u00e0 partir de la rentr\u00e9e 2019) : Statistique et probabilit\u00e9s Statistique \u00e0 une variable Fluctuations d&rsquo;une fr\u00e9quence selon les \u00e9chantillons, probabilit\u00e9s Alg\u00e8bre &#8211; Analyse R\u00e9solution d&rsquo;un probl\u00e8me du premier degr\u00e9 Fonctions Calculs commerciaux et financiers G\u00e9om\u00e9trie Algorithmique et programmation Automatismes Vocabulaire ensembliste et logique<\/p>\n","protected":false},"author":2,"featured_media":0,"parent":0,"menu_order":0,"comment_status":"closed","ping_status":"closed","template":"","meta":[],"_links":{"self":[{"href":"https:\/\/entropie.org\/maths-sciences\/index.php\/wp-json\/wp\/v2\/pages\/23"}],"collection":[{"href":"https:\/\/entropie.org\/maths-sciences\/index.php\/wp-json\/wp\/v2\/pages"}],"about":[{"href":"https:\/\/entropie.org\/maths-sciences\/index.php\/wp-json\/wp\/v2\/types\/page"}],"author":[{"embeddable":true,"href":"https:\/\/entropie.org\/maths-sciences\/index.php\/wp-json\/wp\/v2\/users\/2"}],"replies":[{"embeddable":true,"href":"https:\/\/entropie.org\/maths-sciences\/index.php\/wp-json\/wp\/v2\/comments?post=23"}],"version-history":[{"count":47,"href":"https:\/\/entropie.org\/maths-sciences\/index.php\/wp-json\/wp\/v2\/pages\/23\/revisions"}],"predecessor-version":[{"id":2881,"href":"https:\/\/entropie.org\/maths-sciences\/index.php\/wp-json\/wp\/v2\/pages\/23\/revisions\/2881"}],"wp:attachment":[{"href":"https:\/\/entropie.org\/maths-sciences\/index.php\/wp-json\/wp\/v2\/media?parent=23"}],"curies":[{"name":"wp","href":"https:\/\/api.w.org\/{rel}","templated":true}]}}