{"id":2494,"date":"2020-05-06T18:16:26","date_gmt":"2020-05-06T16:16:26","guid":{"rendered":"http:\/\/entropie.org\/maths-sciences\/?page_id=2494"},"modified":"2020-05-06T18:16:40","modified_gmt":"2020-05-06T16:16:40","slug":"lycee-general","status":"publish","type":"page","link":"https:\/\/entropie.org\/maths-sciences\/index.php\/referentiels\/lycee-general\/","title":{"rendered":"Lyc\u00e9e g\u00e9n\u00e9ral"},"content":{"rendered":"<p><strong>Programmes de math\u00e9matiques<\/strong><\/p>\n<p><strong>Seconde<\/strong> (\u00e0 partir de 2019) :<br \/>\n<a href=\"https:\/\/cache.media.education.gouv.fr\/file\/SP1-MEN-22-1-2019\/95\/7\/spe631_annexe_1062957.pdf\" rel=\"noopener noreferrer\" target=\"_blank\">Commun<\/a> (4 h)<br \/>\n<strong>Premi\u00e8re<\/strong> (\u00e0 partir de 2019) :<br \/>\n<a href=\"https:\/\/cache.media.education.gouv.fr\/file\/SP1-MEN-22-1-2019\/16\/8\/spe632_annexe_1063168.pdf\" rel=\"noopener noreferrer\" target=\"_blank\">Sp\u00e9cialit\u00e9<\/a> (4 h)<br \/>\n<strong>Terminale<\/strong> (\u00e0 partir de 2020) :<br \/>\n<a href=\"https:\/\/cache.media.education.gouv.fr\/file\/SPE8_MENJ_25_7_2019\/90\/7\/spe246_annexe_1158907.pdf\" rel=\"noopener noreferrer\" target=\"_blank\">Sp\u00e9cialit\u00e9<\/a> (6 h) + <a href=\"https:\/\/cache.media.education.gouv.fr\/file\/SPE8_MENJ_25_7_2019\/82\/5\/spe264_annexe_1158825.pdf\" rel=\"noopener noreferrer\" target=\"_blank\">Optionnel de math\u00e9matiques expertes<\/a> (3 h)<br \/>\n<a href=\"https:\/\/cache.media.education.gouv.fr\/file\/SPE8_MENJ_25_7_2019\/13\/4\/spe265_annexe_1159134.pdf\" rel=\"noopener noreferrer\" target=\"_blank\">Optionnel de math\u00e9matiques compl\u00e9mentaires<\/a> (3 h)<\/p>\n<p><strong>Programmes de physique-chimie<\/strong><\/p>\n<p><strong>Seconde<\/strong> (\u00e0 partir de 2019) :<br \/>\n<a href=\"https:\/\/cache.media.education.gouv.fr\/file\/SP1-MEN-22-1-2019\/98\/9\/spe634_annexe_1062989.pdf\" rel=\"noopener noreferrer\" target=\"_blank\">Commun<\/a> (3 h)<br \/>\n<strong>Premi\u00e8re<\/strong> (\u00e0 partir de 2019) :<br \/>\n<a href=\"https:\/\/cache.media.education.gouv.fr\/file\/SP1-MEN-22-1-2019\/43\/2\/spe635_annexe_1063432.pdf\" rel=\"noopener noreferrer\" target=\"_blank\">Sp\u00e9cialit\u00e9<\/a> (4 h)<br \/>\n<strong>Terminale<\/strong> (\u00e0 partir de 2020) :<br \/>\n<a href=\"https:\/\/cache.media.education.gouv.fr\/file\/SPE8_MENJ_25_7_2019\/92\/9\/spe249_annexe_1158929.pdf\" rel=\"noopener noreferrer\" target=\"_blank\">Sp\u00e9cialit\u00e9<\/a> (6 h)<\/p>\n<p><strong>Programmes d&rsquo;enseignement scientifique<\/strong><\/p>\n<p><strong>Premi\u00e8re<\/strong> (\u00e0 partir de 2019) :<br \/>\n<a href=\"https:\/\/cache.media.education.gouv.fr\/file\/SP1-MEN-22-1-2019\/13\/4\/spe573_annexe_1063134.pdf\" rel=\"noopener noreferrer\" target=\"_blank\">Commun<\/a> (2 h)<br \/>\n<strong>Terminale<\/strong> (\u00e0 partir de 2020) :<br \/>\n<a href=\"https:\/\/cache.media.education.gouv.fr\/file\/SPE8_MENJ_25_7_2019\/84\/7\/spe241_annexe_1158847.pdf\" rel=\"noopener noreferrer\" target=\"_blank\">Commun<\/a> (2 h)<\/p>\n","protected":false},"excerpt":{"rendered":"<p>Programmes de math\u00e9matiques Seconde (\u00e0 partir de 2019) : Commun (4 h) Premi\u00e8re (\u00e0 partir de 2019) : Sp\u00e9cialit\u00e9 (4 h) Terminale (\u00e0 partir de 2020) : Sp\u00e9cialit\u00e9 (6 h) + Optionnel de math\u00e9matiques expertes (3 h) Optionnel de math\u00e9matiques compl\u00e9mentaires (3 h) Programmes de physique-chimie Seconde (\u00e0 partir de 2019) : Commun (3 h) &hellip; <a href=\"https:\/\/entropie.org\/maths-sciences\/index.php\/referentiels\/lycee-general\/\" class=\"more-link\">Continuer la lecture<span class=\"screen-reader-text\"> de &laquo;&nbsp;Lyc\u00e9e g\u00e9n\u00e9ral&nbsp;&raquo;<\/span><\/a><\/p>\n","protected":false},"author":2,"featured_media":0,"parent":521,"menu_order":0,"comment_status":"closed","ping_status":"closed","template":"","meta":[],"_links":{"self":[{"href":"https:\/\/entropie.org\/maths-sciences\/index.php\/wp-json\/wp\/v2\/pages\/2494"}],"collection":[{"href":"https:\/\/entropie.org\/maths-sciences\/index.php\/wp-json\/wp\/v2\/pages"}],"about":[{"href":"https:\/\/entropie.org\/maths-sciences\/index.php\/wp-json\/wp\/v2\/types\/page"}],"author":[{"embeddable":true,"href":"https:\/\/entropie.org\/maths-sciences\/index.php\/wp-json\/wp\/v2\/users\/2"}],"replies":[{"embeddable":true,"href":"https:\/\/entropie.org\/maths-sciences\/index.php\/wp-json\/wp\/v2\/comments?post=2494"}],"version-history":[{"count":1,"href":"https:\/\/entropie.org\/maths-sciences\/index.php\/wp-json\/wp\/v2\/pages\/2494\/revisions"}],"predecessor-version":[{"id":2495,"href":"https:\/\/entropie.org\/maths-sciences\/index.php\/wp-json\/wp\/v2\/pages\/2494\/revisions\/2495"}],"up":[{"embeddable":true,"href":"https:\/\/entropie.org\/maths-sciences\/index.php\/wp-json\/wp\/v2\/pages\/521"}],"wp:attachment":[{"href":"https:\/\/entropie.org\/maths-sciences\/index.php\/wp-json\/wp\/v2\/media?parent=2494"}],"curies":[{"name":"wp","href":"https:\/\/api.w.org\/{rel}","templated":true}]}}