{"id":2504,"date":"2020-05-06T18:51:42","date_gmt":"2020-05-06T16:51:42","guid":{"rendered":"http:\/\/entropie.org\/maths-sciences\/?page_id=2504"},"modified":"2020-05-06T18:52:32","modified_gmt":"2020-05-06T16:52:32","slug":"histoire","status":"publish","type":"page","link":"https:\/\/entropie.org\/maths-sciences\/index.php\/liens\/histoire\/","title":{"rendered":"Histoire"},"content":{"rendered":"<p><a href=\"http:\/\/www.ampere.cnrs.fr\" rel=\"noopener noreferrer\" target=\"_blank\">Amp\u00e8re et l&rsquo;histoire de l&rsquo;\u00e9lectricit\u00e9<\/a> : Plateforme du CNRS<br \/>\n<a href=\"https:\/\/gallica.bnf.fr\" rel=\"noopener noreferrer\" target=\"_blank\">Gallica<\/a> : Biblioth\u00e8que num\u00e9rique de la BnF<br \/>\n<a href=\"http:\/\/sciences.amisbnf.org\/\" rel=\"noopener noreferrer\" target=\"_blank\">Les Amis de la BnF<\/a> : Les sciences au fil du temps<br \/>\n<a href=\"https:\/\/www.persee.fr\" rel=\"noopener noreferrer\" target=\"_blank\">Pers\u00e9e<\/a> : Collections compl\u00e8tes de publications scientifiques<\/p>\n","protected":false},"excerpt":{"rendered":"<p>Amp\u00e8re et l&rsquo;histoire de l&rsquo;\u00e9lectricit\u00e9 : Plateforme du CNRS Gallica : Biblioth\u00e8que num\u00e9rique de la BnF Les Amis de la BnF : Les sciences au fil du temps Pers\u00e9e : Collections compl\u00e8tes de publications scientifiques<\/p>\n","protected":false},"author":2,"featured_media":0,"parent":516,"menu_order":0,"comment_status":"closed","ping_status":"closed","template":"","meta":[],"_links":{"self":[{"href":"https:\/\/entropie.org\/maths-sciences\/index.php\/wp-json\/wp\/v2\/pages\/2504"}],"collection":[{"href":"https:\/\/entropie.org\/maths-sciences\/index.php\/wp-json\/wp\/v2\/pages"}],"about":[{"href":"https:\/\/entropie.org\/maths-sciences\/index.php\/wp-json\/wp\/v2\/types\/page"}],"author":[{"embeddable":true,"href":"https:\/\/entropie.org\/maths-sciences\/index.php\/wp-json\/wp\/v2\/users\/2"}],"replies":[{"embeddable":true,"href":"https:\/\/entropie.org\/maths-sciences\/index.php\/wp-json\/wp\/v2\/comments?post=2504"}],"version-history":[{"count":2,"href":"https:\/\/entropie.org\/maths-sciences\/index.php\/wp-json\/wp\/v2\/pages\/2504\/revisions"}],"predecessor-version":[{"id":2507,"href":"https:\/\/entropie.org\/maths-sciences\/index.php\/wp-json\/wp\/v2\/pages\/2504\/revisions\/2507"}],"up":[{"embeddable":true,"href":"https:\/\/entropie.org\/maths-sciences\/index.php\/wp-json\/wp\/v2\/pages\/516"}],"wp:attachment":[{"href":"https:\/\/entropie.org\/maths-sciences\/index.php\/wp-json\/wp\/v2\/media?parent=2504"}],"curies":[{"name":"wp","href":"https:\/\/api.w.org\/{rel}","templated":true}]}}