{"id":27,"date":"2017-08-30T01:16:16","date_gmt":"2017-08-29T23:16:16","guid":{"rendered":"http:\/\/entropie.org\/maths-sciences\/?page_id=27"},"modified":"2021-09-01T13:39:06","modified_gmt":"2021-09-01T11:39:06","slug":"term-pro-mathematiques","status":"publish","type":"page","link":"https:\/\/entropie.org\/maths-sciences\/index.php\/term-pro-mathematiques\/","title":{"rendered":"Terminale Pro"},"content":{"rendered":"<p><u>Programme de 2020<\/u> (applicable \u00e0 partir de la rentr\u00e9e 2021) :<\/p>\n<h4 class=\"subtitle\">Statistique et probabilit\u00e9s<\/h4>\n<ul>\n<li>Statistiques \u00e0 deux variables<\/li>\n<li>Probabilit\u00e9s<\/li>\n<\/ul>\n<h4 class=\"subtitle\">Alg\u00e8bre &#8211; Analyse<\/h4>\n<ul>\n<li>Suites num\u00e9riques<\/li>\n<li>Fonctions polyn\u00f4mes de degr\u00e9 3<\/li>\n<li>Fonction exponentielles et logarithme d\u00e9cimal<\/li>\n<li><s>Calculs commerciaux et financiers<\/s><\/li>\n<\/ul>\n<h4 class=\"subtitle\">G\u00e9om\u00e9trie<\/h4>\n<ul>\n<li>Vecteurs <span style=\"color:#ff0000\">(Gr B : MV et TU)<\/span><\/li>\n<li>Trigonom\u00e9trie <span style=\"color:#ff0000\">(Gr A : MELEC)<\/span><\/li>\n<\/ul>\n<h4 class=\"subtitle\">Algorithmique et programmation<\/h4>\n<h4 class=\"subtitle\">Automatismes<\/h4>\n<h4 class=\"subtitle\">Vocabulaire en ensembliste et logique<\/h4>\n<h4 class=\"subtitle\">Programme compl\u00e9mentaire en vue de la pr\u00e9paration \u00e0 une poursuite d\u2019\u00e9tudes<\/h4>\n<ul>\n<li>Calcul int\u00e9gral<\/li>\n<li>Fonctions logarithme n\u00e9p\u00e9rien et exponentielle<\/li>\n<li>Nombres complexes<\/li>\n<li>Produit scalaire de deux vecteurs du plan rapport\u00e9 \u00e0 un rep\u00e8re orthonorm\u00e9<\/li>\n<\/ul>\n","protected":false},"excerpt":{"rendered":"<p>Programme de 2020 (applicable \u00e0 partir de la rentr\u00e9e 2021) : Statistique et probabilit\u00e9s Statistiques \u00e0 deux variables Probabilit\u00e9s Alg\u00e8bre &#8211; Analyse Suites num\u00e9riques Fonctions polyn\u00f4mes de degr\u00e9 3 Fonction exponentielles et logarithme d\u00e9cimal Calculs commerciaux et financiers G\u00e9om\u00e9trie Vecteurs (Gr B : MV et TU) Trigonom\u00e9trie (Gr A : MELEC) Algorithmique et programmation Automatismes &hellip; <a href=\"https:\/\/entropie.org\/maths-sciences\/index.php\/term-pro-mathematiques\/\" class=\"more-link\">Continuer la lecture<span class=\"screen-reader-text\"> de &laquo;&nbsp;Terminale Pro&nbsp;&raquo;<\/span><\/a><\/p>\n","protected":false},"author":2,"featured_media":0,"parent":0,"menu_order":0,"comment_status":"closed","ping_status":"closed","template":"","meta":[],"_links":{"self":[{"href":"https:\/\/entropie.org\/maths-sciences\/index.php\/wp-json\/wp\/v2\/pages\/27"}],"collection":[{"href":"https:\/\/entropie.org\/maths-sciences\/index.php\/wp-json\/wp\/v2\/pages"}],"about":[{"href":"https:\/\/entropie.org\/maths-sciences\/index.php\/wp-json\/wp\/v2\/types\/page"}],"author":[{"embeddable":true,"href":"https:\/\/entropie.org\/maths-sciences\/index.php\/wp-json\/wp\/v2\/users\/2"}],"replies":[{"embeddable":true,"href":"https:\/\/entropie.org\/maths-sciences\/index.php\/wp-json\/wp\/v2\/comments?post=27"}],"version-history":[{"count":25,"href":"https:\/\/entropie.org\/maths-sciences\/index.php\/wp-json\/wp\/v2\/pages\/27\/revisions"}],"predecessor-version":[{"id":3656,"href":"https:\/\/entropie.org\/maths-sciences\/index.php\/wp-json\/wp\/v2\/pages\/27\/revisions\/3656"}],"wp:attachment":[{"href":"https:\/\/entropie.org\/maths-sciences\/index.php\/wp-json\/wp\/v2\/media?parent=27"}],"curies":[{"name":"wp","href":"https:\/\/api.w.org\/{rel}","templated":true}]}}