{"id":322,"date":"2018-02-20T08:40:26","date_gmt":"2018-02-20T07:40:26","guid":{"rendered":"http:\/\/entropie.org\/maths-sciences\/?page_id=322"},"modified":"2020-06-12T17:03:02","modified_gmt":"2020-06-12T15:03:02","slug":"cap-physique-chimie","status":"publish","type":"page","link":"https:\/\/entropie.org\/maths-sciences\/index.php\/cap-physique-chimie\/","title":{"rendered":"CAP"},"content":{"rendered":"<p><u>Programme de 2019<\/u> (applicable \u00e0 partir de la rentr\u00e9e 2019) :<\/p>\n<h4 class=\"subtitle\">S\u00e9curit\u00e9 : Comment travailler en toute s\u00e9curit\u00e9 ?<\/h4>\n<p><span style=\"color:#ff0000\">Contenu transversal<\/span> : Doit s\u2019int\u00e9grer aux autres parties du programme.<\/p>\n<h4 class=\"subtitle\">\u00c9lectricit\u00e9 : Comment caract\u00e9riser et exploiter un signal \u00e9lectrique ?<\/h4>\n<p><span style=\"color:#ff0000\">Contenu transversal<\/span> : Doit s\u2019int\u00e9grer aux autres parties du programme.<\/p>\n<h4 class=\"subtitle\">M\u00e9canique : Comment d\u00e9crire le mouvement ?<\/h4>\n<h4 class=\"subtitle\">Chimie : Comment caract\u00e9riser une solution ?<\/h4>\n<h4 class=\"subtitle\">Acoustique : Comment caract\u00e9riser et exploiter un signal sonore ?<\/h4>\n<h4 class=\"subtitle\">Thermique : Comment caract\u00e9riser les \u00e9changes d&rsquo;\u00e9nergie sous forme thermique ?<\/h4>\n<h4 class=\"subtitle\">Optique : Comment caract\u00e9riser un signal lumineux ?<\/h4>\n","protected":false},"excerpt":{"rendered":"<p>Programme de 2019 (applicable \u00e0 partir de la rentr\u00e9e 2019) : S\u00e9curit\u00e9 : Comment travailler en toute s\u00e9curit\u00e9 ? Contenu transversal : Doit s\u2019int\u00e9grer aux autres parties du programme. \u00c9lectricit\u00e9 : Comment caract\u00e9riser et exploiter un signal \u00e9lectrique ? Contenu transversal : Doit s\u2019int\u00e9grer aux autres parties du programme. M\u00e9canique : Comment d\u00e9crire le mouvement &hellip; <a href=\"https:\/\/entropie.org\/maths-sciences\/index.php\/cap-physique-chimie\/\" class=\"more-link\">Continuer la lecture<span class=\"screen-reader-text\"> de &laquo;&nbsp;CAP&nbsp;&raquo;<\/span><\/a><\/p>\n","protected":false},"author":2,"featured_media":0,"parent":0,"menu_order":0,"comment_status":"closed","ping_status":"closed","template":"","meta":[],"_links":{"self":[{"href":"https:\/\/entropie.org\/maths-sciences\/index.php\/wp-json\/wp\/v2\/pages\/322"}],"collection":[{"href":"https:\/\/entropie.org\/maths-sciences\/index.php\/wp-json\/wp\/v2\/pages"}],"about":[{"href":"https:\/\/entropie.org\/maths-sciences\/index.php\/wp-json\/wp\/v2\/types\/page"}],"author":[{"embeddable":true,"href":"https:\/\/entropie.org\/maths-sciences\/index.php\/wp-json\/wp\/v2\/users\/2"}],"replies":[{"embeddable":true,"href":"https:\/\/entropie.org\/maths-sciences\/index.php\/wp-json\/wp\/v2\/comments?post=322"}],"version-history":[{"count":18,"href":"https:\/\/entropie.org\/maths-sciences\/index.php\/wp-json\/wp\/v2\/pages\/322\/revisions"}],"predecessor-version":[{"id":2886,"href":"https:\/\/entropie.org\/maths-sciences\/index.php\/wp-json\/wp\/v2\/pages\/322\/revisions\/2886"}],"wp:attachment":[{"href":"https:\/\/entropie.org\/maths-sciences\/index.php\/wp-json\/wp\/v2\/media?parent=322"}],"curies":[{"name":"wp","href":"https:\/\/api.w.org\/{rel}","templated":true}]}}