{"id":41,"date":"2017-08-30T01:30:30","date_gmt":"2017-08-29T23:30:30","guid":{"rendered":"http:\/\/entropie.org\/maths-sciences\/?page_id=41"},"modified":"2020-06-12T13:20:54","modified_gmt":"2020-06-12T11:20:54","slug":"1ere-pro-physique-chimie","status":"publish","type":"page","link":"https:\/\/entropie.org\/maths-sciences\/index.php\/1ere-pro-physique-chimie\/","title":{"rendered":"Premi\u00e8re Pro"},"content":{"rendered":"<p><u>Programme de 2020<\/u> (applicable \u00e0 partir de la rentr\u00e9e 2020) :<\/p>\n<h4 class=\"subtitle\">\u00c9lectricit\u00e9 : Comment obtenir et utiliser efficacement l&rsquo;\u00e9nergie \u00e9lectrique ?<\/h4>\n<ul>\n<li>Distinguer \u00e9nergie et puissance \u00e9lectrique<\/li>\n<li>Transporter l&rsquo;\u00e9nergie sous forme \u00e9lectrique<\/li>\n<li>Evaluer la puissance consomm\u00e9e par un appareil \u00e9lectrique <span style=\"color:#ff0000\">(Gr 2 : MELEC)<\/span><\/li>\n<li>Caract\u00e9riser un champ magn\u00e9tique <span style=\"color:#ff0000\">(Gr 2 : MELEC)<\/span><\/li>\n<\/ul>\n<h4 class=\"subtitle\">Thermique : Comment utiliser et contr\u00f4ler les transferts thermiques ?<\/h4>\n<ul>\n<li>Comprendre les avantages et les inconv\u00e9nients de la combustion du carbone et des hydrocarbures<\/li>\n<li>Distinguer les trois modes de transfert thermique<\/li>\n<\/ul>\n<h4 class=\"subtitle\">M\u00e9canique : Comment contr\u00f4ler le mouvement et l&rsquo;\u00e9quilibre de divers syst\u00e8mes ?<\/h4>\n<ul>\n<li>Caract\u00e9riser l&rsquo;acc\u00e9l\u00e9ration et la vitesse d&rsquo;un objet se d\u00e9pla\u00e7ant en ligne droite<\/li>\n<li>Obtenir l&rsquo;\u00e9quilibre d&rsquo;un solide en rotation autour d&rsquo;un axe fixe <span style=\"color:#ff0000\">(Gr1 : MV et TU)<\/span><\/li>\n<li>Distinguer pression et force pressante<\/li>\n<li>Exploiter la force d&rsquo;Archim\u00e8de <span style=\"color:#ff0000\">(Gr1 : MV et TU)<\/span><\/li>\n<\/ul>\n<h4 class=\"subtitle\">Chimie : Comment analyser, transformer ou exploiter les mat\u00e9riaux dans le respect de l&rsquo;environnement ?<\/h4>\n<ul>\n<li>Caract\u00e9riser quantitativement une solution aqueuse<\/li>\n<\/ul>\n<h4 class=\"subtitle\">Signaux : Comment transmettre l&rsquo;information ?<\/h4>\n<ul>\n<li>Caract\u00e9riser une onde \u00e9lectromagn\u00e9tique<\/li>\n<\/ul>\n<h4 class=\"subtitle\">Mesures et incertitudes : Quelle variabilit\u00e9 dans le r\u00e9sultat d&rsquo;une mesure ?<\/h4>\n<p><span style=\"color:#ff0000\">Contenu transversal :<\/span> Doit s&rsquo;int\u00e9grer aux autres parties du programme.<\/p>\n<h4 class=\"subtitle\">S\u00e9curit\u00e9 : Comment travailler en toute s\u00e9curit\u00e9 ?<\/h4>\n<p><span style=\"color:#ff0000\">Contenu transversal :<\/span> Doit s&rsquo;int\u00e9grer aux autres parties du programme.<\/p>\n","protected":false},"excerpt":{"rendered":"<p>Programme de 2020 (applicable \u00e0 partir de la rentr\u00e9e 2020) : \u00c9lectricit\u00e9 : Comment obtenir et utiliser efficacement l&rsquo;\u00e9nergie \u00e9lectrique ? Distinguer \u00e9nergie et puissance \u00e9lectrique Transporter l&rsquo;\u00e9nergie sous forme \u00e9lectrique Evaluer la puissance consomm\u00e9e par un appareil \u00e9lectrique (Gr 2 : MELEC) Caract\u00e9riser un champ magn\u00e9tique (Gr 2 : MELEC) Thermique : Comment utiliser &hellip; <a href=\"https:\/\/entropie.org\/maths-sciences\/index.php\/1ere-pro-physique-chimie\/\" class=\"more-link\">Continuer la lecture<span class=\"screen-reader-text\"> de &laquo;&nbsp;Premi\u00e8re Pro&nbsp;&raquo;<\/span><\/a><\/p>\n","protected":false},"author":2,"featured_media":0,"parent":0,"menu_order":0,"comment_status":"closed","ping_status":"closed","template":"","meta":[],"_links":{"self":[{"href":"https:\/\/entropie.org\/maths-sciences\/index.php\/wp-json\/wp\/v2\/pages\/41"}],"collection":[{"href":"https:\/\/entropie.org\/maths-sciences\/index.php\/wp-json\/wp\/v2\/pages"}],"about":[{"href":"https:\/\/entropie.org\/maths-sciences\/index.php\/wp-json\/wp\/v2\/types\/page"}],"author":[{"embeddable":true,"href":"https:\/\/entropie.org\/maths-sciences\/index.php\/wp-json\/wp\/v2\/users\/2"}],"replies":[{"embeddable":true,"href":"https:\/\/entropie.org\/maths-sciences\/index.php\/wp-json\/wp\/v2\/comments?post=41"}],"version-history":[{"count":43,"href":"https:\/\/entropie.org\/maths-sciences\/index.php\/wp-json\/wp\/v2\/pages\/41\/revisions"}],"predecessor-version":[{"id":2860,"href":"https:\/\/entropie.org\/maths-sciences\/index.php\/wp-json\/wp\/v2\/pages\/41\/revisions\/2860"}],"wp:attachment":[{"href":"https:\/\/entropie.org\/maths-sciences\/index.php\/wp-json\/wp\/v2\/media?parent=41"}],"curies":[{"name":"wp","href":"https:\/\/api.w.org\/{rel}","templated":true}]}}