{"id":552,"date":"2018-02-22T00:48:33","date_gmt":"2018-02-21T23:48:33","guid":{"rendered":"http:\/\/entropie.org\/maths-sciences\/?page_id=552"},"modified":"2022-03-05T23:56:19","modified_gmt":"2022-03-05T22:56:19","slug":"outils-pour-le-prof","status":"publish","type":"page","link":"https:\/\/entropie.org\/maths-sciences\/index.php\/ressources\/outils-pour-le-prof\/","title":{"rendered":"Outils pour le prof"},"content":{"rendered":"<p><strong>Web<\/strong><\/p>\n<p><a href=\"https:\/\/framasoft.org\/fr\/\" rel=\"noopener noreferrer\" target=\"_blank\">Framasoft<\/a> : Un r\u00e9seau d\u00e9di\u00e9 \u00e0 la promotion du \u00ab libre \u00bb<br \/>\n<a href=\"http:\/\/micetf.fr\/Fractions\/generateur\/\" rel=\"noopener noreferrer\" target=\"_blank\">G\u00e9n\u00e9rateur de fractions<\/a><br \/>\n<a href=\"http:\/\/www.editions-petiteelisabeth.fr\/papiers_quadrilles_et_papiers_millimetres_personnalises.php\" rel=\"noopener noreferrer\" target=\"_blank\">G\u00e9n\u00e9rateur de papiers quadrill\u00e9s personnalis\u00e9s<\/a><br \/>\n<a href=\"http:\/\/www.celles.net\/wiki\/Papier\" rel=\"noopener noreferrer\" target=\"_blank\">G\u00e9n\u00e9rateur de papiers sp\u00e9ciaux<\/a><br \/>\n<a href=\"https:\/\/www.geoportail.gouv.fr\/carte\" rel=\"noopener noreferrer\" target=\"_blank\">G\u00e9oportail<\/a> : Coordoonn\u00e9es d&rsquo;un lieu (latitude, longitude, altitude)<br \/>\n<a href=\"https:\/\/web-labosims.org\" rel=\"noopener noreferrer\" target=\"_blank\">Labosims<\/a> : Animations pour la physique-chimie<br \/>\n<a href=\"http:\/\/www.lelementarium.fr\" rel=\"noopener noreferrer\" target=\"_blank\">L&rsquo;\u00c9l\u00e9mentarium<\/a> : Pour tout savoir sur les \u00e9l\u00e9ments chimiques<br \/>\n<a href=\"http:\/\/molview.org\/\" rel=\"noopener noreferrer\" target=\"_blank\">MolView<\/a> : Logiciel de mod\u00e9lisation mol\u00e9culaire en ligne<br \/>\n<a href=\"https:\/\/caracteres-speciaux.net\/symboles-mathematiques\/\" rel=\"noopener noreferrer\" target=\"_blank\">Symboles math\u00e9matiques<\/a> : Caract\u00e8res sp\u00e9ciaux<\/p>\n<p><strong>Logiciels<\/strong><\/p>\n<p><a href=\"https:\/\/sill.etalab.gouv.fr\" rel=\"noopener noreferrer\" target=\"_blank\">Socle Interminist\u00e9riel de Logiciels Libres<\/a> : Catalogue de r\u00e9f\u00e9rence pour les administrations<br \/>\n<a href=\"https:\/\/enacit.epfl.ch\/logiciel-libre\/\" rel=\"noopener noreferrer\" target=\"_blank\">Annuaire EPFL des principaux logiciels libres<\/a><br \/>\n<a href=\"https:\/\/www.arduino.cc\" rel=\"noopener noreferrer\" target=\"_blank\">Arduino<\/a> : Logiciel de programmation<br \/>\n<a href=\"http:\/\/avogadro.cc\" rel=\"noopener noreferrer\" target=\"_blank\">Avogadro<\/a> : Logiciel de cr\u00e9ation et de visualisation de mol\u00e9cules 3D<br \/>\n<a href=\"https:\/\/ultimaker.com\/software\/ultimaker-cura\" rel=\"noopener noreferrer\" target=\"_blank\">Cura<\/a> : Logiciel d&rsquo;impression pour imprimante 3D<br \/>\n<a href=\"http:\/\/debian.org\/\" rel=\"noopener noreferrer\" target=\"_blank\">Debian<\/a> => <a href=\"http:\/\/debian.org\/distrib\/packages\" rel=\"noopener noreferrer\" target=\"_blank\">Paquets<\/a> : Syst\u00e8me d&rsquo;exploitation libre (non privateur)<br \/>\n<a href=\"http:\/\/eukleides.org\" rel=\"noopener noreferrer\" target=\"_blank\">Eukleides<\/a> : Langage permettant de programmer le trac\u00e9 de figures g\u00e9om\u00e9triques<br \/>\n<a href=\"https:\/\/www.freecadweb.org\" rel=\"noopener noreferrer\" target=\"_blank\">FreeCAD<\/a> : Logiciel de mod\u00e9lisation 3D param\u00e9trique<br \/>\n<a href=\"https:\/\/wiki.documentfoundation.org\/images\/b\/b1\/MG35FR-MathGuide.pdf\" target=\"_blank\" rel=\"noopener noreferrer\">LibreOffice Guide Math : Utiliser l&rsquo;\u00e9diteur d&rsquo;\u00e9quation<\/a><br \/>\n<a href=\"http:\/\/www.openscad.org\" rel=\"noopener noreferrer\" target=\"_blank\">OpenSCAD<\/a> : Logiciel de mod\u00e9lisation param\u00e9trique<br \/>\n<a href=\"https:\/\/pdfsam.org\/fr\/\" rel=\"noopener noreferrer\" target=\"_blank\">PDFsam<\/a> : Outil de d\u00e9coupage et de fusion de fichiers pdf<br \/>\n<a href=\"https:\/\/www.python.org\" rel=\"noopener noreferrer\" target=\"_blank\">Python<\/a> : Langage de programmation textuel<br \/>\n<a href=\"https:\/\/qelectrotech.org\" rel=\"noopener noreferrer\" target=\"_blank\">QElectroTech<\/a> : Logiciel pour r\u00e9aliser des sch\u00e9mas \u00e9lectriques<br \/>\n<a href=\"https:\/\/www.scilab.org\/fr\" rel=\"noopener noreferrer\" target=\"_blank\">Scilab<\/a> : Logiciel de calcul num\u00e9rique<br \/>\n<a href=\"http:\/\/andrejv.github.io\/wxmaxima\/\" rel=\"noopener noreferrer\" target=\"_blank\">wxMaxima<\/a> : Logiciel de calcul formel<\/p>\n<p><strong>LaTeX<\/strong><\/p>\n<p><a href=\"http:\/\/roland65.free.fr\/texmaths\/\" rel=\"noopener noreferrer\" target=\"_blank\">TexMaths<\/a> : \u00c9diteur d&rsquo;\u00e9quations LaTeX pour LibreOffice<br \/>\n<a href=\"http:\/\/www.xm1math.net\/texmaker\/index_fr.html\" rel=\"noopener noreferrer\" target=\"_blank\">Texmaker<\/a> : \u00c9diteur LaTeX<br \/>\n<a href=\"https:\/\/ctan.org\/\" rel=\"noopener noreferrer\" target=\"_blank\">CTAN<\/a> : Comprehensive TeX Archive Network => <a href=\"https:\/\/ctan.org\/pkg\/chemfig\" rel=\"noopener noreferrer\" target=\"_blank\">ChemFig<\/a>, <a href=\"https:\/\/ctan.org\/pkg\/chemmacros\" rel=\"noopener noreferrer\" target=\"_blank\">ChemMacros<\/a>, <a href=\"https:\/\/ctan.org\/pkg\/pgf\" rel=\"noopener noreferrer\" target=\"_blank\">PGF\/TikZ<\/a>,<a href=\"https:\/\/www.ctan.org\/pkg\/pstricks-base\" rel=\"noopener noreferrer\" target=\"_blank\"> PSTricks<\/a>.<br \/>\n<a href=\"http:\/\/math.et.info.free.fr\/TikZ\/index.html\" rel=\"noopener noreferrer\" target=\"_blank\">TikZ pour l&rsquo;impatient<\/a><br \/>\n<a href=\"http:\/\/www.texample.net\/tikz\/\" rel=\"noopener noreferrer\" target=\"_blank\">TikZ and PGF sur TeXample.net<\/a><br \/>\n<a href=\"http:\/\/math.univ-lyon1.fr\/irem\/IMG\/pdf\/LatexPourLeProfDeMaths.pdf\" rel=\"noopener noreferrer\" target=\"_blank\">LaTeX pour le prof de maths<\/a> : Aide-m\u00e9moire, astuces et approfondissements<br \/>\n<a href=\"https:\/\/github.com\/circuitikz\/circuitikz\" rel=\"noopener\" target=\"_blank\">Circuitikz<\/a><\/p>\n<p><strong>Sant&eacute; et S&eacute;curit&eacute; au travail<\/strong><\/p>\n<p><a href=\"http:\/\/www.inrs.fr\" rel=\"noopener noreferrer\" target=\"_blank\">INRS<\/a><br \/>\n<a href=\"http:\/\/www.seirich.fr\" rel=\"noopener noreferrer\" target=\"_blank\">Seirich<\/a> : Logiciel pour \u00e9valuer les risques chimiques<\/p>\n<p><strong>Livres<\/strong><\/p>\n<p><img decoding=\"async\" loading=\"lazy\" src=\"http:\/\/entropie.org\/maths-sciences\/wp-content\/uploads\/2020\/05\/dicodephysique-424x600-1-212x300.jpg\" alt=\"\" width=\"212\" height=\"300\" class=\"alignleft size-medium wp-image-2509\" srcset=\"https:\/\/entropie.org\/maths-sciences\/wp-content\/uploads\/2020\/05\/dicodephysique-424x600-1-212x300.jpg 212w, https:\/\/entropie.org\/maths-sciences\/wp-content\/uploads\/2020\/05\/dicodephysique-424x600-1.jpg 424w\" sizes=\"(max-width: 212px) 85vw, 212px\" \/><br \/>\nIl s&rsquo;agit de la 4\u00e8me \u00e9dition (janvier 2018). Un erratum et des compl\u00e9ments sont disponibles sur le site <a href=\"http:\/\/dicodephysique.fr\" rel=\"noopener noreferrer\" target=\"_blank\">www.dicodephysique.fr<\/a>.<\/p>\n","protected":false},"excerpt":{"rendered":"<p>Web Framasoft : Un r\u00e9seau d\u00e9di\u00e9 \u00e0 la promotion du \u00ab libre \u00bb G\u00e9n\u00e9rateur de fractions G\u00e9n\u00e9rateur de papiers quadrill\u00e9s personnalis\u00e9s G\u00e9n\u00e9rateur de papiers sp\u00e9ciaux G\u00e9oportail : Coordoonn\u00e9es d&rsquo;un lieu (latitude, longitude, altitude) Labosims : Animations pour la physique-chimie L&rsquo;\u00c9l\u00e9mentarium : Pour tout savoir sur les \u00e9l\u00e9ments chimiques MolView : Logiciel de mod\u00e9lisation mol\u00e9culaire en &hellip; <a href=\"https:\/\/entropie.org\/maths-sciences\/index.php\/ressources\/outils-pour-le-prof\/\" class=\"more-link\">Continuer la lecture<span class=\"screen-reader-text\"> de &laquo;&nbsp;Outils pour le prof&nbsp;&raquo;<\/span><\/a><\/p>\n","protected":false},"author":2,"featured_media":0,"parent":525,"menu_order":0,"comment_status":"closed","ping_status":"closed","template":"","meta":[],"_links":{"self":[{"href":"https:\/\/entropie.org\/maths-sciences\/index.php\/wp-json\/wp\/v2\/pages\/552"}],"collection":[{"href":"https:\/\/entropie.org\/maths-sciences\/index.php\/wp-json\/wp\/v2\/pages"}],"about":[{"href":"https:\/\/entropie.org\/maths-sciences\/index.php\/wp-json\/wp\/v2\/types\/page"}],"author":[{"embeddable":true,"href":"https:\/\/entropie.org\/maths-sciences\/index.php\/wp-json\/wp\/v2\/users\/2"}],"replies":[{"embeddable":true,"href":"https:\/\/entropie.org\/maths-sciences\/index.php\/wp-json\/wp\/v2\/comments?post=552"}],"version-history":[{"count":90,"href":"https:\/\/entropie.org\/maths-sciences\/index.php\/wp-json\/wp\/v2\/pages\/552\/revisions"}],"predecessor-version":[{"id":3824,"href":"https:\/\/entropie.org\/maths-sciences\/index.php\/wp-json\/wp\/v2\/pages\/552\/revisions\/3824"}],"up":[{"embeddable":true,"href":"https:\/\/entropie.org\/maths-sciences\/index.php\/wp-json\/wp\/v2\/pages\/525"}],"wp:attachment":[{"href":"https:\/\/entropie.org\/maths-sciences\/index.php\/wp-json\/wp\/v2\/media?parent=552"}],"curies":[{"name":"wp","href":"https:\/\/api.w.org\/{rel}","templated":true}]}}