{"id":594,"date":"2018-02-22T18:08:13","date_gmt":"2018-02-22T17:08:13","guid":{"rendered":"http:\/\/entropie.org\/maths-sciences\/?page_id=594"},"modified":"2018-09-14T19:33:41","modified_gmt":"2018-09-14T17:33:41","slug":"outils-pour-leleve","status":"publish","type":"page","link":"https:\/\/entropie.org\/maths-sciences\/index.php\/ressources\/outils-pour-leleve\/","title":{"rendered":"Outils pour l&rsquo;\u00e9l\u00e8ve"},"content":{"rendered":"<p><strong>Math\u00e9matiques<\/strong><\/p>\n<p>&#8230;<\/p>\n<p><strong>Physique-Chimie<\/strong><\/p>\n<p><a href=\"http:\/\/entropie.org\/maths-sciences\/wp-content\/uploads\/2018\/03\/Lalphabet-grec-en-sciences.pdf\">L&rsquo;alphabet grec en sciences<\/a><br \/>\n<a href=\"http:\/\/entropie.org\/maths-sciences\/wp-content\/uploads\/2018\/04\/Grandeurs-physiques-et-chimiques-Leurs-unit\u00e9s-de-mesure.pdf\">Grandeurs physiques et chimiques et leurs unit\u00e9s de mesure<\/a><\/p>\n","protected":false},"excerpt":{"rendered":"<p>Math\u00e9matiques &#8230; Physique-Chimie L&rsquo;alphabet grec en sciences Grandeurs physiques et chimiques et leurs unit\u00e9s de mesure<\/p>\n","protected":false},"author":2,"featured_media":0,"parent":525,"menu_order":0,"comment_status":"closed","ping_status":"closed","template":"","meta":[],"_links":{"self":[{"href":"https:\/\/entropie.org\/maths-sciences\/index.php\/wp-json\/wp\/v2\/pages\/594"}],"collection":[{"href":"https:\/\/entropie.org\/maths-sciences\/index.php\/wp-json\/wp\/v2\/pages"}],"about":[{"href":"https:\/\/entropie.org\/maths-sciences\/index.php\/wp-json\/wp\/v2\/types\/page"}],"author":[{"embeddable":true,"href":"https:\/\/entropie.org\/maths-sciences\/index.php\/wp-json\/wp\/v2\/users\/2"}],"replies":[{"embeddable":true,"href":"https:\/\/entropie.org\/maths-sciences\/index.php\/wp-json\/wp\/v2\/comments?post=594"}],"version-history":[{"count":13,"href":"https:\/\/entropie.org\/maths-sciences\/index.php\/wp-json\/wp\/v2\/pages\/594\/revisions"}],"predecessor-version":[{"id":1465,"href":"https:\/\/entropie.org\/maths-sciences\/index.php\/wp-json\/wp\/v2\/pages\/594\/revisions\/1465"}],"up":[{"embeddable":true,"href":"https:\/\/entropie.org\/maths-sciences\/index.php\/wp-json\/wp\/v2\/pages\/525"}],"wp:attachment":[{"href":"https:\/\/entropie.org\/maths-sciences\/index.php\/wp-json\/wp\/v2\/media?parent=594"}],"curies":[{"name":"wp","href":"https:\/\/api.w.org\/{rel}","templated":true}]}}