{"id":822,"date":"2018-02-25T20:40:29","date_gmt":"2018-02-25T19:40:29","guid":{"rendered":"http:\/\/entropie.org\/maths-sciences\/?page_id=822"},"modified":"2020-03-23T22:21:01","modified_gmt":"2020-03-23T21:21:01","slug":"autres","status":"publish","type":"page","link":"https:\/\/entropie.org\/maths-sciences\/index.php\/tice\/autres\/","title":{"rendered":"Autres"},"content":{"rendered":"<p><strong>Logiciels<\/strong><\/p>\n<p><a href=\"http:\/\/avogadro.cc\" rel=\"noopener noreferrer\" target=\"_blank\">Avogadro<\/a> : Logiciel de cr\u00e9ation et de visualisation de mol\u00e9cules 3D (logiciel libre)<br \/>\n<a href=\"http:\/\/molview.org\/\" rel=\"noopener noreferrer\" target=\"_blank\">MolView<\/a> : Logiciel de mod\u00e9lisation mol\u00e9culaire en ligne (logiciel libre)<br \/>\n<a href=\"http:\/\/outilsphysiques.tuxfamily.org\/wiki\/index.php?title=Pymecavideo\" rel=\"noopener noreferrer\" target=\"_blank\">pyMecaVid\u00e9o<\/a> : Logiciel de pointage vid\u00e9o (logiciel libre)<\/p>\n","protected":false},"excerpt":{"rendered":"<p>Logiciels Avogadro : Logiciel de cr\u00e9ation et de visualisation de mol\u00e9cules 3D (logiciel libre) MolView : Logiciel de mod\u00e9lisation mol\u00e9culaire en ligne (logiciel libre) pyMecaVid\u00e9o : Logiciel de pointage vid\u00e9o (logiciel libre)<\/p>\n","protected":false},"author":2,"featured_media":0,"parent":519,"menu_order":0,"comment_status":"closed","ping_status":"closed","template":"","meta":[],"_links":{"self":[{"href":"https:\/\/entropie.org\/maths-sciences\/index.php\/wp-json\/wp\/v2\/pages\/822"}],"collection":[{"href":"https:\/\/entropie.org\/maths-sciences\/index.php\/wp-json\/wp\/v2\/pages"}],"about":[{"href":"https:\/\/entropie.org\/maths-sciences\/index.php\/wp-json\/wp\/v2\/types\/page"}],"author":[{"embeddable":true,"href":"https:\/\/entropie.org\/maths-sciences\/index.php\/wp-json\/wp\/v2\/users\/2"}],"replies":[{"embeddable":true,"href":"https:\/\/entropie.org\/maths-sciences\/index.php\/wp-json\/wp\/v2\/comments?post=822"}],"version-history":[{"count":24,"href":"https:\/\/entropie.org\/maths-sciences\/index.php\/wp-json\/wp\/v2\/pages\/822\/revisions"}],"predecessor-version":[{"id":1908,"href":"https:\/\/entropie.org\/maths-sciences\/index.php\/wp-json\/wp\/v2\/pages\/822\/revisions\/1908"}],"up":[{"embeddable":true,"href":"https:\/\/entropie.org\/maths-sciences\/index.php\/wp-json\/wp\/v2\/pages\/519"}],"wp:attachment":[{"href":"https:\/\/entropie.org\/maths-sciences\/index.php\/wp-json\/wp\/v2\/media?parent=822"}],"curies":[{"name":"wp","href":"https:\/\/api.w.org\/{rel}","templated":true}]}}