{"id":16,"date":"2023-06-26T01:51:34","date_gmt":"2023-06-25T23:51:34","guid":{"rendered":"https:\/\/entropie.org\/objectifsciences\/?page_id=16"},"modified":"2023-06-26T01:52:39","modified_gmt":"2023-06-25T23:52:39","slug":"a-propos","status":"publish","type":"page","link":"https:\/\/entropie.org\/objectifsciences\/?page_id=16","title":{"rendered":"\u00c0 propos"},"content":{"rendered":"\n<p>Responsable de la publication : \u00c9ric S\u00e9randour<br> E-mail : contact [arobase] entropie.org<br> H\u00e9bergement : <a rel=\"noopener\" href=\"https:\/\/www.ovhcloud.com\/\" target=\"_blank\">OVHcloud<\/a> <\/p>\n","protected":false},"excerpt":{"rendered":"<p>Responsable de la publication : \u00c9ric S\u00e9randour E-mail : contact [arobase] entropie.org H\u00e9bergement : OVHcloud<\/p>\n","protected":false},"author":2,"featured_media":0,"parent":0,"menu_order":0,"comment_status":"closed","ping_status":"closed","template":"","meta":{"footnotes":""},"class_list":["post-16","page","type-page","status-publish","hentry"],"_links":{"self":[{"href":"https:\/\/entropie.org\/objectifsciences\/index.php?rest_route=\/wp\/v2\/pages\/16","targetHints":{"allow":["GET"]}}],"collection":[{"href":"https:\/\/entropie.org\/objectifsciences\/index.php?rest_route=\/wp\/v2\/pages"}],"about":[{"href":"https:\/\/entropie.org\/objectifsciences\/index.php?rest_route=\/wp\/v2\/types\/page"}],"author":[{"embeddable":true,"href":"https:\/\/entropie.org\/objectifsciences\/index.php?rest_route=\/wp\/v2\/users\/2"}],"replies":[{"embeddable":true,"href":"https:\/\/entropie.org\/objectifsciences\/index.php?rest_route=%2Fwp%2Fv2%2Fcomments&post=16"}],"version-history":[{"count":1,"href":"https:\/\/entropie.org\/objectifsciences\/index.php?rest_route=\/wp\/v2\/pages\/16\/revisions"}],"predecessor-version":[{"id":17,"href":"https:\/\/entropie.org\/objectifsciences\/index.php?rest_route=\/wp\/v2\/pages\/16\/revisions\/17"}],"wp:attachment":[{"href":"https:\/\/entropie.org\/objectifsciences\/index.php?rest_route=%2Fwp%2Fv2%2Fmedia&parent=16"}],"curies":[{"name":"wp","href":"https:\/\/api.w.org\/{rel}","templated":true}]}}