{"id":27,"date":"2023-06-27T22:37:42","date_gmt":"2023-06-27T20:37:42","guid":{"rendered":"https:\/\/entropie.org\/objectifsciences\/?page_id=27"},"modified":"2025-10-10T14:40:00","modified_gmt":"2025-10-10T12:40:00","slug":"associations","status":"publish","type":"page","link":"https:\/\/entropie.org\/objectifsciences\/?page_id=27","title":{"rendered":"Associations"},"content":{"rendered":"\n<p><a href=\"https:\/\/www.afastronomie.fr\" target=\"_blank\" rel=\"noreferrer noopener\">AFA<\/a> : Association Fran\u00e7aise d\u2019Astronomie, <a href=\"https:\/\/animath.fr\" target=\"_blank\" rel=\"noreferrer noopener\">Animath<\/a> : Association pour l\u2019animation math\u00e9matique, <a href=\"https:\/\/www.aores-sci.fr\" target=\"_blank\" rel=\"noreferrer noopener\">AORES<\/a>\u00a0: Association pour une Orientation Raisonn\u00e9e vers l\u2019Enseignement sup\u00e9rieur Scientifique (organise le TeSciA), <a href=\"https:\/\/www.apmep.fr\" target=\"_blank\" rel=\"noreferrer noopener\">APMEP<\/a> : Association des Professeurs de Math\u00e9matiques de l\u2019Enseignement Public, <a href=\"https:\/\/apml-maths.com\/\" target=\"_blank\" rel=\"noreferrer noopener\">APML<\/a> : Association des Professeurs de Math\u00e9matiques en\u00a0classes pr\u00e9paratoires B\/L, <a href=\"http:\/\/www.aseiste.org\/\" target=\"_blank\" rel=\"noreferrer noopener\">ASEISTE<\/a> : Association de Sauvegarde et d\u2019\u00c9tude des Instruments Scientifiques et Techniques de l&rsquo;Enseignement, <a href=\"https:\/\/www.cilac.com\" target=\"_blank\" rel=\"noreferrer noopener\">CILAC<\/a> : Comit\u00e9 d\u2019information et de liaison pour l\u2019arch\u00e9ologie, l&rsquo;\u00e9tude et la mise en valeur du patrimoine industriel, <a href=\"http:\/\/www.cdefi.fr\" target=\"_blank\" rel=\"noreferrer noopener\">CDEFI<\/a>\u00a0: Conf\u00e9rence des Directeurs des \u00c9coles Fran\u00e7aises d\u2019Ing\u00e9nieurs, <a href=\"http:\/\/clea-astro.eu\" target=\"_blank\" rel=\"noreferrer noopener\">CLEA<\/a> : Comit\u00e9 de Liaison Enseignants et Astronomes, <a href=\"https:\/\/collectif-maths-sciences.fr\" target=\"_blank\" rel=\"noreferrer noopener\">Collectif Maths&amp;Sciences<\/a>, <a href=\"https:\/\/www.ellesbougent.com\/\" target=\"_blank\" rel=\"noreferrer noopener\">Elles bougent<\/a> : Faire d\u00e9couvrir aux jeunes filles les m\u00e9tiers des secteurs technologiques, industriels et scientifiques, <a href=\"https:\/\/www.epi.asso.fr\" target=\"_blank\" rel=\"noreferrer noopener\">EPI<\/a> : Enseignement Public &amp; Informatique, <a href=\"https:\/\/femmes-et-maths.fr\/\" target=\"_blank\" rel=\"noreferrer noopener\">Femmes et Math\u00e9matiques<\/a> => <a href=\"https:\/\/filles-et-maths.fr\" target=\"_blank\" rel=\"noreferrer noopener\">Filles, Maths, Informatique<\/a>, <a href=\"https:\/\/www.femmesetsciences.fr\" target=\"_blank\" rel=\"noreferrer noopener\">Femmes &amp; Sciences<\/a> : Promouvoir l\u2019image de la science chez les femmes (et inversement), <a href=\"https:\/\/www.femmes-ingenieures.org\" target=\"_blank\" rel=\"noreferrer noopener\">Femmes Ing\u00e9nieures<\/a>, <a href=\"https:\/\/www.fondation-blaise-pascal.org\" target=\"_blank\" rel=\"noreferrer noopener\">Fondation Blaise Pascal<\/a> : Pour soutenir la m\u00e9diation scientifique en math\u00e9matiques et informatique, <a href=\"https:\/\/maisondelachimie.com\" target=\"_blank\" rel=\"noreferrer noopener\">Fondation de la Maison de la Chimie<\/a>, <a href=\"https:\/\/www.iesf.fr\" target=\"_blank\" rel=\"noreferrer noopener\">IESF<\/a> : Soci\u00e9t\u00e9 des Ing\u00e9nieurs et Scientifiques de France, <a href=\"https:\/\/www.labolycee.org\/\" target=\"_blank\" rel=\"noreferrer noopener\">Labolyc\u00e9e<\/a> : Exercices corrig\u00e9s de bac physique chimie, <a href=\"https:\/\/www.lespetitsdebrouillards.org\" target=\"_blank\" rel=\"noreferrer noopener\">Les petits d\u00e9brouillards<\/a> : Acteur de la culture scientifique et technique aupr\u00e8s des jeunes, <a href=\"https:\/\/meteoetclimat.fr\" target=\"_blank\" rel=\"noreferrer noopener\">M\u00e9t\u00e9o et Climat<\/a> : Soci\u00e9t\u00e9 fran\u00e7aise de la m\u00e9t\u00e9orologie et du climat, <a href=\"https:\/\/www.photonics-bretagne.com\" target=\"_blank\" rel=\"noreferrer noopener\">Photonics Bretagne<\/a> : Soutenir l&rsquo;innovation, promouvoir et d\u00e9velopper la photonique bretonne, <a href=\"https:\/\/www.planete-sciences.org\" target=\"_blank\" rel=\"noreferrer noopener\">Plan\u00e8te Sciences<\/a> : Acteur de la culture scientifique et technique aupr\u00e8s des jeunes, <a href=\"https:\/\/saf-astronomie.fr\/\" target=\"_blank\" rel=\"noreferrer noopener\">SAF<\/a> : Soci\u00e9t\u00e9 Astronomique de France, <a href=\"https:\/\/www.societechimiquedefrance.fr\" target=\"_blank\" rel=\"noreferrer noopener\">SCF<\/a> : Soci\u00e9t\u00e9 Chimique de France, <a href=\"https:\/\/www.sfoptique.org\/\" target=\"_blank\" rel=\"noreferrer noopener\">SFO<\/a> : Soci\u00e9t\u00e9 Fran\u00e7aise d&rsquo;Optique, <a href=\"https:\/\/www.sfphysique.fr\/\" target=\"_blank\" rel=\"noreferrer noopener\">SFP<\/a> : Soci\u00e9t\u00e9 Fran\u00e7aise de Physique, <a href=\"https:\/\/sf2a.eu\" target=\"_blank\" rel=\"noreferrer noopener\">SF2A<\/a> : Soci\u00e9t\u00e9 Fran\u00e7aise d&rsquo;Astronomie et d\u2019Astrophysique, <a href=\"https:\/\/www.socinfo.fr\/\" target=\"_blank\" rel=\"noreferrer noopener\">SIF<\/a> : Soci\u00e9t\u00e9 Informatique de France, <a href=\"http:\/\/smai.emath.fr\" target=\"_blank\" rel=\"noreferrer noopener\">SMAI<\/a> : Soci\u00e9t\u00e9 de Math\u00e9matiques Appliqu\u00e9es et Industrielles, <a href=\"https:\/\/smf.emath.fr\" target=\"_blank\" rel=\"noreferrer noopener\">SMF<\/a> : Soci\u00e9t\u00e9 Math\u00e9matique de France, <a href=\"https:\/\/udppc.asso.fr\" target=\"_blank\" rel=\"noreferrer noopener\">UdPPC<\/a> : Union des Professeurs de Physique et de Chimie, <a href=\"https:\/\/ups-cpge.fr\" target=\"_blank\" rel=\"noreferrer noopener\">UPS<\/a> : Union des Professeurs de classes pr\u00e9paratoires Scientifiques.<\/p>\n","protected":false},"excerpt":{"rendered":"<p>AFA : Association Fran\u00e7aise d\u2019Astronomie, Animath : Association pour l\u2019animation math\u00e9matique, AORES\u00a0: Association pour une Orientation Raisonn\u00e9e vers l\u2019Enseignement sup\u00e9rieur Scientifique (organise le TeSciA), APMEP : Association des Professeurs de Math\u00e9matiques de l\u2019Enseignement Public, APML : Association des Professeurs de Math\u00e9matiques en\u00a0classes pr\u00e9paratoires B\/L, ASEISTE : Association de Sauvegarde et d\u2019\u00c9tude des Instruments Scientifiques et &hellip; <a href=\"https:\/\/entropie.org\/objectifsciences\/?page_id=27\" class=\"more-link\">Continuer la lecture<span class=\"screen-reader-text\"> de &laquo;&nbsp;Associations&nbsp;&raquo;<\/span><\/a><\/p>\n","protected":false},"author":2,"featured_media":0,"parent":0,"menu_order":0,"comment_status":"closed","ping_status":"closed","template":"","meta":{"footnotes":""},"class_list":["post-27","page","type-page","status-publish","hentry"],"_links":{"self":[{"href":"https:\/\/entropie.org\/objectifsciences\/index.php?rest_route=\/wp\/v2\/pages\/27","targetHints":{"allow":["GET"]}}],"collection":[{"href":"https:\/\/entropie.org\/objectifsciences\/index.php?rest_route=\/wp\/v2\/pages"}],"about":[{"href":"https:\/\/entropie.org\/objectifsciences\/index.php?rest_route=\/wp\/v2\/types\/page"}],"author":[{"embeddable":true,"href":"https:\/\/entropie.org\/objectifsciences\/index.php?rest_route=\/wp\/v2\/users\/2"}],"replies":[{"embeddable":true,"href":"https:\/\/entropie.org\/objectifsciences\/index.php?rest_route=%2Fwp%2Fv2%2Fcomments&post=27"}],"version-history":[{"count":14,"href":"https:\/\/entropie.org\/objectifsciences\/index.php?rest_route=\/wp\/v2\/pages\/27\/revisions"}],"predecessor-version":[{"id":686,"href":"https:\/\/entropie.org\/objectifsciences\/index.php?rest_route=\/wp\/v2\/pages\/27\/revisions\/686"}],"wp:attachment":[{"href":"https:\/\/entropie.org\/objectifsciences\/index.php?rest_route=%2Fwp%2Fv2%2Fmedia&parent=27"}],"curies":[{"name":"wp","href":"https:\/\/api.w.org\/{rel}","templated":true}]}}