{"id":29,"date":"2023-06-27T22:38:05","date_gmt":"2023-06-27T20:38:05","guid":{"rendered":"https:\/\/entropie.org\/objectifsciences\/?page_id=29"},"modified":"2025-10-10T14:27:43","modified_gmt":"2025-10-10T12:27:43","slug":"editeurs-et-librairies","status":"publish","type":"page","link":"https:\/\/entropie.org\/objectifsciences\/?page_id=29","title":{"rendered":"\u00c9diteurs &#038; Librairies"},"content":{"rendered":"\n<p><a href=\"https:\/\/www.deboecksuperieur.com\" target=\"_blank\" rel=\"noreferrer noopener\">De Boeck Sup\u00e9rieur<\/a>, <a href=\"https:\/\/www.dunod.com\/thematique\/sciences-techniques\" target=\"_blank\" rel=\"noreferrer noopener\">Dunod<\/a>, <a href=\"https:\/\/laboutique.edpsciences.fr\/\" target=\"_blank\" rel=\"noreferrer noopener\">EDP Sciences<\/a>, <a href=\"https:\/\/www.editions-ellipses.fr\/\" target=\"_blank\" rel=\"noreferrer noopener\">Ellipses<\/a>, <a href=\"https:\/\/www.istegroup.com\/fr\/\" target=\"_blank\" rel=\"noreferrer noopener\">ISTE \u00c9ditions<\/a>, <a href=\"https:\/\/www.librairiejle.com\" target=\"_blank\" rel=\"noreferrer noopener\">JLE<\/a> : Librairie m\u00e9dicale, scientifique et technique, <a href=\"http:\/\/www.librairiedesmaths.com\" target=\"_blank\" rel=\"noreferrer noopener\">Librairie des Maths<\/a>, <a href=\"https:\/\/www.eyrolles.com\/Sciences\/\" target=\"_blank\" rel=\"noreferrer noopener\">Librairie Eyrolles<\/a> : Boulevard Saint-Germain \u00e0 Paris 5e, <a href=\"https:\/\/www.pearson.fr\/catalog\/stm\/\" target=\"_blank\" rel=\"noreferrer noopener\">Pearson<\/a>, <a href=\"https:\/\/www.poleditions.com\" target=\"_blank\" rel=\"noreferrer noopener\">POLE<\/a>.<\/p>\n\n\n\n<p><\/p>\n","protected":false},"excerpt":{"rendered":"<p>De Boeck Sup\u00e9rieur, Dunod, EDP Sciences, Ellipses, ISTE \u00c9ditions, JLE : Librairie m\u00e9dicale, scientifique et technique, Librairie des Maths, Librairie Eyrolles : Boulevard Saint-Germain \u00e0 Paris 5e, Pearson, POLE.<\/p>\n","protected":false},"author":2,"featured_media":0,"parent":0,"menu_order":0,"comment_status":"closed","ping_status":"closed","template":"","meta":{"footnotes":""},"class_list":["post-29","page","type-page","status-publish","hentry"],"_links":{"self":[{"href":"https:\/\/entropie.org\/objectifsciences\/index.php?rest_route=\/wp\/v2\/pages\/29","targetHints":{"allow":["GET"]}}],"collection":[{"href":"https:\/\/entropie.org\/objectifsciences\/index.php?rest_route=\/wp\/v2\/pages"}],"about":[{"href":"https:\/\/entropie.org\/objectifsciences\/index.php?rest_route=\/wp\/v2\/types\/page"}],"author":[{"embeddable":true,"href":"https:\/\/entropie.org\/objectifsciences\/index.php?rest_route=\/wp\/v2\/users\/2"}],"replies":[{"embeddable":true,"href":"https:\/\/entropie.org\/objectifsciences\/index.php?rest_route=%2Fwp%2Fv2%2Fcomments&post=29"}],"version-history":[{"count":9,"href":"https:\/\/entropie.org\/objectifsciences\/index.php?rest_route=\/wp\/v2\/pages\/29\/revisions"}],"predecessor-version":[{"id":684,"href":"https:\/\/entropie.org\/objectifsciences\/index.php?rest_route=\/wp\/v2\/pages\/29\/revisions\/684"}],"wp:attachment":[{"href":"https:\/\/entropie.org\/objectifsciences\/index.php?rest_route=%2Fwp%2Fv2%2Fmedia&parent=29"}],"curies":[{"name":"wp","href":"https:\/\/api.w.org\/{rel}","templated":true}]}}