{"id":33,"date":"2023-06-27T22:38:54","date_gmt":"2023-06-27T20:38:54","guid":{"rendered":"https:\/\/entropie.org\/objectifsciences\/?page_id=33"},"modified":"2025-07-30T00:08:58","modified_gmt":"2025-07-29T22:08:58","slug":"etudes-superieures","status":"publish","type":"page","link":"https:\/\/entropie.org\/objectifsciences\/?page_id=33","title":{"rendered":"\u00c9tudes sup\u00e9rieures"},"content":{"rendered":"\n<h5 class=\"wp-block-heading\"><strong>Plateformes de pr\u00e9inscriptions<\/strong><\/h5>\n\n\n\n<p><a href=\"https:\/\/parcoursup.fr\" target=\"_blank\" rel=\"noreferrer noopener\">Parcoursup<\/a> =&gt; <a href=\"https:\/\/data.esr.gouv.fr\/FR\/recherche\/Parcoursup#JEU_DE_DONNEES\" target=\"_blank\" rel=\"noreferrer noopener\">Open Data<\/a>, <a href=\"https:\/\/supeasy.fr\/\" target=\"_blank\" rel=\"noreferrer noopener\">SupEasy<\/a>, <a href=\"https:\/\/beta.suptracker.org\" target=\"_blank\" rel=\"noreferrer noopener\">SupTracker<\/a> : Parcoursup d\u00e9crypt\u00e9, <a href=\"https:\/\/www.monmaster.gouv.fr\" target=\"_blank\" rel=\"noreferrer noopener\">Mon Master<\/a>.<\/p>\n\n\n\n<h5 class=\"wp-block-heading\"><strong>\u00c9coles d\u2019ing\u00e9nieurs \/ ENS<\/strong><\/h5>\n\n\n\n<p><a href=\"https:\/\/artsetmetiers.fr\" target=\"_blank\" rel=\"noreferrer noopener\">Arts et M\u00e9tiers ParisTech<\/a>, <a href=\"https:\/\/enseirb-matmeca.bordeaux-inp.fr\" target=\"_blank\" rel=\"noreferrer noopener\">Bordeaux INP \u2013 ENSEIRB-MATMECA<\/a> : \u00c9cole Nationale Sup\u00e9rieure d\u2019\u00c9lectronique, Informatique, T\u00e9l\u00e9communications, Math\u00e9matique et M\u00e9canique de Bordeaux, <a href=\"https:\/\/centralelille.fr\" target=\"_blank\" rel=\"noreferrer noopener\">Centrale Lille<\/a>, <a href=\"https:\/\/www.ec-lyon.fr\" target=\"_blank\" rel=\"noreferrer noopener\">Centrale Lyon<\/a>, <a href=\"https:\/\/www.centrale-marseille.fr\" target=\"_blank\" rel=\"noreferrer noopener\">Centrale Marseille<\/a>, <a href=\"https:\/\/www.ec-nantes.fr\" target=\"_blank\" rel=\"noreferrer noopener\">Centrale Nantes<\/a>, <a href=\"https:\/\/www.centralesupelec.fr\" target=\"_blank\" rel=\"noreferrer noopener\">CentraleSup\u00e9lec<\/a>, <a href=\"https:\/\/www.chimieparistech.psl.eu\" target=\"_blank\" rel=\"noreferrer noopener\">Chimie ParisTech<\/a>, <a href=\"https:\/\/cytech.cyu.fr\" target=\"_blank\" rel=\"noreferrer noopener\">CY Tech<\/a>, <a href=\"https:\/\/ecoledesponts.fr\" target=\"_blank\" rel=\"noreferrer noopener\">\u00c9cole des Ponts ParisTech<\/a>, <a href=\"https:\/\/www.polytechnique.edu\" target=\"_blank\" rel=\"noreferrer noopener\">\u00c9cole polytechnique (l\u2019X)<\/a>, <a href=\"https:\/\/ecpm.unistra.fr\" target=\"_blank\" rel=\"noreferrer noopener\">ECPM Strasbourg<\/a> : \u00c9cole europ\u00e9enne de Chimie Polym\u00e8res et Mat\u00e9riaux, <a href=\"https:\/\/www.ens.fr\/\" target=\"_blank\" rel=\"noreferrer noopener\">ENS \u2013 PSL<\/a> : \u00c9cole Normale Sup\u00e9rieure, <a href=\"http:\/\/www.ens-lyon.fr\" target=\"_blank\" rel=\"noreferrer noopener\">ENS de Lyon<\/a> : \u00c9cole Normale Sup\u00e9rieure, <a href=\"https:\/\/ens-paris-saclay.fr\" target=\"_blank\" rel=\"noreferrer noopener\">ENS Paris Saclay<\/a> : \u00c9cole Normale Sup\u00e9rieure, <a href=\"https:\/\/www.ens-rennes.fr\" target=\"_blank\" rel=\"noreferrer noopener\">ENS Rennes<\/a> : \u00c9cole Normale Sup\u00e9rieure, <a href=\"https:\/\/www.ensae.fr\" target=\"_blank\" rel=\"noreferrer noopener\">ENSAE Paris<\/a> : \u00c9cole Nationale de la Statistique et de l\u2019Administration \u00c9conomique, <a href=\"https:\/\/www.ensai.fr\" target=\"_blank\" rel=\"noreferrer noopener\">ENSAI<\/a> : \u00c9cole Nationale de la Statistique et l\u2019Analyse de l\u2019Information, <a href=\"https:\/\/www.enscm.fr\" target=\"_blank\" rel=\"noreferrer noopener\">ENSCM<\/a> : \u00c9cole Nationale Sup\u00e9rieure de Chimie de Montpellier, <a href=\"https:\/\/www.ensc-rennes.fr\" target=\"_blank\" rel=\"noreferrer noopener\">ENSCR<\/a> : \u00c9cole Nationale Sup\u00e9rieure de Chimie de Rennes, <a href=\"https:\/\/ensg.eu\" target=\"_blank\" rel=\"noreferrer noopener\">ENSG-G\u00e9omatique<\/a> : \u00c9cole Nationale des Sciences G\u00e9ographiques,  <a href=\"https:\/\/www.ensta-bretagne.fr\" target=\"_blank\" rel=\"noreferrer noopener\">ENSTA Bretagne<\/a> : \u00c9cole Nationale Sup\u00e9rieure de Techniques Avanc\u00e9es, <a href=\"https:\/\/www.ensta-paris.fr\" target=\"_blank\" rel=\"noreferrer noopener\">ENSTA Paris<\/a> : \u00c9cole Nationale Sup\u00e9rieure de Techniques Avanc\u00e9es, <a href=\"https:\/\/www.espci.psl.eu\" target=\"_blank\" rel=\"noreferrer noopener\">ESPCI Paris<\/a> : \u00c9cole Sup\u00e9rieure de Physique et de Chimie Industrielles, <a href=\"https:\/\/ense3.grenoble-inp.fr\" target=\"_blank\" rel=\"noreferrer noopener\">Grenoble INP \u2013 Ense3<\/a> : \u00c9cole Nationale Sup\u00e9rieure de l\u2019\u00c9nergie, l\u2019Eau et l\u2019Environnement, <a href=\"https:\/\/ensimag.grenoble-inp.fr\" target=\"_blank\" rel=\"noreferrer noopener\">Grenoble INP \u2013 Ensimag<\/a> : \u00c9cole Nationale Sup\u00e9rieure d\u2019Informatique et de Math\u00e9matiques Appliqu\u00e9es, <a href=\"https:\/\/genie-industriel.grenoble-inp.fr\/\" target=\"_blank\" rel=\"noreferrer noopener\">Grenoble INP \u2013 G\u00e9nie Industriel<\/a>, <a href=\"https:\/\/phelma.grenoble-inp.fr\" target=\"_blank\" rel=\"noreferrer noopener\">Grenoble INP \u2013 Phelma<\/a> : \u00c9cole nationale sup\u00e9rieure de physique, \u00e9lectronique, mat\u00e9riaux, <a href=\"https:\/\/www.imt-atlantique.fr\" target=\"_blank\" rel=\"noreferrer noopener\">IMT Atlantique<\/a> : Institut Mines-T\u00e9l\u00e9com, <a href=\"https:\/\/www.imt-mines-albi.fr\" target=\"_blank\" rel=\"noreferrer noopener\">IMT Mines Albi<\/a>, <a href=\"https:\/\/www.imt-mines-ales.fr\" target=\"_blank\" rel=\"noreferrer noopener\">IMT Mines Al\u00e8s<\/a>, <a href=\"https:\/\/imt-nord-europe.fr\" target=\"_blank\" rel=\"noreferrer noopener\">IMT Nord Europe<\/a>, <a href=\"https:\/\/www.insa-centrevaldeloire.fr\" target=\"_blank\" rel=\"noreferrer noopener\">INSA Centre Val de Loire<\/a> : Institut National des Sciences Appliqu\u00e9es, <a href=\"https:\/\/www.insa-hautsdefrance.fr\" target=\"_blank\" rel=\"noreferrer noopener\">INSA Hauts-de-France<\/a> : Institut National des Sciences Appliqu\u00e9es, <a href=\"https:\/\/www.insa-lyon.fr\" target=\"_blank\" rel=\"noreferrer noopener\">INSA Lyon<\/a> : Institut National des Sciences Appliqu\u00e9es, <a href=\"https:\/\/www.insa-rennes.fr\" target=\"_blank\" rel=\"noreferrer noopener\">INSA Rennes<\/a> : Institut National des Sciences Appliqu\u00e9es, <a href=\"https:\/\/www.insa-rouen.fr\/\" target=\"_blank\" rel=\"noreferrer noopener\">INSA Rouen<\/a> : Institut National des Sciences Appliqu\u00e9es, <a href=\"https:\/\/www.insa-strasbourg.fr\/\" target=\"_blank\" rel=\"noreferrer noopener\">INSA Strasbourg<\/a> : Institut National des Sciences Appliqu\u00e9es, <a href=\"https:\/\/www.insa-toulouse.fr\/\" target=\"_blank\" rel=\"noreferrer noopener\">INSA Toulouse<\/a> : Institut National des Sciences Appliqu\u00e9es, <a href=\"https:\/\/www.ip-paris.fr\" target=\"_blank\" rel=\"noreferrer noopener\">Institut Polytechnique de Paris<\/a> : Regroupe 5 prestigieuses \u00e9coles d\u2019ing\u00e9nieurs fran\u00e7aises, <a href=\"https:\/\/www.isae-supaero.fr\/\" target=\"_blank\" rel=\"noreferrer noopener\">ISAE-SUPAERO<\/a> : Institut Sup\u00e9rieur de l\u2019A\u00e9ronautique et de l\u2019Espace, <a href=\"https:\/\/mines-nancy.univ-lorraine.fr\/\" target=\"_blank\" rel=\"noreferrer noopener\">Mines Nancy<\/a>, <a href=\"https:\/\/www.minesparis.psl.eu\" target=\"_blank\" rel=\"noreferrer noopener\">Mines Paris<\/a>, <a href=\"https:\/\/www.mines-stetienne.fr\" target=\"_blank\" rel=\"noreferrer noopener\">Mines Saint-\u00c9tienne<\/a>, <a href=\"https:\/\/sup-enr.univ-perp.fr\/\" target=\"_blank\" rel=\"noreferrer noopener\">Sup\u2019EnR<\/a> : \u00c9cole d\u2019ing\u00e9nieur en \u00e9nergies renouvelables de Perpignan, <a href=\"https:\/\/www.telecom-paris.fr\" target=\"_blank\" rel=\"noreferrer noopener\">T\u00e9l\u00e9com Paris<\/a>, <a href=\"https:\/\/www.telecom-sudparis.eu\/\" target=\"_blank\" rel=\"noreferrer noopener\">T\u00e9l\u00e9com SudParis<\/a>, <a href=\"https:\/\/www.enm-toulouse.fr\" target=\"_blank\" rel=\"noreferrer noopener\">Toulouse INP \u2013 ENM<\/a> : \u00c9cole Nationale de la M\u00e9t\u00e9orologie, <a href=\"https:\/\/www.enseeiht.fr\" target=\"_blank\" rel=\"noreferrer noopener\">Toulouse INP \u2013 ENSEEIHT<\/a> : \u00c9cole Nationale Sup\u00e9rieure d\u2019\u00c9lectrotechnique, d\u2019\u00c9lectronique, d\u2019Informatique, d\u2019Hydraulique et des T\u00e9l\u00e9communications, <a href=\"https:\/\/www.ensiacet.fr\" target=\"_blank\" rel=\"noreferrer noopener\">Toulouse INP \u2013 ENSIACET<\/a> : \u00c9cole Nationale Sup\u00e9rieure des Ing\u00e9nieurs en Arts Chimiques Et Technologiques, <a href=\"https:\/\/www.utbm.fr\" target=\"_blank\" rel=\"noreferrer noopener\">UTBM Belfort<\/a> : Universit\u00e9 de Technologie de Belfort Montb\u00e9liard, <a href=\"https:\/\/www.utc.fr\" target=\"_blank\" rel=\"noreferrer noopener\">UTC Compi\u00e8gne<\/a> : Universit\u00e9 de Technologie de Compi\u00e8gne, <a href=\"https:\/\/www.utt.fr\" target=\"_blank\" rel=\"noreferrer noopener\">UTT Troyes<\/a> : Universit\u00e9 de Technologie de Troyes.<\/p>\n\n\n\n<h5 class=\"wp-block-heading\">\u00c9<strong>coles de sciences humaines<\/strong> et sociales \/ ENS<\/h5>\n\n\n\n<p><a href=\"http:\/\/www.celsa.fr\" data-type=\"link\" data-id=\"https:\/\/www.celsa.fr\" target=\"_blank\" rel=\"noreferrer noopener\">Celsa<\/a> : \u00c9cole des hautes \u00e9tudes en sciences de l&rsquo;information et de la communication, <a href=\"https:\/\/www.parisschoolofeconomics.eu\/fr\/\" target=\"_blank\" rel=\"noreferrer noopener\">\u00c9cole d&rsquo;\u00e9conomie de Paris (PSE)<\/a>, <a href=\"https:\/\/www.tse-fr.eu\/fr\/\" target=\"_blank\" rel=\"noreferrer noopener\">\u00c9cole d&rsquo;\u00e9conomie de Toulouse (TSE)<\/a>, <a href=\"https:\/\/www.ecoledulouvre.fr\" target=\"_blank\" rel=\"noreferrer noopener\">\u00c9cole du Louvre<\/a>, <a href=\"https:\/\/www.chartes.psl.eu\/\" target=\"_blank\" rel=\"noreferrer noopener\">\u00c9cole nationale des chartes<\/a>, <a href=\"https:\/\/www.ephe.psl.eu\/\" target=\"_blank\" rel=\"noreferrer noopener\">\u00c9cole Pratique des Hautes \u00c9tudes<\/a>, <a href=\"https:\/\/www.ehess.fr\" target=\"_blank\" rel=\"noreferrer noopener\">EHESS<\/a> : \u00c9cole des Hautes \u00c9tudes en Sciences Sociales, <a href=\"https:\/\/www.ens.fr\/\" target=\"_blank\" rel=\"noreferrer noopener\">ENS \u2013 PSL<\/a> : \u00c9cole Normale Sup\u00e9rieure, <a href=\"http:\/\/www.ens-lyon.fr\" target=\"_blank\" rel=\"noreferrer noopener\">ENS de Lyon<\/a> : \u00c9cole Normale Sup\u00e9rieure, <a href=\"https:\/\/ens-paris-saclay.fr\" target=\"_blank\" rel=\"noreferrer noopener\">ENS Paris Saclay<\/a> : \u00c9cole Normale Sup\u00e9rieure, <a href=\"https:\/\/www.ismapp.com\" target=\"_blank\" rel=\"noreferrer noopener\">ISMaPP<\/a> : Institut Sup\u00e9rieur du Management Public et Politique, <a href=\"https:\/\/www.mriae.com\/\" target=\"_blank\" rel=\"noreferrer noopener\">MRIAE<\/a> : Magist\u00e8re et Masters Relations Internationales et Action \u00e0 l&rsquo;\u00c9tranger, <a href=\"https:\/\/www.sciencespo.fr\" target=\"_blank\" rel=\"noreferrer noopener\">Sciences Po<\/a> (Campus \u00e0 Paris, Dijon, Le Havre, Menton, Nancy, Poitiers, Reims), <a href=\"https:\/\/www.sciencespobordeaux.fr\" target=\"_blank\" rel=\"noreferrer noopener\">Sciences Po Bordeaux<\/a>, <a href=\"https:\/\/www.sciencespo-grenoble.fr\/\" target=\"_blank\" rel=\"noreferrer noopener\">Sciences Po Grenoble<\/a>, <a href=\"https:\/\/www.reseau-scpo.fr\/\" target=\"_blank\" rel=\"noreferrer noopener\">R\u00e9seau ScPo<\/a> : <a href=\"https:\/\/www.sciencespo-aix.fr\" target=\"_blank\" rel=\"noreferrer noopener\">Sciences Po Aix-en-Provence<\/a>, <a href=\"https:\/\/www.sciencespo-lille.eu\/\" target=\"_blank\" rel=\"noreferrer noopener\">Sciences Po Lille<\/a>, <a href=\"https:\/\/www.sciencespo-lyon.fr\/\" target=\"_blank\" rel=\"noreferrer noopener\">Sciences Po Lyon<\/a>, <a href=\"https:\/\/www.sciencespo-rennes.fr\" data-type=\"link\" data-id=\"https:\/\/www.sciencespo-rennes.fr\" target=\"_blank\" rel=\"noreferrer noopener\">Sciences Po Rennes<\/a>, <a href=\"https:\/\/www.sciencespo-saintgermainenlaye.fr\/\" target=\"_blank\" rel=\"noreferrer noopener\">Sciences Po Saint-Germain en Laye<\/a>, <a href=\"https:\/\/www.sciencespo-strasbourg.fr\/\" target=\"_blank\" rel=\"noreferrer noopener\">Sciences Po Strasbourg<\/a>, <a href=\"https:\/\/www.sciencespo-toulouse.fr\/\" target=\"_blank\" rel=\"noreferrer noopener\">Sciences Po Toulouse<\/a>.<\/p>\n\n\n\n<h5 class=\"wp-block-heading\">\u00c9<strong>coles de<\/strong> commerce &amp; management \/ IAE<\/h5>\n\n\n\n<p><a href=\"https:\/\/www.audencia.com\/\" target=\"_blank\" rel=\"noreferrer noopener\">Audencia Business School<\/a> : \u00c9cole Audencia de Management de Nantes, <a href=\"https:\/\/www.edhec.edu\/fr\" target=\"_blank\" rel=\"noreferrer noopener\">EDHEC Business School<\/a> : \u00c9cole des hautes \u00e9tudes commerciales du Nord, <a href=\"https:\/\/em-lyon.com\/\" target=\"_blank\" rel=\"noreferrer noopener\">emlyon Business School<\/a> : \u00c9cole de management de Lyon, <a href=\"https:\/\/escp.eu\/\" target=\"_blank\" rel=\"noreferrer noopener\">ESCP Business School<\/a> : \u00c9cole sup\u00e9rieure de commerce de Paris, <a href=\"https:\/\/www.essec.edu\/fr\/\" target=\"_blank\" rel=\"noreferrer noopener\">ESSEC Business School<\/a> : \u00c9cole sup\u00e9rieure des sciences \u00e9conomiques et commerciales, <a href=\"https:\/\/www.grenoble-em.com\/\" target=\"_blank\" rel=\"noreferrer noopener\">Grenoble \u00c9cole de Management<\/a>, <a href=\"https:\/\/www.hec.edu\/fr\" target=\"_blank\" rel=\"noreferrer noopener\">HEC Paris<\/a> : \u00c9cole des hautes \u00e9tudes commerciales de Paris, <a href=\"https:\/\/kedge.edu\/\" target=\"_blank\" rel=\"noreferrer noopener\">KEDGE Business School<\/a>, <a href=\"https:\/\/neoma-bs.fr\/\" target=\"_blank\" rel=\"noreferrer noopener\">NEOMA Business School<\/a>, <a href=\"https:\/\/www.skema.edu\/fr\" target=\"_blank\" rel=\"noreferrer noopener\">SKEMA Business School<\/a> : School of Knowledge Economy and Management, <a href=\"https:\/\/www.iae-france.fr\/\" target=\"_blank\" rel=\"noreferrer noopener\">IAE France<\/a>.<\/p>\n\n\n\n<h5 class=\"wp-block-heading\"><strong>Universit\u00e9s<\/strong><\/h5>\n\n\n\n<p><a href=\"https:\/\/www.universite-paris-saclay.fr\" target=\"_blank\" rel=\"noreferrer noopener\">Universit\u00e9 Paris-Saclay<\/a>, <a href=\"https:\/\/www.pantheonsorbonne.fr\/\" target=\"_blank\" rel=\"noreferrer noopener\">Universit\u00e9 Paris 1 Panth\u00e9on Sorbonne<\/a>, <a href=\"https:\/\/www.sorbonne-universite.fr\" target=\"_blank\" rel=\"noreferrer noopener\">Sorbonne Universit\u00e9<\/a>, <a href=\"https:\/\/www.psl.eu\" target=\"_blank\" rel=\"noreferrer noopener\">Universit\u00e9 PSL<\/a>, <a href=\"https:\/\/u-paris.fr\" target=\"_blank\" rel=\"noreferrer noopener\">Universit\u00e9 Paris Cit\u00e9<\/a>, <a href=\"https:\/\/dauphine.psl.eu\/\" target=\"_blank\" rel=\"noreferrer noopener\">Universit\u00e9 Paris Dauphine<\/a>, <a href=\"https:\/\/www.assas-universite.fr\" data-type=\"link\" data-id=\"https:\/\/www.assas-universite.fr\" target=\"_blank\" rel=\"noreferrer noopener\">Universit\u00e9 Paris-Panth\u00e9on-Assas<\/a>, <a href=\"https:\/\/www.univ-grenoble-alpes.fr\" target=\"_blank\" rel=\"noreferrer noopener\">Universit\u00e9 Grenoble Alpes<\/a>, <a href=\"https:\/\/www.univ-larochelle.fr\/\" target=\"_blank\" rel=\"noreferrer noopener\">La Rochelle Universit\u00e9<\/a>, <a href=\"https:\/\/www.univ-nantes.fr\/\" target=\"_blank\" rel=\"noreferrer noopener\">Universit\u00e9 de Nantes<\/a>, <a href=\"https:\/\/www.univ-rennes.fr\" target=\"_blank\" rel=\"noreferrer noopener\">Universit\u00e9 de Rennes<\/a>, <a href=\"https:\/\/www.univ-rennes2.fr\/\" target=\"_blank\" rel=\"noreferrer noopener\">Universit\u00e9 Rennes\u00a02<\/a>, <a href=\"https:\/\/www.unistra.fr\/\" target=\"_blank\" rel=\"noreferrer noopener\">Universit\u00e9 de Strasbourg<\/a>, <a href=\"https:\/\/reseau-figure.fr\/\" target=\"_blank\" rel=\"noreferrer noopener\">R\u00e9seau Figure<\/a> : CMI (Cursus Master en Ing\u00e9nierie), <a href=\"https:\/\/www.iut.fr\" target=\"_blank\" rel=\"noreferrer noopener\">Les IUT<\/a>.<\/p>\n\n\n\n<h5 class=\"wp-block-heading\"><strong>CPGE<\/strong><\/h5>\n\n\n\n<p><a href=\"https:\/\/prepas.org\" target=\"_blank\" rel=\"noreferrer noopener\">Prepas.org<\/a> : Le site des classes pr\u00e9paratoires scientifiques, <a href=\"https:\/\/infoprepa.com\" target=\"_blank\" rel=\"noreferrer noopener\">InfoPrepa<\/a> : Classe Pr\u00e9paratoire \u00c9conomique et Commerciale, <a href=\"https:\/\/www.prepabl.fr\" target=\"_blank\" rel=\"noreferrer noopener\">Pr\u00e9paBL<\/a> : Classe Pr\u00e9paratoire Lettres et sciences sociales B\/L.<\/p>\n\n\n\n<h5 class=\"wp-block-heading\"><strong>Cycles Pr\u00e9paratoires Communs \/ Int\u00e9gr\u00e9s<\/strong><\/h5>\n\n\n\n<p><a rel=\"noreferrer noopener\" href=\"https:\/\/la-prepa-des-inp.fr\/\" target=\"_blank\">La Pr\u00e9pa des INP<\/a>, <a rel=\"noreferrer noopener\" href=\"https:\/\/www.polytech-reseau.org\/comment-integrer-le-peip\/\" target=\"_blank\">PEIP (Parcours des \u00e9coles d\u2019ing\u00e9nieurs Polytech)<\/a> =&gt; <a rel=\"noreferrer noopener\" href=\"https:\/\/www.geipi-polytech.org\/\" target=\"_blank\">Concours Geipi Polytech<\/a>, <a href=\"https:\/\/20ecolesdechimie.com\/les-classes-preparatoires-integrees\/\" target=\"_blank\" rel=\"noreferrer noopener\">CPI (Classes pr\u00e9paratoires int\u00e9gr\u00e9es de la F\u00e9d\u00e9ration Gay-Lussac)<\/a>, <a rel=\"noreferrer noopener\" href=\"https:\/\/www.groupe-insa.fr\" target=\"_blank\">Groupe INSA<\/a>, <a rel=\"noreferrer noopener\" href=\"https:\/\/www.groupe-ut.fr\" target=\"_blank\">Groupe UT<\/a>.<\/p>\n\n\n\n<h5 class=\"wp-block-heading\"><strong>Concours<\/strong><\/h5>\n\n\n\n<p><a rel=\"noreferrer noopener\" href=\"https:\/\/www.scei-concours.fr\" target=\"_blank\">SCEI<\/a> : Service de Concours Ecoles d\u2019Ing\u00e9nieurs, <a rel=\"noreferrer noopener\" href=\"https:\/\/banques-ecoles.fr\/\" target=\"_blank\">Banques-\u00c9coles<\/a> : Concerne les concours des ENS et l\u2019EPFL, <a rel=\"noreferrer noopener\" href=\"https:\/\/www.concours-centrale-supelec.fr\" target=\"_blank\">Concours Centrale-Sup\u00e9lec<\/a>, <a rel=\"noreferrer noopener\" href=\"https:\/\/www.concours-commun-inp.fr\" target=\"_blank\">Concours Commun INP<\/a>, <a rel=\"noreferrer noopener\" href=\"https:\/\/www.e3a-polytech.fr\" target=\"_blank\">Concours e3a-Polytech<\/a>, <a rel=\"noreferrer noopener\" href=\"https:\/\/www.concoursminesponts.fr\" target=\"_blank\">Concours Mines-Ponts<\/a>, <a href=\"https:\/\/www.concours-mines-telecom.fr\" data-type=\"link\" data-id=\"https:\/\/www.concours-mines-telecom.fr\" target=\"_blank\" rel=\"noreferrer noopener\">Concours Mines-T\u00e9l\u00e9com<\/a>.<\/p>\n\n\n\n<h5 class=\"wp-block-heading\"><strong>Classements<\/strong><\/h5>\n\n\n\n<p><a href=\"https:\/\/www.letudiant.fr\/classements\/classement-des-ecoles-d-ingenieurs.html\" target=\"_blank\" rel=\"noreferrer noopener\">Classement des \u00e9coles d\u2019ing\u00e9nieurs (L\u2019\u00c9tudiant)<\/a>, <a href=\"https:\/\/www.usinenouvelle.com\/comparatif-des-ecoles-d-ingenieurs-2025\" target=\"_blank\" rel=\"noreferrer noopener\">Classement 2025 des \u00e9coles d\u2019ing\u00e9nieurs (L\u2019Usine Nouvelle)<\/a>, <a href=\"https:\/\/etudiant.lefigaro.fr\/etudes\/ecoles-ingenieurs\/classement\/\" target=\"_blank\" rel=\"noreferrer noopener\">Classement des \u00e9coles d\u2019ing\u00e9nieurs (Le Figaro)<\/a>, <a href=\"https:\/\/www.lesechos.fr\/politique-societe\/education\/le-classement-2024-des-grandes-ecoles-les-plus-engagees-dans-la-transition-ecologique-2130141\" target=\"_blank\" rel=\"noreferrer noopener\">Classement ChangeNOW\/Les Echos 2024 des \u00e9coles les plus engag\u00e9es dans la transition \u00e9cologique<\/a>, <a href=\"https:\/\/www.letudiant.fr\/etudes\/classes-prepa\/classement-le-palmares-des-prepas-de-l-etudiant-11637.html\" target=\"_blank\" rel=\"noreferrer noopener\">Classement des CPGE (L\u2019\u00c9tudiant)<\/a>, <a href=\"https:\/\/etudiant.lefigaro.fr\/college-lycee\/lycee\/classement-prepas\/\" target=\"_blank\" rel=\"noreferrer noopener\">Classement des pr\u00e9pas (Le Figaro)<\/a>, <a href=\"https:\/\/www.challenges.fr\/classements\/prepas\/ecoles-d-ingenieurs-2025\/\" target=\"_blank\" rel=\"noreferrer noopener\">Classement 2025 des pr\u00e9pas (Challenges)<\/a>, <a href=\"https:\/\/misterprepa.net\/sigem\/\" target=\"_blank\" rel=\"noreferrer noopener\">Classement SIGEM<\/a> : Syst\u00e8me d&rsquo;Int\u00e9gration aux Grandes \u00c9coles de Management, <a href=\"https:\/\/www.letudiant.fr\/classements\/classement-des-licences-sciences-et-sante.html\" target=\"_blank\" rel=\"noreferrer noopener\">Classement des licences en sciences et sant\u00e9 (L\u2019\u00c9tudiant)<\/a>, <a href=\"https:\/\/www.insee.fr\/fr\/outil-interactif\/5369554\" target=\"_blank\" rel=\"noreferrer noopener\">Dataviz salaires<\/a>, <a href=\"https:\/\/www.daur-rankings.com\/\" target=\"_blank\" rel=\"noreferrer noopener\">DAUR<\/a> : Data Analysis for University Rankings, <a href=\"https:\/\/www.shanghairanking.com\/\" target=\"_blank\" rel=\"noreferrer noopener\">Academic Ranking of World Universities (ShanghaiRanking)<\/a>, <a href=\"https:\/\/www.topuniversities.com\" target=\"_blank\" rel=\"noreferrer noopener\">QS Universities Rankings<\/a>, <a href=\"https:\/\/www.ef.fr\/epi\/\" target=\"_blank\" rel=\"noreferrer noopener\">EF English Proficiency Index<\/a>.<\/p>\n\n\n\n<h5 class=\"wp-block-heading\"><strong>\u00c9coles \u00e0 l\u2019\u00e9tranger<\/strong><\/h5>\n\n\n\n<p><a rel=\"noreferrer noopener\" href=\"https:\/\/www.epfl.ch\/fr\/\" target=\"_blank\">EPFL<\/a> : \u00c9cole Polytechnique F\u00e9d\u00e9rale de Lausanne, <a rel=\"noreferrer noopener\" href=\"https:\/\/www.mcgill.ca\/fr\" target=\"_blank\">McGill<\/a> : Universit\u00e9 McGill de Montr\u00e9al, <a rel=\"noreferrer noopener\" href=\"https:\/\/www.unibocconi.eu\" target=\"_blank\">Boconni University<\/a> : Milan, <a rel=\"noreferrer noopener\" href=\"https:\/\/www.kcl.ac.uk\/\" target=\"_blank\">King&rsquo;s College London<\/a>, <a href=\"https:\/\/www.ucl.ac.uk\" target=\"_blank\" rel=\"noreferrer noopener\">University College London<\/a>,  <a rel=\"noreferrer noopener\" href=\"http:\/\/www.cam.ac.uk\/\" target=\"_blank\">University of Cambridge<\/a>, <a rel=\"noreferrer noopener\" href=\"http:\/\/www.ox.ac.uk\/\" target=\"_blank\">University of Oxford<\/a>.<\/p>\n","protected":false},"excerpt":{"rendered":"<p>Plateformes de pr\u00e9inscriptions Parcoursup =&gt; Open Data, SupEasy, SupTracker : Parcoursup d\u00e9crypt\u00e9, Mon Master. \u00c9coles d\u2019ing\u00e9nieurs \/ ENS Arts et M\u00e9tiers ParisTech, Bordeaux INP \u2013 ENSEIRB-MATMECA : \u00c9cole Nationale Sup\u00e9rieure d\u2019\u00c9lectronique, Informatique, T\u00e9l\u00e9communications, Math\u00e9matique et M\u00e9canique de Bordeaux, Centrale Lille, Centrale Lyon, Centrale Marseille, Centrale Nantes, CentraleSup\u00e9lec, Chimie ParisTech, CY Tech, \u00c9cole des Ponts ParisTech, &hellip; <a href=\"https:\/\/entropie.org\/objectifsciences\/?page_id=33\" class=\"more-link\">Continuer la lecture<span class=\"screen-reader-text\"> de &laquo;&nbsp;\u00c9tudes sup\u00e9rieures&nbsp;&raquo;<\/span><\/a><\/p>\n","protected":false},"author":2,"featured_media":0,"parent":0,"menu_order":0,"comment_status":"closed","ping_status":"closed","template":"","meta":{"footnotes":""},"class_list":["post-33","page","type-page","status-publish","hentry"],"_links":{"self":[{"href":"https:\/\/entropie.org\/objectifsciences\/index.php?rest_route=\/wp\/v2\/pages\/33","targetHints":{"allow":["GET"]}}],"collection":[{"href":"https:\/\/entropie.org\/objectifsciences\/index.php?rest_route=\/wp\/v2\/pages"}],"about":[{"href":"https:\/\/entropie.org\/objectifsciences\/index.php?rest_route=\/wp\/v2\/types\/page"}],"author":[{"embeddable":true,"href":"https:\/\/entropie.org\/objectifsciences\/index.php?rest_route=\/wp\/v2\/users\/2"}],"replies":[{"embeddable":true,"href":"https:\/\/entropie.org\/objectifsciences\/index.php?rest_route=%2Fwp%2Fv2%2Fcomments&post=33"}],"version-history":[{"count":84,"href":"https:\/\/entropie.org\/objectifsciences\/index.php?rest_route=\/wp\/v2\/pages\/33\/revisions"}],"predecessor-version":[{"id":526,"href":"https:\/\/entropie.org\/objectifsciences\/index.php?rest_route=\/wp\/v2\/pages\/33\/revisions\/526"}],"wp:attachment":[{"href":"https:\/\/entropie.org\/objectifsciences\/index.php?rest_route=%2Fwp%2Fv2%2Fmedia&parent=33"}],"curies":[{"name":"wp","href":"https:\/\/api.w.org\/{rel}","templated":true}]}}