{"id":37,"date":"2023-06-27T22:39:31","date_gmt":"2023-06-27T20:39:31","guid":{"rendered":"https:\/\/entropie.org\/objectifsciences\/?page_id=37"},"modified":"2025-10-10T18:27:05","modified_gmt":"2025-10-10T16:27:05","slug":"entreprises","status":"publish","type":"page","link":"https:\/\/entropie.org\/objectifsciences\/?page_id=37","title":{"rendered":"Entreprises"},"content":{"rendered":"\n<h5 class=\"wp-block-heading\">A<\/h5>\n\n\n\n<p><a href=\"https:\/\/www.actia.com\" target=\"_blank\" rel=\"noreferrer noopener\">Actia Group<\/a> : \u00c9lectronique pour les v\u00e9hicules et les t\u00e9l\u00e9communications, <a href=\"https:\/\/www.airbus.com\" target=\"_blank\" rel=\"noreferrer noopener\">Airbus<\/a> : A\u00e9ronautique \/ D\u00e9fense, <a href=\"https:\/\/www.airliquide.com\" target=\"_blank\" rel=\"noreferrer noopener\">Air Liquide<\/a> : Gaz industriels et m\u00e9dicaux, <a href=\"https:\/\/www.akka-technologies.com\" target=\"_blank\" rel=\"noreferrer noopener\">Akka Technologies<\/a> : Prestations de conseil et d\u2019ing\u00e9nierie en hautes technologies, <a href=\"https:\/\/www.albioma.com\" target=\"_blank\" rel=\"noreferrer noopener\">Albioma<\/a> : \u00c9nergie renouvelable : biomasse, solaire, g\u00e9othermie, <a href=\"https:\/\/alice-bob.com\" target=\"_blank\" rel=\"noreferrer noopener\">Alice &amp; Bob<\/a> : Informatique quantique, <a href=\"https:\/\/www.alstom.com\" target=\"_blank\" rel=\"noreferrer noopener\">Alstom<\/a> : Transport ferroviaire, <a href=\"https:\/\/www.alten.fr\" target=\"_blank\" rel=\"noreferrer noopener\">Alten<\/a> : Ing\u00e9nierie et conseil en technologies, <a href=\"https:\/\/www.aperam.com\" target=\"_blank\" rel=\"noreferrer noopener\">Aperam<\/a> : Fer et acier, <a href=\"https:\/\/www.arcelormittal.com\" target=\"_blank\" rel=\"noreferrer noopener\">Arcelor Mittal<\/a> : Fer et acier, <a href=\"https:\/\/www.arkema.com\" target=\"_blank\" rel=\"noreferrer noopener\">Arkema<\/a> : Chimie, <a href=\"https:\/\/fr.artprice.com\" target=\"_blank\" rel=\"noreferrer noopener\">Artmarket<\/a> : Bases de donn\u00e9es li\u00e9es \u00e0 l\u2019art, <a href=\"https:\/\/www.asml.com\" target=\"_blank\" rel=\"noreferrer noopener\">ASML<\/a> : Machines de photolithographie pour l&rsquo;industrie des semi-conducteurs, <a href=\"https:\/\/atos.net\/\" target=\"_blank\" rel=\"noreferrer noopener\">Atos<\/a> : Services informatiques, <a href=\"https:\/\/www.axa.fr\" target=\"_blank\" rel=\"noreferrer noopener\">AXA<\/a> : Assurance.<\/p>\n\n\n\n<h5 class=\"wp-block-heading\">B<\/h5>\n\n\n\n<p><a href=\"https:\/\/www.beneteau-group.com\" target=\"_blank\" rel=\"noreferrer noopener\">Beneteau<\/a> : Bateaux de plaisance, <a href=\"https:\/\/fr.bigben-group.com\" target=\"_blank\" rel=\"noreferrer noopener\">Bigben Interactive<\/a> : Mat\u00e9riels et accessoires de loisirs num\u00e9riques, jeu vid\u00e9o, <a href=\"https:\/\/www.biomerieux.com\" target=\"_blank\" rel=\"noreferrer noopener\">BioM\u00e9rieux<\/a> : \u00c9quipements m\u00e9dicaux, <a href=\"https:\/\/group.bnpparibas\" target=\"_blank\" rel=\"noreferrer noopener\">BNP Paribas<\/a> : Banque, <a href=\"https:\/\/www.bollore.com\" target=\"_blank\" rel=\"noreferrer noopener\">Bollor\u00e9<\/a> : Conglom\u00e9rat, <a href=\"https:\/\/www.bouygues.com\" target=\"_blank\" rel=\"noreferrer noopener\">Bouygues<\/a> : Conglom\u00e9rat.<\/p>\n\n\n\n<h5 class=\"wp-block-heading\">C<\/h5>\n\n\n\n<p><a href=\"https:\/\/www.capgemini.com\/fr-fr\/\" target=\"_blank\" rel=\"noreferrer noopener\">Capgemini<\/a> : Services informatiques, <a href=\"https:\/\/www.carmatsa.com\" target=\"_blank\" rel=\"noreferrer noopener\">Carmat<\/a> : Coeur artificiel, <a href=\"https:\/\/www.catanagroup.com\" target=\"_blank\" rel=\"noreferrer noopener\">Catana<\/a> : Bateaux de plaisance, <a href=\"https:\/\/www.cgg.com\" target=\"_blank\" rel=\"noreferrer noopener\">CGG<\/a> : Services et produits g\u00e9ophysiques pour compagnies p\u00e9troli\u00e8res et gazi\u00e8res, <a href=\"https:\/\/www.chargeurs.com\" target=\"_blank\" rel=\"noreferrer noopener\">Chargeurs<\/a> : Mat\u00e9riaux, <a href=\"https:\/\/www.cofidur-ems.com\" target=\"_blank\" rel=\"noreferrer noopener\">Cofidur<\/a>\u00a0: Sous-traitance \u00e9lectronique, <a href=\"https:\/\/www.credit-agricole.com\" target=\"_blank\" rel=\"noreferrer noopener\">Cr\u00e9dit Agricole<\/a> : Banque, <a href=\"https:\/\/www.c12qe.com\/\" target=\"_blank\" rel=\"noreferrer noopener\">C12<\/a> : Informatique quantique.<\/p>\n\n\n\n<h5 class=\"wp-block-heading\">D<\/h5>\n\n\n\n<p><a href=\"https:\/\/www.danone.com\/fr\" target=\"_blank\" rel=\"noreferrer noopener\">Danone<\/a> : Agroalimentaire, <a href=\"https:\/\/www.dassault-aviation.com\" target=\"_blank\" rel=\"noreferrer noopener\">Dassault Aviation<\/a> : A\u00e9ronautique \/ D\u00e9fense, <a href=\"https:\/\/www.3ds.com\/fr\" target=\"_blank\" rel=\"noreferrer noopener\">Dassault Syst\u00e8mes<\/a> : Services informatiques, <a href=\"https:\/\/www.deezer.com\" rel=\"noreferrer noopener\" target=\"_blank\">Deezer<\/a> : Streaming audio, <a href=\"https:\/\/2crsi.com\" target=\"_blank\" rel=\"noreferrer noopener\">2CRSI<\/a> : Conception et fabrication de serveurs informatiques, <a href=\"https:\/\/dont-nod.com\" target=\"_blank\" rel=\"noreferrer noopener\">DON\u2019T NOD<\/a> : Jeu vid\u00e9o.<\/p>\n\n\n\n<h5 class=\"wp-block-heading\">E<\/h5>\n\n\n\n<p><a href=\"https:\/\/www.edf.fr\/groupe-edf\" rel=\"noreferrer noopener\" target=\"_blank\">EDF<\/a> : \u00c9nergie, <a href=\"https:\/\/www.eiffage.com\" rel=\"noreferrer noopener\" target=\"_blank\">Eiffage<\/a> : BTP, <a href=\"https:\/\/www.engie.com\" rel=\"noreferrer noopener\" target=\"_blank\">Engie<\/a> : \u00c9nergie, <a href=\"https:\/\/entech-se.com\" rel=\"noreferrer noopener\" target=\"_blank\">Entech<\/a> : Stockage, conversion et pilotage intelligent des \u00e9nergies renouvelables, <a href=\"https:\/\/www.eramet.com\" rel=\"noreferrer noopener\" target=\"_blank\">Eramet<\/a> : M\u00e9taux non ferreux, <a href=\"https:\/\/www.essilorluxottica.com\/fr\" rel=\"noreferrer noopener\" target=\"_blank\">EssilorLuxottica<\/a> : Verres optiques et lunettes, <a href=\"https:\/\/www.eurofins.com\" rel=\"noreferrer noopener\" target=\"_blank\">Eurofins Scientific<\/a> : Services bio-analytiques, <a href=\"https:\/\/www.eutelsat.com\/fr\/home.html\" rel=\"noreferrer noopener\" target=\"_blank\">Eutelsat Communications<\/a> : Op\u00e9rateur de satellites, <a href=\"https:\/\/www.exail-technologies.com\/fr\/\" rel=\"noreferrer noopener\" target=\"_blank\">Exail Technologies<\/a> : Robotique autonome, navigation, a\u00e9rospatiale, photonique, <a href=\"https:\/\/www.exclusive-networks.com\/fr\/\" rel=\"noreferrer noopener\" target=\"_blank\">Exclusive Networks<\/a> : Cybers\u00e9curit\u00e9.<\/p>\n\n\n\n<h5 class=\"wp-block-heading\">F<\/h5>\n\n\n\n<p><a href=\"https:\/\/www.faurecia.com\" rel=\"noreferrer noopener\" target=\"_blank\">Faurecia<\/a> : \u00c9quipements automobile, <a href=\"https:\/\/www.figeac-aero.com\" rel=\"noreferrer noopener\" target=\"_blank\">Figeac Aero<\/a> : Production de pi\u00e8ces de structure pour l\u2019a\u00e9ronautique, <a href=\"https:\/\/www.focus-entmt.com\" rel=\"noreferrer noopener\" target=\"_blank\">Focus Entertainment<\/a> : Jeu vid\u00e9o, <a href=\"https:\/\/www.fountaine-pajot.com\" rel=\"noreferrer noopener\" target=\"_blank\">Fountaine Pajot<\/a> : Catamarans \u00e0 voile et Motor Yachts.<\/p>\n\n\n\n<h5 class=\"wp-block-heading\">G<\/h5>\n\n\n\n<p><a href=\"https:\/\/www.genfit.fr\" rel=\"noreferrer noopener\" target=\"_blank\">Genfit<\/a> : Biopharmaceutique, <a href=\"https:\/\/groupebpce.com\" rel=\"noreferrer noopener\" target=\"_blank\">Groupe BPCE<\/a> : Banque \/ Assurance, <a href=\"https:\/\/www.guillemot.com\" rel=\"noreferrer noopener\" target=\"_blank\">Guillemot Corporation<\/a> : Mat\u00e9riels et accessoires de loisirs interactifs.<\/p>\n\n\n\n<h5 class=\"wp-block-heading\">H<\/h5>\n\n\n\n<p><a href=\"https:\/\/www.hdf-energy.com\" target=\"_blank\" rel=\"noreferrer noopener\">HDF Energy<\/a> : Hydrog\u00e8ne-\u00e9lectricit\u00e9, <a href=\"https:\/\/www.hiolle-industries.com\" target=\"_blank\" rel=\"noreferrer noopener\">Hiolle Industries<\/a> : Services \u00e0 l\u2019industrie, <a href=\"https:\/\/www.hydrogen-refueling-solutions.fr\" target=\"_blank\" rel=\"noreferrer noopener\">HRS<\/a> : Fabricant de stations de ravitaillement en hydrog\u00e8ne.<\/p>\n\n\n\n<h5 class=\"wp-block-heading\">I<\/h5>\n\n\n\n<p><a href=\"https:\/\/www.iliad.fr\" target=\"_blank\" rel=\"noreferrer noopener\">Iliad<\/a> : Services t\u00e9l\u00e9coms, <a href=\"https:\/\/www.imerys.com\/fr\" target=\"_blank\" rel=\"noreferrer noopener\">Imerys<\/a> : Activit\u00e9s mini\u00e8res, <a href=\"https:\/\/www.intrasense.fr\" target=\"_blank\" rel=\"noreferrer noopener\">Intrasense<\/a> : Imagerie scanner, <a href=\"https:\/\/www.ipsen.com\/fr\" target=\"_blank\" rel=\"noreferrer noopener\">Ipsen<\/a> : Biopharmaceutique.<\/p>\n\n\n\n<h5 class=\"wp-block-heading\">J<\/h5>\n\n\n\n<h5 class=\"wp-block-heading\">K<\/h5>\n\n\n\n<p><a href=\"https:\/\/www.kalrayinc.com\/fr\" target=\"_blank\" rel=\"noreferrer noopener\">Kalray<\/a> : Semi-conducteurs.<\/p>\n\n\n\n<h5 class=\"wp-block-heading\">L<\/h5>\n\n\n\n<p><a href=\"https:\/\/www.legrand.com\/fr\" target=\"_blank\" rel=\"noreferrer noopener\">Legrand<\/a> : Infrastructures \u00e9lectriques et num\u00e9riques du b\u00e2timent, <a href=\"https:\/\/www.lisi-group.com\" target=\"_blank\" rel=\"noreferrer noopener\">Lisi<\/a> : Conception et fabrication de solutions d\u2019assemblage, <a href=\"https:\/\/www.lucibel.io\" target=\"_blank\" rel=\"noreferrer noopener\">Lucibel<\/a> : Technologies LED, sp\u00e9cialiste du LIFI, <a href=\"https:\/\/www.lumibird.com\" target=\"_blank\" rel=\"noreferrer noopener\">Lumibird<\/a> : Sp\u00e9cialiste du laser.<\/p>\n\n\n\n<h5 class=\"wp-block-heading\">M<\/h5>\n\n\n\n<p><a href=\"https:\/\/www.maunakeatech.com\" target=\"_blank\" rel=\"noreferrer noopener\">Mauna Kea Technologies<\/a> : Imagerie cellulaire in vivo en temps r\u00e9el, <a href=\"https:\/\/www.mediantechnologies.com\" target=\"_blank\" rel=\"noreferrer noopener\">Median Technologies<\/a> : Logiciels d\u2019imagerie m\u00e9dicale, <a href=\"https:\/\/www.mersen.com\" target=\"_blank\" rel=\"noreferrer noopener\">Mersen<\/a> : Sp\u00e9cialit\u00e9s \u00e9lectriques et mat\u00e9riaux avanc\u00e9s, <a href=\"https:\/\/www.michelin.com\" target=\"_blank\" rel=\"noreferrer noopener\">Michelin<\/a> : Pneumatiques, <a href=\"https:\/\/www.mvg-world.com\/fr\" target=\"_blank\" rel=\"noreferrer noopener\">Microwave Vision Group<\/a> : Mesure des ondes \u00e9lectromagn\u00e9tiques.<\/p>\n\n\n\n<h5 class=\"wp-block-heading\">N<\/h5>\n\n\n\n<p><a href=\"https:\/\/www.nacongaming.com\" target=\"_blank\" rel=\"noreferrer noopener\">Nacon<\/a> : Jeu vid\u00e9o, <a href=\"https:\/\/www.nanobiotix.com\/fr\" target=\"_blank\" rel=\"noreferrer noopener\">Nanobiotix<\/a> : Biotechnologie, <a href=\"https:\/\/www.neoen.com\" target=\"_blank\" rel=\"noreferrer noopener\">Neoen<\/a> : Producteur d\u2019\u00e9nergies renouvelables, <a href=\"https:\/\/www.netgem.com\/fr\/\" rel=\"noreferrer noopener\" target=\"_blank\">Netgem<\/a> : Streaming TV, <a href=\"https:\/\/www.neurones.net\" target=\"_blank\" rel=\"noreferrer noopener\">Neurones<\/a> : Services informatiques, <a href=\"https:\/\/www.nexans.com\" target=\"_blank\" rel=\"noreferrer noopener\">Nexans<\/a> : C\u00e2bles et solutions de c\u00e2blage, <a href=\"https:\/\/www.nextedia.com\" rel=\"noreferrer noopener\" target=\"_blank\">Nextedia<\/a> : Cybers\u00e9curit\u00e9, Cloud, Digital Workspace, Exp\u00e9rience Client, <a href=\"https:\/\/www.nokia.com\" target=\"_blank\" rel=\"noreferrer noopener\">Nokia<\/a> : \u00c9quipements de t\u00e9l\u00e9communications, <a href=\"https:\/\/novacyt.com\/fr\/\" target=\"_blank\" rel=\"noreferrer noopener\">Novacyt<\/a> : \u00c9quipements m\u00e9dicaux.<\/p>\n\n\n\n<h5 class=\"wp-block-heading\">O<\/h5>\n\n\n\n<p><a href=\"https:\/\/www.octopusbiosafety.com\" target=\"_blank\" rel=\"noreferrer noopener\">Octopus Biosafety<\/a> : Robotique, <a href=\"https:\/\/www.orange.com\" target=\"_blank\" rel=\"noreferrer noopener\">Orange<\/a> : Services t\u00e9l\u00e9coms, <a href=\"https:\/\/www.ovhcloud.com\" target=\"_blank\" rel=\"noreferrer noopener\">OVHcloud<\/a> : Fournisseur de services cloud.<\/p>\n\n\n\n<h5 class=\"wp-block-heading\">P<\/h5>\n\n\n\n<p><a href=\"https:\/\/www.pasqal.com\/fr\/\" target=\"_blank\" rel=\"noreferrer noopener\">Pasqal<\/a> : Informatique quantique, <a href=\"https:\/\/www.photosol.fr\" target=\"_blank\" rel=\"noreferrer noopener\">Photosol<\/a> : Producteur d\u2019\u00e9nergie photovolta\u00efque, <a href=\"https:\/\/www.plasticomnium.com\" target=\"_blank\" rel=\"noreferrer noopener\">Plastic Omnium<\/a> : \u00c9quipements automobile, <a href=\"https:\/\/www.prodways-group.com\/\" target=\"_blank\" rel=\"noreferrer noopener\">Prodways Group<\/a> : Impression 3D industrielle et professionnelle.<\/p>\n\n\n\n<h5 class=\"wp-block-heading\">Q<\/h5>\n\n\n\n<p><a href=\"https:\/\/www.quandela.com\/\" target=\"_blank\" rel=\"noreferrer noopener\">Quandela<\/a> : Informatique quantique, <a href=\"https:\/\/quobly.io\/\" target=\"_blank\" rel=\"noreferrer noopener\">Quobly<\/a> : Informatique quantique.<\/p>\n\n\n\n<h5 class=\"wp-block-heading\">R<\/h5>\n\n\n\n<p><a href=\"https:\/\/www.renaultgroup.com\" target=\"_blank\" rel=\"noreferrer noopener\">Renault<\/a> : Automobile, <a href=\"https:\/\/www.riber.com\" target=\"_blank\" rel=\"noreferrer noopener\">Riber<\/a> : Machines pour l\u2019industrie des semi-conducteurs.<\/p>\n\n\n\n<h5 class=\"wp-block-heading\">S<\/h5>\n\n\n\n<p><a href=\"https:\/\/www.safran-group.com\" target=\"_blank\" rel=\"noreferrer noopener\">Safran<\/a> : A\u00e9ronautique \/ D\u00e9fense, <a href=\"https:\/\/www.saint-gobain.com\" target=\"_blank\" rel=\"noreferrer noopener\">Saint-Gobain<\/a> : BTP \/ Mat\u00e9riaux, <a href=\"https:\/\/www.sanofi.com\" target=\"_blank\" rel=\"noreferrer noopener\">Sanofi<\/a> : Pharmaceutique, <a href=\"https:\/\/www.sartorius.com\" target=\"_blank\" rel=\"noreferrer noopener\">Sartorius<\/a> : Fournisseur d\u2019\u00e9quipements pour l\u2019industrie biopharmaceutique, <a href=\"https:\/\/www.se.com\" target=\"_blank\" rel=\"noreferrer noopener\">Schneider Electric<\/a> : Gestion de l\u2019\u00e9nergie et des automatismes, <a href=\"https:\/\/www.groupe-seche.com\" target=\"_blank\" rel=\"noreferrer noopener\">S\u00e9ch\u00e9 Environnement<\/a> : Traitement et valorisation des d\u00e9chets, <a href=\"https:\/\/www.ses.com\" target=\"_blank\" rel=\"noreferrer noopener\">SES<\/a> : Op\u00e9rateur de satellites, <a href=\"https:\/\/www.societegenerale.com\" rel=\"noreferrer noopener\" target=\"_blank\">Soci\u00e9t\u00e9 g\u00e9n\u00e9rale<\/a> : Banque, <a href=\"https:\/\/www.soitec.com\" target=\"_blank\" rel=\"noreferrer noopener\">Soitec<\/a> : Mat\u00e9riaux semi-conducteurs, <a href=\"https:\/\/www.solvay.fr\" target=\"_blank\" rel=\"noreferrer noopener\">Solvay<\/a> : Chimie, <a href=\"https:\/\/www.soprasteria.com\" target=\"_blank\" rel=\"noreferrer noopener\">Sopra Steria<\/a> : Services informatiques, <a href=\"https:\/\/www.stellantis.com\" target=\"_blank\" rel=\"noreferrer noopener\">Stellantis<\/a> : Automobile, <a href=\"https:\/\/www.st.com\" target=\"_blank\" rel=\"noreferrer noopener\">STMicroelectronics<\/a> : Semi-conducteurs, <a href=\"https:\/\/www.suez.com\" target=\"_blank\" rel=\"noreferrer noopener\">Suez<\/a> : Eau et d\u00e9chets.<\/p>\n\n\n\n<h5 class=\"wp-block-heading\">T<\/h5>\n\n\n\n<p><a href=\"https:\/\/www.thalesgroup.com\" rel=\"noreferrer noopener\" target=\"_blank\">Thales<\/a> : A\u00e9ronautique \/ D\u00e9fense \/ S\u00e9curit\u00e9 num\u00e9rique, <a href=\"https:\/\/www.totalenergies.com\" rel=\"noreferrer noopener\" target=\"_blank\">TotalEnergies<\/a> : P\u00e9trole et gaz \/ \u00c9nergies renouvelables.<\/p>\n\n\n\n<h5 class=\"wp-block-heading\">U<\/h5>\n\n\n\n<p><a href=\"https:\/\/www.ubisoft.com\" rel=\"noreferrer noopener\" target=\"_blank\">Ubisoft<\/a> : Jeu vid\u00e9o, <a href=\"https:\/\/www.uvgermi.fr\" rel=\"noreferrer noopener\" target=\"_blank\">UV Germi<\/a> : Technologie des ultraviolets.<\/p>\n\n\n\n<h5 class=\"wp-block-heading\">V<\/h5>\n\n\n\n<p><a href=\"https:\/\/www.valeo.com\" rel=\"noreferrer noopener\" target=\"_blank\">Valeo<\/a> : \u00c9quipements automobile, <a href=\"https:\/\/www.veolia.com\" rel=\"noreferrer noopener\" target=\"_blank\">Veolia<\/a> : Eau, d\u00e9chets, \u00e9nergie, <a href=\"https:\/\/www.vinci.com\" rel=\"noreferrer noopener\" target=\"_blank\">Vinci<\/a> : BTP, <a href=\"https:\/\/virbac.com\" rel=\"noreferrer noopener\" target=\"_blank\">Virbac<\/a> : M\u00e9dicaments v\u00e9t\u00e9rinaires, <a href=\"https:\/\/www.voltalia.com\" rel=\"noreferrer noopener\" target=\"_blank\">Voltalia<\/a> : \u00c9lectricit\u00e9 alternative.<\/p>\n\n\n\n<h5 class=\"wp-block-heading\">W<\/h5>\n\n\n\n<p><a href=\"https:\/\/worldline.com\" rel=\"noreferrer noopener\" target=\"_blank\">Worldline<\/a> : Paiements \u00e9lectroniques.<\/p>\n\n\n\n<h5 class=\"wp-block-heading\">X<\/h5>\n\n\n\n<p><a href=\"https:\/\/www.xfab.com\" rel=\"noreferrer noopener\" target=\"_blank\">X-FAB Silicon<\/a> : Fabricant de circuits int\u00e9gr\u00e9s.<\/p>\n\n\n\n<h5 class=\"wp-block-heading\">Y<\/h5>\n\n\n\n<h5 class=\"wp-block-heading\">Z<\/h5>\n","protected":false},"excerpt":{"rendered":"<p>A Actia Group : \u00c9lectronique pour les v\u00e9hicules et les t\u00e9l\u00e9communications, Airbus : A\u00e9ronautique \/ D\u00e9fense, Air Liquide : Gaz industriels et m\u00e9dicaux, Akka Technologies : Prestations de conseil et d\u2019ing\u00e9nierie en hautes technologies, Albioma : \u00c9nergie renouvelable : biomasse, solaire, g\u00e9othermie, Alice &amp; Bob : Informatique quantique, Alstom : Transport ferroviaire, Alten : Ing\u00e9nierie &hellip; <a href=\"https:\/\/entropie.org\/objectifsciences\/?page_id=37\" class=\"more-link\">Continuer la lecture<span class=\"screen-reader-text\"> de &laquo;&nbsp;Entreprises&nbsp;&raquo;<\/span><\/a><\/p>\n","protected":false},"author":2,"featured_media":0,"parent":0,"menu_order":0,"comment_status":"closed","ping_status":"closed","template":"","meta":{"footnotes":""},"class_list":["post-37","page","type-page","status-publish","hentry"],"_links":{"self":[{"href":"https:\/\/entropie.org\/objectifsciences\/index.php?rest_route=\/wp\/v2\/pages\/37","targetHints":{"allow":["GET"]}}],"collection":[{"href":"https:\/\/entropie.org\/objectifsciences\/index.php?rest_route=\/wp\/v2\/pages"}],"about":[{"href":"https:\/\/entropie.org\/objectifsciences\/index.php?rest_route=\/wp\/v2\/types\/page"}],"author":[{"embeddable":true,"href":"https:\/\/entropie.org\/objectifsciences\/index.php?rest_route=\/wp\/v2\/users\/2"}],"replies":[{"embeddable":true,"href":"https:\/\/entropie.org\/objectifsciences\/index.php?rest_route=%2Fwp%2Fv2%2Fcomments&post=37"}],"version-history":[{"count":18,"href":"https:\/\/entropie.org\/objectifsciences\/index.php?rest_route=\/wp\/v2\/pages\/37\/revisions"}],"predecessor-version":[{"id":693,"href":"https:\/\/entropie.org\/objectifsciences\/index.php?rest_route=\/wp\/v2\/pages\/37\/revisions\/693"}],"wp:attachment":[{"href":"https:\/\/entropie.org\/objectifsciences\/index.php?rest_route=%2Fwp%2Fv2%2Fmedia&parent=37"}],"curies":[{"name":"wp","href":"https:\/\/api.w.org\/{rel}","templated":true}]}}