{"id":39,"date":"2023-06-27T22:39:48","date_gmt":"2023-06-27T20:39:48","guid":{"rendered":"https:\/\/entropie.org\/objectifsciences\/?page_id=39"},"modified":"2025-10-10T14:13:39","modified_gmt":"2025-10-10T12:13:39","slug":"science-amusante","status":"publish","type":"page","link":"https:\/\/entropie.org\/objectifsciences\/?page_id=39","title":{"rendered":"Science amusante"},"content":{"rendered":"\n<h5 class=\"wp-block-heading\"><strong>Concours, Jeux math\u00e9matiques<\/strong><\/h5>\n\n\n\n<p><a href=\"https:\/\/www.algorea.org\" rel=\"noreferrer noopener\" target=\"_blank\">Algor\u00e9a<\/a> : Concours de programmation, <a href=\"https:\/\/castor-informatique.fr\" target=\"_blank\" rel=\"noreferrer noopener\">Castor Informatique<\/a> : Le concours informatique pour tous, <a href=\"https:\/\/www.cgenial.org\" target=\"_blank\" rel=\"noreferrer noopener\">C.G\u00e9nial<\/a> : Concours scientifique national pour les coll\u00e9giens et les lyc\u00e9ens, <a href=\"https:\/\/www.ffjm.org\" target=\"_blank\" rel=\"noreferrer noopener\">Championnat des jeux Math\u00e9matiques et Logiques<\/a>, <a href=\"https:\/\/www.cijm.org\" rel=\"noreferrer noopener\" target=\"_blank\">CIJM<\/a> : Comit\u00e9 International des Jeux Math\u00e9matiques, <a href=\"https:\/\/concours-alkindi.fr\" rel=\"noreferrer noopener\" target=\"_blank\">Concours Alkindi<\/a> : Cryptographie, <a href=\"https:\/\/www.e-sudoku.fr\" rel=\"noreferrer noopener\" target=\"_blank\">E-sudoku.fr<\/a> : Grilles de sudoku, <a href=\"https:\/\/www.egmo.org\" rel=\"noreferrer noopener\" target=\"_blank\">European Girls\u2019 Mathematical Olympiad<\/a>, <a href=\"https:\/\/www.garam.fr\" rel=\"noreferrer noopener\" target=\"_blank\">Garam<\/a> : Jeu de logique math\u00e9matique \u00e0 base d\u2019op\u00e9rations simples, <a href=\"http:\/\/www.mathkang.org\" target=\"_blank\" rel=\"noreferrer noopener\">Kangourou des math\u00e9matiques<\/a> : Jeu-concours, <a href=\"https:\/\/www.olymphys.fr\" target=\"_blank\" rel=\"noreferrer noopener\">Olympiades de Physique France<\/a>, <a href=\"https:\/\/www.imo-official.org\" rel=\"noreferrer noopener\" target=\"_blank\">Olympiade Internationale de Math\u00e9matiques<\/a>, <a href=\"https:\/\/www.olympiades-chimie.fr\" target=\"_blank\" rel=\"noreferrer noopener\">Olympiades Nationales de la Chimie<\/a>, <a href=\"https:\/\/eduscol.education.fr\/3433\/olympiades-nationales-de-mathematiques\" rel=\"noreferrer noopener\" target=\"_blank\">Olympiades Nationales de Math\u00e9matiques<\/a>, <a href=\"https:\/\/maths-olympiques.fr\" rel=\"noreferrer noopener\" target=\"_blank\">POFM<\/a> : Pr\u00e9paration Olympique Fran\u00e7aise de Math\u00e9matiques.<\/p>\n\n\n\n<h5 class=\"wp-block-heading\"><strong>Exp\u00e9riences, Vulgarisation<\/strong><\/h5>\n\n\n\n<p><a href=\"https:\/\/www.youtube.com\/user\/experimentboyTV\" target=\"_blank\" rel=\"noreferrer noopener\">Experimentboy<\/a> : Cha\u00eene YouTube de Baptiste Mortier-Dumont, <a href=\"https:\/\/www.youtube.com\/user\/vik95170\" target=\"_blank\" rel=\"noreferrer noopener\">Incroyables Exp\u00e9riences<\/a> : Cha\u00eene YouTube d\u2019Armand et Victor, <a href=\"https:\/\/www.youtube.com\/c\/Mercilaphysique\" target=\"_blank\" rel=\"noreferrer noopener\">Merci la physique<\/a> : Cha\u00eene YouTube de Jean-Michel Courty (Sorbonne Universit\u00e9), <a href=\"https:\/\/phymain.unisciel.fr\" target=\"_blank\" rel=\"noreferrer noopener\">Physique \u00e0 main lev\u00e9e<\/a> : Plus de 300 exp\u00e9riences, <a href=\"https:\/\/scienceamusante.net\" target=\"_blank\" rel=\"noreferrer noopener\">Science amusante<\/a> : R\u00e9pertoire d\u2019exp\u00e9riences de physique et de chimie, <a href=\"https:\/\/sciencetonnante.wordpress.com\" target=\"_blank\" rel=\"noreferrer noopener\">Science \u00e9tonnante<\/a> : Blog de David Louapre, <a href=\"https:\/\/www.sebastiencarassou.com\/\" target=\"_blank\" rel=\"noreferrer noopener\">S\u00e9bastien Carassou<\/a> : Vulgarisateur scientifique ind\u00e9pendant, <a href=\"https:\/\/www.youtube.com\/channel\/UCK2qTIRbiBg7fsZbt1lj6RA\" target=\"_blank\" rel=\"noreferrer noopener\">Unisciel<\/a> : Donner de la dimension aux sciences, <a href=\"https:\/\/www.wikidebrouillard.org\" target=\"_blank\" rel=\"noreferrer noopener\">WikiD\u00e9brouillard<\/a> : L\u2019encyclop\u00e9die curieuse et pratique, <a href=\"https:\/\/www.youtube.com\/channel\/UCAxljKT0ujiJZhGC8Ood7mw\/\" target=\"_blank\" rel=\"noreferrer noopener\">Zeste de Science<\/a> : Cha\u00eene de vulgarisation YouTube du CNRS.<\/p>\n","protected":false},"excerpt":{"rendered":"<p>Concours, Jeux math\u00e9matiques Algor\u00e9a : Concours de programmation, Castor Informatique : Le concours informatique pour tous, C.G\u00e9nial : Concours scientifique national pour les coll\u00e9giens et les lyc\u00e9ens, Championnat des jeux Math\u00e9matiques et Logiques, CIJM : Comit\u00e9 International des Jeux Math\u00e9matiques, Concours Alkindi : Cryptographie, E-sudoku.fr : Grilles de sudoku, European Girls\u2019 Mathematical Olympiad, Garam : &hellip; <a href=\"https:\/\/entropie.org\/objectifsciences\/?page_id=39\" class=\"more-link\">Continuer la lecture<span class=\"screen-reader-text\"> de &laquo;&nbsp;Science amusante&nbsp;&raquo;<\/span><\/a><\/p>\n","protected":false},"author":2,"featured_media":0,"parent":0,"menu_order":0,"comment_status":"closed","ping_status":"closed","template":"","meta":{"footnotes":""},"class_list":["post-39","page","type-page","status-publish","hentry"],"_links":{"self":[{"href":"https:\/\/entropie.org\/objectifsciences\/index.php?rest_route=\/wp\/v2\/pages\/39","targetHints":{"allow":["GET"]}}],"collection":[{"href":"https:\/\/entropie.org\/objectifsciences\/index.php?rest_route=\/wp\/v2\/pages"}],"about":[{"href":"https:\/\/entropie.org\/objectifsciences\/index.php?rest_route=\/wp\/v2\/types\/page"}],"author":[{"embeddable":true,"href":"https:\/\/entropie.org\/objectifsciences\/index.php?rest_route=\/wp\/v2\/users\/2"}],"replies":[{"embeddable":true,"href":"https:\/\/entropie.org\/objectifsciences\/index.php?rest_route=%2Fwp%2Fv2%2Fcomments&post=39"}],"version-history":[{"count":3,"href":"https:\/\/entropie.org\/objectifsciences\/index.php?rest_route=\/wp\/v2\/pages\/39\/revisions"}],"predecessor-version":[{"id":681,"href":"https:\/\/entropie.org\/objectifsciences\/index.php?rest_route=\/wp\/v2\/pages\/39\/revisions\/681"}],"wp:attachment":[{"href":"https:\/\/entropie.org\/objectifsciences\/index.php?rest_route=%2Fwp%2Fv2%2Fmedia&parent=39"}],"curies":[{"name":"wp","href":"https:\/\/api.w.org\/{rel}","templated":true}]}}