{"id":405,"date":"2024-09-13T23:40:35","date_gmt":"2024-09-13T21:40:35","guid":{"rendered":"https:\/\/entropie.org\/objectifsciences\/?page_id=405"},"modified":"2025-10-10T14:02:12","modified_gmt":"2025-10-10T12:02:12","slug":"astronomie","status":"publish","type":"page","link":"https:\/\/entropie.org\/objectifsciences\/?page_id=405","title":{"rendered":"Astronomie"},"content":{"rendered":"\n<h5 class=\"wp-block-heading\">Cha\u00eenes YouTube<\/h5>\n\n\n\n<p><a href=\"https:\/\/www.youtube.com\/@astroculus6573\" target=\"_blank\" rel=\"noreferrer noopener\">Astroculus<\/a>, <a href=\"https:\/\/www.youtube.com\/@astrofleet3253\" target=\"_blank\" rel=\"noreferrer noopener\">Astrofleet<\/a>, <a href=\"https:\/\/www.youtube.com\/@AstronomiePratique\" target=\"_blank\" rel=\"noreferrer noopener\"><strong>Astronomie Pratique<\/strong><\/a>, <a href=\"https:\/\/www.youtube.com\/channel\/UCdlVj1AAV7y_KxBIwhjChug\" target=\"_blank\" rel=\"noreferrer noopener\">Astro-Spectro<\/a>, <a href=\"https:\/\/www.youtube.com\/user\/SelonSandra\" target=\"_blank\" rel=\"noreferrer noopener\">Enastros Astronomie<\/a>, <a href=\"https:\/\/www.youtube.com\/channel\/UCKeWVAMmWxJXu4IkBL2eDiw\" target=\"_blank\" rel=\"noreferrer noopener\">Explore Astro<\/a>, <strong><a href=\"https:\/\/www.youtube.com\/channel\/UC5g8Al9qudpppMqJcV26XGQ\" target=\"_blank\" rel=\"noreferrer noopener\">La Cha\u00eene Astro<\/a><\/strong>, <a href=\"https:\/\/www.youtube.com\/@photonmillenium\" target=\"_blank\" rel=\"noreferrer noopener\">Photon Millenium<\/a>, <a href=\"https:\/\/www.youtube.com\/@SMGAstro\" target=\"_blank\" rel=\"noreferrer noopener\">S.M.G Astro<\/a>, <a href=\"https:\/\/www.youtube.com\/channel\/UC0hBwhCzauxWlRzQ3iD99HQ\" target=\"_blank\" rel=\"noreferrer noopener\">Younivers<\/a>.<\/p>\n\n\n\n<h5 class=\"wp-block-heading\">Clubs d&rsquo;astronomie<\/h5>\n\n\n\n<p><a href=\"https:\/\/www.dinan-astronomie.fr\" target=\"_blank\" rel=\"noreferrer noopener\">Astronomie du Pays de Dinan<\/a>, <a href=\"http:\/\/astroenbaiedarmor.astrosurf.com\/\" target=\"_blank\" rel=\"noreferrer noopener\">Astronomie en Baie d&rsquo;Armor<\/a> : Saint-Brieuc, <a href=\"http:\/\/www.astrosurf.com\/astro-tregor\/\" target=\"_blank\" rel=\"noreferrer noopener\">Club d&rsquo;Astronomie du Tr\u00e9gor<\/a> : Pleumeur-Bodou, <a href=\"https:\/\/kosmos22.blog4ever.com\/\" target=\"_blank\" rel=\"noreferrer noopener\">Kosmos 22<\/a> : Pl\u00e9sidy, <a href=\"https:\/\/www.observatoirebriellec.fr\/\" target=\"_blank\" rel=\"noreferrer noopener\">Observatoire Briellec<\/a> : Tr\u00e9z\u00e9ny, <a href=\"https:\/\/astrorennes.fr\/\" target=\"_blank\" rel=\"noreferrer noopener\">Soci\u00e9t\u00e9 d&rsquo;Astronomie de Rennes<\/a>.<\/p>\n\n\n\n<h5 class=\"wp-block-heading\">Forums<\/h5>\n\n\n\n<p><a href=\"http:\/\/www.astrosurf.com\/\" target=\"_blank\" rel=\"noreferrer noopener\">Astrosurf<\/a>, <a href=\"https:\/\/www.webastro.net\/\" target=\"_blank\" rel=\"noreferrer noopener\">Webastro<\/a>.<\/p>\n\n\n\n<h5 class=\"wp-block-heading\">Sites personnels<\/h5>\n\n\n\n<p><a href=\"https:\/\/astronomes.com\/\" target=\"_blank\" rel=\"noreferrer noopener\">Astronomie et Astrophysique<\/a><\/p>\n\n\n\n<h5 class=\"wp-block-heading\">\u00c9v\u00e9nements<\/h5>\n\n\n\n<p><a href=\"https:\/\/www.youtube.com\/watch?v=XHYWMzplXNE\" target=\"_blank\" rel=\"noreferrer noopener\">Comprendre les cycles du Soleil<\/a> + <a href=\"https:\/\/www.youtube.com\/watch?v=V0gQXu7TCdo\" target=\"_blank\" rel=\"noreferrer noopener\">Le Soleil et nous<\/a> : Conf\u00e9rences de Fr\u00e9d\u00e9ric Clette, <a href=\"https:\/\/www.soleilactivites.fr\/\" target=\"_blank\" rel=\"noreferrer noopener\">Rencontres des Observateurs Solaires<\/a>.<\/p>\n\n\n\n<h5 class=\"wp-block-heading\">Vid\u00e9os<\/h5>\n\n\n\n<figure class=\"wp-block-embed is-type-video is-provider-youtube wp-block-embed-youtube wp-embed-aspect-16-9 wp-has-aspect-ratio\"><div class=\"wp-block-embed__wrapper\">\n<iframe loading=\"lazy\" title=\"TUTO - Comment r\u00e9gler votre viseur polaire?\" width=\"840\" height=\"473\" src=\"https:\/\/www.youtube.com\/embed\/KKpLX4BjTjo?feature=oembed\" frameborder=\"0\" allow=\"accelerometer; autoplay; clipboard-write; encrypted-media; gyroscope; picture-in-picture; web-share\" referrerpolicy=\"strict-origin-when-cross-origin\" allowfullscreen><\/iframe>\n<\/div><figcaption class=\"wp-element-caption\">Comment r\u00e9gler votre viseur polaire ?<\/figcaption><\/figure>\n\n\n\n<figure class=\"wp-block-embed is-type-video is-provider-youtube wp-block-embed-youtube wp-embed-aspect-16-9 wp-has-aspect-ratio\"><div class=\"wp-block-embed__wrapper\">\n<iframe loading=\"lazy\" title=\"Comment faire la MISE EN STATION d&#039;une monture \u00e9quatoriale - tuto complet\" width=\"840\" height=\"473\" src=\"https:\/\/www.youtube.com\/embed\/xe-epX2qGE0?feature=oembed\" frameborder=\"0\" allow=\"accelerometer; autoplay; clipboard-write; encrypted-media; gyroscope; picture-in-picture; web-share\" referrerpolicy=\"strict-origin-when-cross-origin\" allowfullscreen><\/iframe>\n<\/div><figcaption class=\"wp-element-caption\">Comment faire la mise en station d&rsquo;une monture \u00e9quatoriale ?<\/figcaption><\/figure>\n","protected":false},"excerpt":{"rendered":"<p>Cha\u00eenes YouTube Astroculus, Astrofleet, Astronomie Pratique, Astro-Spectro, Enastros Astronomie, Explore Astro, La Cha\u00eene Astro, Photon Millenium, S.M.G Astro, Younivers. Clubs d&rsquo;astronomie Astronomie du Pays de Dinan, Astronomie en Baie d&rsquo;Armor : Saint-Brieuc, Club d&rsquo;Astronomie du Tr\u00e9gor : Pleumeur-Bodou, Kosmos 22 : Pl\u00e9sidy, Observatoire Briellec : Tr\u00e9z\u00e9ny, Soci\u00e9t\u00e9 d&rsquo;Astronomie de Rennes. Forums Astrosurf, Webastro. Sites personnels &hellip; <a href=\"https:\/\/entropie.org\/objectifsciences\/?page_id=405\" class=\"more-link\">Continuer la lecture<span class=\"screen-reader-text\"> de &laquo;&nbsp;Astronomie&nbsp;&raquo;<\/span><\/a><\/p>\n","protected":false},"author":1,"featured_media":0,"parent":0,"menu_order":0,"comment_status":"closed","ping_status":"closed","template":"","meta":{"footnotes":""},"class_list":["post-405","page","type-page","status-publish","hentry"],"_links":{"self":[{"href":"https:\/\/entropie.org\/objectifsciences\/index.php?rest_route=\/wp\/v2\/pages\/405","targetHints":{"allow":["GET"]}}],"collection":[{"href":"https:\/\/entropie.org\/objectifsciences\/index.php?rest_route=\/wp\/v2\/pages"}],"about":[{"href":"https:\/\/entropie.org\/objectifsciences\/index.php?rest_route=\/wp\/v2\/types\/page"}],"author":[{"embeddable":true,"href":"https:\/\/entropie.org\/objectifsciences\/index.php?rest_route=\/wp\/v2\/users\/1"}],"replies":[{"embeddable":true,"href":"https:\/\/entropie.org\/objectifsciences\/index.php?rest_route=%2Fwp%2Fv2%2Fcomments&post=405"}],"version-history":[{"count":46,"href":"https:\/\/entropie.org\/objectifsciences\/index.php?rest_route=\/wp\/v2\/pages\/405\/revisions"}],"predecessor-version":[{"id":679,"href":"https:\/\/entropie.org\/objectifsciences\/index.php?rest_route=\/wp\/v2\/pages\/405\/revisions\/679"}],"wp:attachment":[{"href":"https:\/\/entropie.org\/objectifsciences\/index.php?rest_route=%2Fwp%2Fv2%2Fmedia&parent=405"}],"curies":[{"name":"wp","href":"https:\/\/api.w.org\/{rel}","templated":true}]}}